{"id":21625,"date":"2025-05-12T15:09:11","date_gmt":"2025-05-12T18:09:11","guid":{"rendered":"https:\/\/packdesites.com\/?page_id=21625"},"modified":"2025-05-12T16:50:51","modified_gmt":"2025-05-12T19:50:51","slug":"solicitud-de-archivo","status":"publish","type":"page","link":"https:\/\/packdesites.com\/es\/solicitud-de-archivo\/","title":{"rendered":"Solicitud de archivo"},"content":{"rendered":"<h3 class=\"wp-block-heading\">\u00bfNecesita una plantilla espec\u00edfica?<\/h3>\n\n\n\n<p><strong>Solic\u00edtelo directamente con nosotros.<\/strong><\/p>\n\n\n\n<p>En los planes que admiten solicitudes, puedes solicitar archivos que no est\u00e1n en tu panel, como temas premium, complementos avanzados o plantillas de Envato Elements. Simplemente h\u00e1ganos saber lo que desea y, si cumple con los t\u00e9rminos de uso, lo agregaremos por usted.<\/p>\n\n\n\n<h3 class=\"wp-block-heading\">\ud83d\udce6\u00bfQu\u00e9 se puede solicitar?<\/h3>\n\n\n\n<ul class=\"wp-block-list\">\n<li><strong>Plantillas de Envato Elements<\/strong><\/li>\n\n\n\n<li><strong>Temas premium de WordPress que son pr\u00e1cticos<\/strong><\/li>\n\n\n\n<li><strong>Plugins premium distribuidos bajo licencia GPL<\/strong><\/li>\n\n\n\n<li><strong>Archivos de WordPress<\/strong><\/li>\n<\/ul>\n\n\n\n<blockquote class=\"wp-block-quote is-layout-flow wp-block-quote-is-layout-flow\">\n<p>Recuerde: solo proporcionamos archivos que son <strong>dentro de las pautas de la licencia GPL<\/strong> o que sean posibles de distribuci\u00f3n legal.<\/p>\n\n\n\n<p>Tambi\u00e9n probamos los archivos antes de incluirlos en la plataforma. Si el tema\/plantilla\/archivo solicitado no es f\u00e1cil de usar, ya no lo actualiza el desarrollador o es de baja calidad, el archivo no se incluir\u00e1, ya que valoramos la calidad de los archivos en nuestra plataforma.<\/p>\n<\/blockquote>\n\n\n\n<h3 class=\"wp-block-heading\">\u2705 Lo que necesitas hacer:<\/h3>\n\n\n\n<ol class=\"wp-block-list\">\n<li>Encuentra la plantilla, el plugin o el tema que quieras<\/li>\n\n\n\n<li>Copiar el nombre del archivo o el enlace (URL)<\/li>\n\n\n\n<li>Accede a la p\u00e1gina de solicitud dentro de tu cuenta<\/li>\n\n\n\n<li>Pegue la informaci\u00f3n en el formulario<\/li>\n\n\n\n<li>Esperar el an\u00e1lisis y la publicaci\u00f3n (normalmente dentro de las 72 horas h\u00e1biles)<\/li>\n<\/ol>\n\n\n\n<h3 class=\"wp-block-heading\">\u2139\ufe0f Acerca de las plantillas de Envato<\/h3>\n\n\n\n<p>Puedes elegir cualquier plantilla de Envato Elements (no requiere cuenta). Solo env\u00eda el <strong>enlace de archivo<\/strong> y nuestro equipo lo convertir\u00e1 y lo pondr\u00e1 a su disposici\u00f3n.<\/p>\n\n\n\n<h3 class=\"wp-block-heading\">\u2757 Importante:<\/h3>\n\n\n\n<ul class=\"wp-block-list\">\n<li>La solicitud <strong>no garantiza<\/strong> la liberaci\u00f3n del expediente.<\/li>\n\n\n\n<li>Si el archivo no es compatible con la estructura GPL, nos pondremos en contacto con usted.<\/li>\n\n\n\n<li>No proporcionamos archivos codificados, nulos o que infrinjan los derechos de autor.<\/li>\n<\/ul>\n\n\n\n<h3 class=\"wp-block-heading\">\ud83d\udccc\u00bfQu\u00e9 planes est\u00e1n disponibles para esta solicitud?<\/h3>\n\n\n\n<figure class=\"wp-block-table\"><table class=\"has-fixed-layout\"><thead><tr><th>Departamento<\/th><th>Solicitudes incluidas<\/th><\/tr><\/thead><tbody><tr><td>Motor de arranque<\/td><td>Ver la p\u00e1gina de Planes<\/td><\/tr><tr><td>Negocio<\/td><td>Ver la p\u00e1gina de Planes<\/td><\/tr><tr><td>Sitio web listo<\/td><td>Ver la p\u00e1gina de Planes<\/td><\/tr><\/tbody><\/table><\/figure>\n\n\n\n<h3 class=\"wp-block-heading\">\u00bfTienes alguna pregunta?<\/h3>\n\n\n\n<p>Puede abrir un ticket en el \u00e1rea de clientes antes de realizar la solicitud, si no est\u00e1 seguro de si el archivo est\u00e1 dentro de las pautas permitidas.<\/p>\n\n\n\n<h3 class=\"wp-block-heading\">\u26a0\ufe0f\u00bfNo puedes solicitar archivos?<\/h3>\n\n\n\n<p>Esto puede suceder por dos razones:<\/p>\n\n\n\n<ul class=\"wp-block-list\">\n<li>Has alcanzado tu l\u00edmite de solicitudes mensuales.<\/li>\n\n\n\n<li>Su plan actual no permite solicitudes activas<\/li>\n<\/ul>\n\n\n\n<p>Enlace para realizar la solicitud (s\u00f3lo accesible si tienes un plan recurrente activo): <a href=\"https:\/\/packdesites.com\/es\/mi-cuenta\/archivo-de-solicitud\/\">Solicitar archivo aqu\u00ed<\/a><\/p>\n\n\n\n<p><\/p>","protected":false},"excerpt":{"rendered":"<p>Precisa de um template espec\u00edfico? Solicite diretamente pra gente. Nos planos compat\u00edveis com solicita\u00e7\u00f5es, voc\u00ea pode pedir arquivos que n\u00e3o est\u00e3o no painel, como temas premium, plugins avan\u00e7ados ou templates da Envato Elements. Basta informar o que deseja \u2014 e se estiver dentro das condi\u00e7\u00f5es de uso, adicionamos para voc\u00ea. \ud83d\udce6 O que pode ser [&hellip;]<\/p>","protected":false},"author":1,"featured_media":0,"parent":0,"menu_order":0,"comment_status":"closed","ping_status":"closed","template":"","meta":{"_jf_limit_responses":"","iawp_total_views":191,"footnotes":""},"class_list":["post-21625","page","type-page","status-publish","hentry"],"_links":{"self":[{"href":"https:\/\/packdesites.com\/es\/wp-json\/wp\/v2\/pages\/21625","targetHints":{"allow":["GET"]}}],"collection":[{"href":"https:\/\/packdesites.com\/es\/wp-json\/wp\/v2\/pages"}],"about":[{"href":"https:\/\/packdesites.com\/es\/wp-json\/wp\/v2\/types\/page"}],"author":[{"embeddable":true,"href":"https:\/\/packdesites.com\/es\/wp-json\/wp\/v2\/users\/1"}],"replies":[{"embeddable":true,"href":"https:\/\/packdesites.com\/es\/wp-json\/wp\/v2\/comments?post=21625"}],"version-history":[{"count":3,"href":"https:\/\/packdesites.com\/es\/wp-json\/wp\/v2\/pages\/21625\/revisions"}],"predecessor-version":[{"id":21654,"href":"https:\/\/packdesites.com\/es\/wp-json\/wp\/v2\/pages\/21625\/revisions\/21654"}],"wp:attachment":[{"href":"https:\/\/packdesites.com\/es\/wp-json\/wp\/v2\/media?parent=21625"}],"curies":[{"name":"wp","href":"https:\/\/api.w.org\/{rel}","templated":true}]}}