{"id":16,"date":"2025-04-11T00:25:33","date_gmt":"2025-04-11T03:25:33","guid":{"rendered":"https:\/\/packdesites.com\/?page_id=16"},"modified":"2025-04-11T00:25:38","modified_gmt":"2025-04-11T03:25:38","slug":"reembolsos_devoluciones","status":"publish","type":"page","link":"https:\/\/packdesites.com\/es\/reembolsos_devoluciones\/","title":{"rendered":"Pol\u00edtica de reembolso"},"content":{"rendered":"<p>Dada la naturaleza del contenido digital que se puede descargar instant\u00e1neamente despu\u00e9s de realizar una compra; No hay \u201cper\u00edodo de prueba\u201d ni \u201cper\u00edodo de gracia\u201d despu\u00e9s de comprar una suscripci\u00f3n o cualquier producto, lo que significa que todas las ventas son finales. Una vez que descargues un art\u00edculo, no hay forma de \u201cdevolverlo\u201d. Como tal, no se podr\u00e1n otorgar reembolsos a menos que hayamos realizado cambios a estos t\u00e9rminos que lo afecten materialmente en su detrimento.<\/p>\n\n\n\n<p>Las solicitudes de reembolso no se aceptar\u00e1n de ninguna manera si ya se ha descargado alg\u00fan producto.<\/p>\n\n\n\n<h4 class=\"wp-block-heading\">Solicitudes de reembolso<\/h4>\n\n\n\n<p>Evaluaremos las solicitudes de reembolso seg\u00fan sus m\u00e9ritos, pero generalmente no existe obligaci\u00f3n de proporcionar un reembolso si:<\/p>\n\n\n\n<ul class=\"wp-block-list\">\n<li><strong>Cambiaste de opini\u00f3n;<\/strong><\/li>\n\n\n\n<li><strong>Compraste por error;<\/strong><\/li>\n\n\n\n<li><strong>Pides buena voluntad;<\/strong><\/li>\n\n\n\n<li><strong>No tienes la capacidad t\u00e9cnica para hacer que el art\u00edculo funcione;<\/strong><\/li>\n\n\n\n<li><strong>Ya no puedes descargar el art\u00edculo porque ha sido eliminado de nuestro sitio web;<\/strong><\/li>\n\n\n\n<li><strong>Usted compr\u00f3 una licencia individual para un software\/complemento\/tema y ya lo hemos instalado en su cuenta;<\/strong><\/li>\n\n\n\n<li><strong>Est\u00e1s violando nuestra pol\u00edtica de Juego Limpio (ver a continuaci\u00f3n).<\/strong><\/li>\n<\/ul>\n\n\n\n<h4 class=\"wp-block-heading\">Excepciones y consideraciones adicionales<\/h4>\n\n\n\n<p>En circunstancias excepcionales, podemos considerar un reembolso parcial o total si:<\/p>\n\n\n\n<ul class=\"wp-block-list\">\n<li><strong>El art\u00edculo comprado est\u00e1 da\u00f1ado o corrupto:<\/strong>\u00a0Si demuestra que el producto no puede utilizarse seg\u00fan lo descrito debido a problemas t\u00e9cnicos intr\u00ednsecos al propio expediente.<\/li>\n\n\n\n<li><strong>Error de procesamiento:<\/strong>\u00a0Si existe un error t\u00e9cnico en el procesamiento del pago o en el suministro del producto que impida el acceso al art\u00edculo adquirido.<\/li>\n\n\n\n<li><strong>Descripci\u00f3n enga\u00f1osa:<\/strong>\u00a0Si el producto no coincide con la descripci\u00f3n proporcionada en nuestra plataforma.<\/li>\n<\/ul>\n\n\n\n<h4 class=\"wp-block-heading\">Procedimiento para solicitar un reembolso<\/h4>\n\n\n\n<p>Para solicitar un reembolso, siga los pasos a continuaci\u00f3n:<\/p>\n\n\n\n<ol class=\"wp-block-list\">\n<li><strong>Cont\u00e1ctanos<\/strong>\u00a0por correo electr\u00f3nico (support@packdesites.com) dentro de los 7 d\u00edas posteriores a la compra con su solicitud detallada y los motivos de la solicitud de reembolso.<\/li>\n\n\n\n<li><strong>Proporcionar evidencia adecuada<\/strong>, si es necesario, para respaldar su reclamo (por ejemplo, capturas de pantalla, mensajes de error, etc.).<\/li>\n\n\n\n<li><strong>Espere nuestro an\u00e1lisis:<\/strong>\u00a0Revisaremos su solicitud y nos comunicaremos con usted dentro de 5 d\u00edas h\u00e1biles para informarle nuestra decisi\u00f3n.<\/li>\n<\/ol>\n\n\n\n<h4 class=\"wp-block-heading\">Pol\u00edtica de juego limpio<\/h4>\n\n\n\n<p>Nuestra pol\u00edtica de juego limpio tiene como objetivo garantizar que todos los usuarios tengan una experiencia justa y positiva en nuestra plataforma. Como parte de esta pol\u00edtica:<\/p>\n\n\n\n<ul class=\"wp-block-list\">\n<li><strong>Uso no autorizado:<\/strong>\u00a0Est\u00e1 prohibido redistribuir, revender o compartir nuestros productos con terceros.<\/li>\n\n\n\n<li><strong>Descargas excesivas:<\/strong>\u00a0Monitoreamos y limitamos la cantidad de descargas permitidas para cada usuario para evitar el abuso de nuestra plataforma.<\/li>\n<\/ul>\n\n\n\n<p>La violaci\u00f3n de esta pol\u00edtica resultar\u00e1 en la suspensi\u00f3n inmediata de su cuenta y la p\u00e9rdida de acceso a los productos comprados, sin reembolso.<\/p>\n\n\n\n<h4 class=\"wp-block-heading\">Limitaciones de responsabilidad<\/h4>\n\n\n\n<p>Adem\u00e1s, le informamos que nuestra plataforma no es una empresa fabricante y no es responsable del rendimiento de los productos descargados, de si cumplen con sus expectativas o de si los productos funcionan de manera eficiente. Si esto no es aceptable para usted, por favor no compre ning\u00fan servicio o producto de nosotros.<\/p>\n\n\n\n<h4 class=\"wp-block-heading\">Plazos de reembolso<\/h4>\n\n\n\n<p>El plazo de reembolso depender\u00e1 del m\u00e9todo de pago utilizado.<\/p>\n\n\n\n<ul class=\"wp-block-list\">\n<li><strong>Pagos con tarjeta de cr\u00e9dito:<\/strong>\u00a0El per\u00edodo de reembolso suele ser de hasta 48 horas, pero puede demorar hasta 3 extractos de tarjeta de cr\u00e9dito. Consulta los plazos con el operador de tu tarjeta.<\/li>\n\n\n\n<li><strong>Pagos a trav\u00e9s de Pix:<\/strong>\u00a0El reembolso por nuestra parte tarda hasta 7 d\u00edas h\u00e1biles.<\/li>\n<\/ul>","protected":false},"excerpt":{"rendered":"<p>Dada a natureza do conte\u00fado digital que pode ser baixado instantaneamente ap\u00f3s uma compra ter sido feita; N\u00e3o h\u00e1 \u201cTeste\u201d ou \u201cPer\u00edodo de car\u00eancia\u201d ap\u00f3s a compra de uma assinatura ou qualquer produto, o que significa que todas as vendas s\u00e3o finais. Depois de baixar um item, n\u00e3o h\u00e1 como \u201cdevolv\u00ea-lo\u201d. Como tal, os reembolsos [&hellip;]<\/p>","protected":false},"author":1,"featured_media":0,"parent":0,"menu_order":0,"comment_status":"closed","ping_status":"closed","template":"","meta":{"_jf_limit_responses":"","iawp_total_views":15,"footnotes":""},"class_list":["post-16","page","type-page","status-publish","hentry"],"_links":{"self":[{"href":"https:\/\/packdesites.com\/es\/wp-json\/wp\/v2\/pages\/16","targetHints":{"allow":["GET"]}}],"collection":[{"href":"https:\/\/packdesites.com\/es\/wp-json\/wp\/v2\/pages"}],"about":[{"href":"https:\/\/packdesites.com\/es\/wp-json\/wp\/v2\/types\/page"}],"author":[{"embeddable":true,"href":"https:\/\/packdesites.com\/es\/wp-json\/wp\/v2\/users\/1"}],"replies":[{"embeddable":true,"href":"https:\/\/packdesites.com\/es\/wp-json\/wp\/v2\/comments?post=16"}],"version-history":[{"count":0,"href":"https:\/\/packdesites.com\/es\/wp-json\/wp\/v2\/pages\/16\/revisions"}],"wp:attachment":[{"href":"https:\/\/packdesites.com\/es\/wp-json\/wp\/v2\/media?parent=16"}],"curies":[{"name":"wp","href":"https:\/\/api.w.org\/{rel}","templated":true}]}}