{"id":12011,"date":"2025-04-16T23:32:59","date_gmt":"2025-04-17T02:32:59","guid":{"rendered":"https:\/\/packdesites.com\/?page_id=12011"},"modified":"2025-08-27T19:32:11","modified_gmt":"2025-08-27T22:32:11","slug":"apoyo","status":"publish","type":"page","link":"https:\/\/packdesites.com\/es\/apoyo\/","title":{"rendered":"Apoyo"},"content":{"rendered":"<p>Acceder al men\u00fa <strong>Apoyo<\/strong> en la p\u00e1gina de su cuenta o <a href=\"https:\/\/packdesites.com\/es\/mi-cuenta\/tickets-de-soporte\/\"><strong>haga clic aqu\u00ed<\/strong><\/a>.<\/p>\n\n\n\n<p><strong>Generalmente respondemos dentro de 2 horas (durante horario comercial, d\u00edas festivos y otros momentos puede tomar m\u00e1s tiempo).&nbsp;<\/strong>Para que podamos ser precisos en nuestra ayuda, adjunte capturas de pantalla y detalles de su mensaje para que podamos responder con la soluci\u00f3n\/respuesta definitiva.<\/p>\n\n\n\n<p>Qu\u00e9 cubre nuestro soporte: Soluci\u00f3n de problemas con descargas, vistas previas y preguntas y errores comunes al crear un sitio web.<\/p>\n\n\n\n<p>Tambi\u00e9n puedes chatear con nuestro agente de IA en el chat flotante en la esquina inferior derecha de la pantalla. Estamos disponibles 24\/7.<\/p>","protected":false},"excerpt":{"rendered":"<p>Acesse o menu de Suporte na p\u00e1gina da sua conta ou clique aqui. Geralmente respondemos em at\u00e9 2 horas (em hor\u00e1rio \u00fatil, em feriados e outros hor\u00e1rios podemos levar mais tempo).&nbsp;Para que sejamos precisos na ajuda, pe\u00e7o que anexe prints e detalhes da sua mensagem para que j\u00e1 respondamos com a solu\u00e7\u00e3o\/resposta definitiva. O que [&hellip;]<\/p>","protected":false},"author":1,"featured_media":0,"parent":0,"menu_order":0,"comment_status":"closed","ping_status":"closed","template":"","meta":{"_jf_limit_responses":"","iawp_total_views":1429,"footnotes":""},"class_list":["post-12011","page","type-page","status-publish","hentry"],"_links":{"self":[{"href":"https:\/\/packdesites.com\/es\/wp-json\/wp\/v2\/pages\/12011","targetHints":{"allow":["GET"]}}],"collection":[{"href":"https:\/\/packdesites.com\/es\/wp-json\/wp\/v2\/pages"}],"about":[{"href":"https:\/\/packdesites.com\/es\/wp-json\/wp\/v2\/types\/page"}],"author":[{"embeddable":true,"href":"https:\/\/packdesites.com\/es\/wp-json\/wp\/v2\/users\/1"}],"replies":[{"embeddable":true,"href":"https:\/\/packdesites.com\/es\/wp-json\/wp\/v2\/comments?post=12011"}],"version-history":[{"count":1,"href":"https:\/\/packdesites.com\/es\/wp-json\/wp\/v2\/pages\/12011\/revisions"}],"predecessor-version":[{"id":23495,"href":"https:\/\/packdesites.com\/es\/wp-json\/wp\/v2\/pages\/12011\/revisions\/23495"}],"wp:attachment":[{"href":"https:\/\/packdesites.com\/es\/wp-json\/wp\/v2\/media?parent=12011"}],"curies":[{"name":"wp","href":"https:\/\/api.w.org\/{rel}","templated":true}]}}