{"id":12009,"date":"2025-04-16T23:30:43","date_gmt":"2025-04-17T02:30:43","guid":{"rendered":"https:\/\/packdesites.com\/?page_id=12009"},"modified":"2025-04-16T23:30:49","modified_gmt":"2025-04-17T02:30:49","slug":"que-son-los-creditos-entiende","status":"publish","type":"page","link":"https:\/\/packdesites.com\/es\/que-son-los-creditos-entiende\/","title":{"rendered":"\u00bfQu\u00e9 son los cr\u00e9ditos? Entender"},"content":{"rendered":"<p>Nuestra plataforma de descarga siempre ha tenido como objetivo proporcionar un acceso f\u00e1cil y r\u00e1pido a una amplia gama de recursos digitales para nuestros usuarios. Sin embargo, hemos introducido un nuevo sistema de cr\u00e9ditos de descarga para garantizar la sostenibilidad de nuestro servicio y la calidad de la experiencia para todos nuestros miembros. Expliquemos qu\u00e9 son estos cr\u00e9ditos y las razones detr\u00e1s de este cambio.<\/p>\n\n\n\n<h4 class=\"wp-block-heading\">\u00bfQu\u00e9 son los cr\u00e9ditos de descarga?<\/h4>\n\n\n\n<p>Los cr\u00e9ditos de descarga son una nueva forma de gestionar el acceso a los recursos de nuestra plataforma. Cada usuario recibe 15 cr\u00e9ditos por d\u00eda, y cada cr\u00e9dito corresponde a una descarga. Esto significa que puedes descargar hasta 15 archivos por d\u00eda. Estos cr\u00e9ditos se renuevan autom\u00e1ticamente cada 24 horas y no son acumulables, es decir, si no utilizas todos los cr\u00e9ditos en un d\u00eda, no se transferir\u00e1n al d\u00eda siguiente.<\/p>\n\n\n\n<p>Para nuestros usuarios con planes de por vida, se mantiene el beneficio de 15 cr\u00e9ditos diarios, permitiendo el acceso continuo y diario al contenido de la plataforma.<\/p>\n\n\n\n<h4 class=\"wp-block-heading\">Razones para implementar cr\u00e9ditos de descarga<\/h4>\n\n\n\n<ol class=\"wp-block-list\">\n<li><strong>Garantizar el buen uso de la plataforma:<\/strong> El sistema de cr\u00e9ditos ayuda a garantizar que todos los usuarios tengan una experiencia justa y equitativa. Sin l\u00edmites, algunos usuarios podr\u00edan monopolizar los recursos, dificultando el acceso a otros.<\/li>\n\n\n\n<li><strong>Combatiendo sanguijuelas y reptadores:<\/strong> Los leechers son usuarios que descargan grandes cantidades de contenido sin contribuir a la comunidad, y los crawlers son programas automatizados que recopilan datos en masa. Ambos pueden sobrecargar los servidores, provocar ralentizaciones y comprometer la integridad de la plataforma. Con los cr\u00e9ditos podemos controlar y minimizar este tipo de actividades.<\/li>\n\n\n\n<li><strong>Evite reventas no autorizadas:<\/strong> Al limitar las descargas diarias, tambi\u00e9n dificultamos que las personas intenten revender contenido descargado de nuestra plataforma de manera no autorizada. Esto protege nuestros derechos de autor y los intereses de los creadores de contenido que conf\u00edan en nuestro servicio.<\/li>\n\n\n\n<li><strong>Mejorar el rendimiento y la estabilidad del sistema:<\/strong> Administrar las descargas en un volumen controlado permite que nuestros servidores funcionen de manera m\u00e1s eficiente. Esto da como resultado un mejor rendimiento y estabilidad del sistema, proporcionando una experiencia de usuario m\u00e1s r\u00e1pida y confiable.<\/li>\n\n\n\n<li><strong>Sostenibilidad a largo plazo:<\/strong> Implementar un sistema de cr\u00e9ditos es una medida que apunta a la sostenibilidad a largo plazo de nuestro servicio. Al utilizar los recursos de manera m\u00e1s equitativa, podemos garantizar que la plataforma contin\u00fae ofreciendo contenido de calidad a todos los usuarios en el futuro.<\/li>\n<\/ol>\n\n\n\n<h4 class=\"wp-block-heading\">Conclusi\u00f3n<\/h4>\n\n\n\n<p>La implementaci\u00f3n de cr\u00e9ditos de descarga fue una decisi\u00f3n cuidadosamente considerada para equilibrar el uso de la plataforma y garantizar una experiencia justa y agradable para todos nuestros usuarios. Entendemos que el cambio puede ser un desaf\u00edo, pero creemos que esta medida contribuir\u00e1 significativamente a la salud y la longevidad de nuestra comunidad. Agradecemos su comprensi\u00f3n y continuo apoyo mientras trabajamos para mejorar constantemente nuestros servicios.<\/p>\n\n\n\n<p>Si tiene alguna pregunta o necesita ayuda, nuestro equipo de soporte est\u00e1 siempre listo para ayudarle. Seguimos comprometidos a brindar el mejor servicio posible y esperamos que aproveche al m\u00e1ximo las funciones disponibles para usted todos los d\u00edas.<\/p>\n\n\n\n<h4 class=\"wp-block-heading\">Resumen<\/h4>\n\n\n\n<ul class=\"wp-block-list\">\n<li>1 nueva descarga de archivo = 1 cr\u00e9dito<\/li>\n\n\n\n<li>1 descarga de un archivo ya descargado anteriormente = 0 cr\u00e9ditos (no consume cr\u00e9ditos)<\/li>\n\n\n\n<li>Si tienes 15 cr\u00e9ditos diarios, eso son 105 descargas por semana y 450 descargas por mes (30 d\u00edas)<\/li>\n<\/ul>","protected":false},"excerpt":{"rendered":"<p>A nossa plataforma de downloads sempre teve como objetivo fornecer acesso f\u00e1cil e r\u00e1pido a uma vasta gama de recursos digitais para nossos usu\u00e1rios. No entanto, introduzimos um novo sistema de cr\u00e9ditos de download para garantir a sustentabilidade do nosso servi\u00e7o e a qualidade da experi\u00eancia para todos os nossos membros. Vamos explicar o que [&hellip;]<\/p>","protected":false},"author":1,"featured_media":0,"parent":0,"menu_order":0,"comment_status":"closed","ping_status":"closed","template":"","meta":{"_jf_limit_responses":"","iawp_total_views":41,"footnotes":""},"class_list":["post-12009","page","type-page","status-publish","hentry"],"_links":{"self":[{"href":"https:\/\/packdesites.com\/es\/wp-json\/wp\/v2\/pages\/12009","targetHints":{"allow":["GET"]}}],"collection":[{"href":"https:\/\/packdesites.com\/es\/wp-json\/wp\/v2\/pages"}],"about":[{"href":"https:\/\/packdesites.com\/es\/wp-json\/wp\/v2\/types\/page"}],"author":[{"embeddable":true,"href":"https:\/\/packdesites.com\/es\/wp-json\/wp\/v2\/users\/1"}],"replies":[{"embeddable":true,"href":"https:\/\/packdesites.com\/es\/wp-json\/wp\/v2\/comments?post=12009"}],"version-history":[{"count":0,"href":"https:\/\/packdesites.com\/es\/wp-json\/wp\/v2\/pages\/12009\/revisions"}],"wp:attachment":[{"href":"https:\/\/packdesites.com\/es\/wp-json\/wp\/v2\/media?parent=12009"}],"curies":[{"name":"wp","href":"https:\/\/api.w.org\/{rel}","templated":true}]}}