{"id":996,"date":"2022-08-04T03:00:00","date_gmt":"2022-08-04T03:00:00","guid":{"rendered":"https:\/\/packdesites.com\/produto\/bem-estar-site-de-saude-e-medicina\/"},"modified":"2025-04-03T00:37:59","modified_gmt":"2025-04-03T00:37:59","slug":"well-being-health-and-medicine-website","status":"publish","type":"product","link":"https:\/\/packdesites.com\/en\/product\/well-being-health-and-medicine-website\/","title":{"rendered":"Wellness \u2013 Health and medicine website"},"content":{"rendered":"<p>Wellness Template Kit contains a collection of over 25 visual layouts that are compatible with your Elementor page builder. The kit features a blue and white color scheme with fresh, light photos. Each of these pre-made templates is fully customizable in the editor. You can change the photos and font to make it your own. This light-colored template is suitable for any health, wellness, yoga, meditation, mental health, or beauty website.<\/p>\n\n\n\n<ul class=\"wp-block-list\">\n<li>Home page design<\/li>\n<li>Header design<\/li>\n<li>Hero Project<\/li>\n<li>Style&#039; Theme compatible<\/li>\n<li>About the page<\/li>\n<li>Contact page<\/li>\n<li>Call to action boxes<\/li>\n<li>Designs for text layout<\/li>\n<li>Google Fonts were used<\/li>\n<li>Furthermore, much more<\/li>\n<\/ul>","protected":false},"excerpt":{"rendered":"<p>Wellness Template Kit cont\u00e9m uma cole\u00e7\u00e3o de mais de 25 layouts visuais que s\u00e3o compat\u00edveis com o seu construtor de p\u00e1gina Elementor. O Kit apresenta um esquema de cores azul e branco com fotos claras frescas. Cada um desses modelos pr\u00e9-fabricados s\u00e3o totalmente personaliz\u00e1veis no editor. Voc\u00ea altera as fotos e a fonte para torn\u00e1-lo [&hellip;]<\/p>","protected":false},"featured_media":997,"comment_status":"closed","ping_status":"open","template":"","meta":{"_jf_limit_responses":"","iawp_total_views":4},"product_brand":[],"product_cat":[29,23,24],"product_tag":[19],"class_list":{"0":"post-996","1":"product","2":"type-product","3":"status-publish","4":"has-post-thumbnail","6":"product_cat-saude-e-bem-estar","7":"product_cat-templates-elementor-e-envato","8":"product_cat-templates-envato","9":"product_tag-vitalicio","11":"first","12":"instock","13":"downloadable","14":"virtual","15":"purchasable","16":"product-type-simple"},"_links":{"self":[{"href":"https:\/\/packdesites.com\/en\/wp-json\/wp\/v2\/product\/996","targetHints":{"allow":["GET"]}}],"collection":[{"href":"https:\/\/packdesites.com\/en\/wp-json\/wp\/v2\/product"}],"about":[{"href":"https:\/\/packdesites.com\/en\/wp-json\/wp\/v2\/types\/product"}],"replies":[{"embeddable":true,"href":"https:\/\/packdesites.com\/en\/wp-json\/wp\/v2\/comments?post=996"}],"version-history":[{"count":0,"href":"https:\/\/packdesites.com\/en\/wp-json\/wp\/v2\/product\/996\/revisions"}],"wp:featuredmedia":[{"embeddable":true,"href":"https:\/\/packdesites.com\/en\/wp-json\/wp\/v2\/media\/997"}],"wp:attachment":[{"href":"https:\/\/packdesites.com\/en\/wp-json\/wp\/v2\/media?parent=996"}],"wp:term":[{"taxonomy":"product_brand","embeddable":true,"href":"https:\/\/packdesites.com\/en\/wp-json\/wp\/v2\/product_brand?post=996"},{"taxonomy":"product_cat","embeddable":true,"href":"https:\/\/packdesites.com\/en\/wp-json\/wp\/v2\/product_cat?post=996"},{"taxonomy":"product_tag","embeddable":true,"href":"https:\/\/packdesites.com\/en\/wp-json\/wp\/v2\/product_tag?post=996"}],"curies":[{"name":"wp","href":"https:\/\/api.w.org\/{rel}","templated":true}]}}