{"id":984,"date":"2022-07-30T03:00:00","date_gmt":"2022-07-30T03:00:00","guid":{"rendered":"https:\/\/packdesites.com\/produto\/bookchimp-site-de-compras-e-comercio-eletronico\/"},"modified":"2025-04-03T00:37:34","modified_gmt":"2025-04-03T00:37:34","slug":"bookchimp-shopping-and-e-commerce-website","status":"publish","type":"product","link":"https:\/\/packdesites.com\/en\/product\/bookchimp-shopping-and-e-commerce-website\/","title":{"rendered":"BookChimp \u2013 Book and Ebook Store"},"content":{"rendered":"<p>BookChimp is an elementor website template kit designed and developed specifically to help you create an online bookstore with ease of mind using Elementor and WooCommerce. If you are a book author, you can also use this template to help you sell your books online.<\/p>\n\n\n\n<p>When you purchase BookChimp, you\u2019ll receive 23 pre-designed page and section templates. The BookChimp Elementor template kit is optimized for use with the free Hello Elementor theme, but can be used with most themes that support Elementor.<\/p>\n\n\n\n<p>All pages and sections of the BookChimp Elementor template kit are professionally designed. We love all the designs in the BookChimp online bookstore template as much as I\u2019m sure you all do too.<\/p>\n\n\n\n<p>## Model List<\/p>\n\n\n\n<ol class=\"wp-block-list\"><li>Global Kit Styles<\/li><li>Global Header<\/li><li>Global Footer<\/li><li>Home page<\/li><li>Who we are<\/li><li>Pricing<\/li><li>Team<\/li><li>Track order<\/li><li>Services<\/li><li>FREQUENTLY ASKED QUESTIONS<\/li><li>Testimonials<\/li><li>Blog<\/li><li>Archive post<\/li><li>Single Post<\/li><li>Contact<\/li><li>Store<\/li><li>Product archive<\/li><li>Unique product<\/li><li>Cart Page<\/li><li>Checkout Page<\/li><li>Shortly<\/li><li>404 Page<\/li><li>Popup banner<\/li><\/ol>","protected":false},"excerpt":{"rendered":"<p>BookChimp \u00e9 um kit de modelo de site elementor projetado e desenvolvido especificamente para ajud\u00e1-lo a criar uma livraria online com facilidade de mente usando Elementor e WooCommerce. Se voc\u00ea \u00e9 um autor de livros, voc\u00ea tamb\u00e9m pode usar este modelo para ajud\u00e1-lo a vender seus livros online. Ao comprar BookChimp, voc\u00ea receber\u00e1 23 modelos [&hellip;]<\/p>","protected":false},"featured_media":985,"comment_status":"closed","ping_status":"open","template":"","meta":{"_jf_limit_responses":"","iawp_total_views":45},"product_brand":[],"product_cat":[26,23,24],"product_tag":[19],"class_list":{"0":"post-984","1":"product","2":"type-product","3":"status-publish","4":"has-post-thumbnail","6":"product_cat-lojas-virtuais","7":"product_cat-templates-elementor-e-envato","8":"product_cat-templates-envato","9":"product_tag-vitalicio","11":"first","12":"instock","13":"downloadable","14":"virtual","15":"purchasable","16":"product-type-simple"},"_links":{"self":[{"href":"https:\/\/packdesites.com\/en\/wp-json\/wp\/v2\/product\/984","targetHints":{"allow":["GET"]}}],"collection":[{"href":"https:\/\/packdesites.com\/en\/wp-json\/wp\/v2\/product"}],"about":[{"href":"https:\/\/packdesites.com\/en\/wp-json\/wp\/v2\/types\/product"}],"replies":[{"embeddable":true,"href":"https:\/\/packdesites.com\/en\/wp-json\/wp\/v2\/comments?post=984"}],"version-history":[{"count":0,"href":"https:\/\/packdesites.com\/en\/wp-json\/wp\/v2\/product\/984\/revisions"}],"wp:featuredmedia":[{"embeddable":true,"href":"https:\/\/packdesites.com\/en\/wp-json\/wp\/v2\/media\/985"}],"wp:attachment":[{"href":"https:\/\/packdesites.com\/en\/wp-json\/wp\/v2\/media?parent=984"}],"wp:term":[{"taxonomy":"product_brand","embeddable":true,"href":"https:\/\/packdesites.com\/en\/wp-json\/wp\/v2\/product_brand?post=984"},{"taxonomy":"product_cat","embeddable":true,"href":"https:\/\/packdesites.com\/en\/wp-json\/wp\/v2\/product_cat?post=984"},{"taxonomy":"product_tag","embeddable":true,"href":"https:\/\/packdesites.com\/en\/wp-json\/wp\/v2\/product_tag?post=984"}],"curies":[{"name":"wp","href":"https:\/\/api.w.org\/{rel}","templated":true}]}}