{"id":962,"date":"2022-07-28T03:00:00","date_gmt":"2022-07-28T03:00:00","guid":{"rendered":"https:\/\/packdesites.com\/produto\/prettybox-site-de-moda-e-beleza\/"},"modified":"2025-04-03T00:37:11","modified_gmt":"2025-04-03T00:37:11","slug":"prettybox-fashion-and-beauty-website","status":"publish","type":"product","link":"https:\/\/packdesites.com\/en\/product\/prettybox-fashion-and-beauty-website\/","title":{"rendered":"Prettybox \u2013 Fashion and beauty website"},"content":{"rendered":"<p>Prettybox is an Elementor template kit to help you promote your beauty or cosmetic products. Prettybox comes with 27 pre-designed page &amp; section templates. With the Prettybox template kit, your beauty products website will be ready in no time.<\/p>\n\n\n\n<p>Prettybox template kit also supports WooCommerce, so you can easily sell products on your website without any further hassle.<\/p>\n\n\n\n<p>All pages and sections of the Prettybox Elementor template kit are professionally designed. Start creating an online presence for your products now!<\/p>\n\n\n\n<p>You will need to use Elementor Pro to import some of the KRAFTY pages and sections.<\/p>\n\n\n\n<p>## Model List<\/p>\n\n\n\n<ol class=\"wp-block-list\"><li>Global styles<\/li><li>Homepage<\/li><li>Global Header<\/li><li>Global Footer<\/li><li>WooCommerce: Single Product<\/li><li>WooCommerce: Store Archive<\/li><li>Single Post<\/li><li>Blog Archive<\/li><li>About us<\/li><li>FAQ<\/li><li>Contact Us<\/li><li>Our Services<\/li><li>Our team<\/li><li>Page 404<\/li><li>Shortly<\/li><li>Testimonials<\/li><li>Section: Home Hero Banner<\/li><li>Section: Hero Banner<\/li><li>Section: About the new product<\/li><li>Section: Features<\/li><li>Section: Video<\/li><li>Section: Testimonials<\/li><li>Section: About two columns<\/li><li>Section: Team<\/li><li>Section: News<\/li><li>Section: Gallery<\/li><li>Section: Promo<\/li><li>Section: Subscribe New<\/li><\/ol>","protected":false},"excerpt":{"rendered":"<p>Prettybox \u00e9 um template kit Elementor para ajud\u00e1-lo a promover sua beleza ou produtos cosm\u00e9ticos. Prettybox vem com 27 p\u00e1gina pr\u00e9-definida &amp; modelos de se\u00e7\u00e3o. Com o template kit Prettybox, seu site de produtos de beleza estar\u00e1 pronto em nenhum momento. template kit Prettybox tamb\u00e9m suporta WooCommerce, para que voc\u00ea possa vender produtos facilmente em [&hellip;]<\/p>","protected":false},"featured_media":963,"comment_status":"closed","ping_status":"open","template":"","meta":{"_jf_limit_responses":"","iawp_total_views":13},"product_brand":[],"product_cat":[26,27,23,24],"product_tag":[19],"class_list":{"0":"post-962","1":"product","2":"type-product","3":"status-publish","4":"has-post-thumbnail","6":"product_cat-lojas-virtuais","7":"product_cat-prestadores-de-servicos","8":"product_cat-templates-elementor-e-envato","9":"product_cat-templates-envato","10":"product_tag-vitalicio","12":"first","13":"instock","14":"downloadable","15":"virtual","16":"purchasable","17":"product-type-simple"},"_links":{"self":[{"href":"https:\/\/packdesites.com\/en\/wp-json\/wp\/v2\/product\/962","targetHints":{"allow":["GET"]}}],"collection":[{"href":"https:\/\/packdesites.com\/en\/wp-json\/wp\/v2\/product"}],"about":[{"href":"https:\/\/packdesites.com\/en\/wp-json\/wp\/v2\/types\/product"}],"replies":[{"embeddable":true,"href":"https:\/\/packdesites.com\/en\/wp-json\/wp\/v2\/comments?post=962"}],"version-history":[{"count":0,"href":"https:\/\/packdesites.com\/en\/wp-json\/wp\/v2\/product\/962\/revisions"}],"wp:featuredmedia":[{"embeddable":true,"href":"https:\/\/packdesites.com\/en\/wp-json\/wp\/v2\/media\/963"}],"wp:attachment":[{"href":"https:\/\/packdesites.com\/en\/wp-json\/wp\/v2\/media?parent=962"}],"wp:term":[{"taxonomy":"product_brand","embeddable":true,"href":"https:\/\/packdesites.com\/en\/wp-json\/wp\/v2\/product_brand?post=962"},{"taxonomy":"product_cat","embeddable":true,"href":"https:\/\/packdesites.com\/en\/wp-json\/wp\/v2\/product_cat?post=962"},{"taxonomy":"product_tag","embeddable":true,"href":"https:\/\/packdesites.com\/en\/wp-json\/wp\/v2\/product_tag?post=962"}],"curies":[{"name":"wp","href":"https:\/\/api.w.org\/{rel}","templated":true}]}}