{"id":930,"date":"2022-08-01T03:00:00","date_gmt":"2022-08-01T03:00:00","guid":{"rendered":"https:\/\/packdesites.com\/produto\/espirito-de-moda-site-de-moda-e-beleza\/"},"modified":"2025-04-03T00:36:39","modified_gmt":"2025-04-03T00:36:39","slug":"spirit-of-fashion-fashion-and-beauty-website","status":"publish","type":"product","link":"https:\/\/packdesites.com\/en\/product\/spirit-of-fashion-fashion-and-beauty-website\/","title":{"rendered":"Fashion Spirit \u2013 Fashion and Beauty Website"},"content":{"rendered":"<p>Moda Spirit Template Kits is for businesses and entrepreneurs looking for a beautiful feminine layout that supports WooCommerce online store. Ideal for boutiques, fashion shows, spas, beauty salons, yoga classes, organic food store or whatever you want! It features beautiful typography and a clean, modern layout.<\/p>\n\n\n\n<p><strong>Models<\/strong><\/p>\n\n\n\n<p>Home About Us Services History Team Blog Lookbook Shop FAQ Contact Header Section Footer Section<\/p>\n\n\n\n<p><strong>Features<\/strong><\/p>\n\n\n\n<ul class=\"wp-block-list\"><li>10 Pages + Header &amp; Footer included<\/li><li>Clean and modern design<\/li><li>Shop Page Included (WooCommerce Compatible)<\/li><li>Fully customizable<\/li><\/ul>","protected":false},"excerpt":{"rendered":"<p>Moda Spirit Template Kits \u00e9 para empresas e empres\u00e1rios que procuram um layout feminino bonito que suporta WooCommerce loja online. Ideal para boutiques, desfiles de moda, spas, sal\u00f5es de beleza, aulas de ioga, loja de alimentos org\u00e2nicos ou o que quiser! Possui tipografia bonita e um layout moderno e limpo. Modelos Casa Sobre n\u00f3s Servi\u00e7os [&hellip;]<\/p>","protected":false},"featured_media":931,"comment_status":"closed","ping_status":"open","template":"","meta":{"_jf_limit_responses":"","iawp_total_views":5},"product_brand":[],"product_cat":[26,23,24],"product_tag":[19],"class_list":{"0":"post-930","1":"product","2":"type-product","3":"status-publish","4":"has-post-thumbnail","6":"product_cat-lojas-virtuais","7":"product_cat-templates-elementor-e-envato","8":"product_cat-templates-envato","9":"product_tag-vitalicio","11":"first","12":"instock","13":"downloadable","14":"virtual","15":"purchasable","16":"product-type-simple"},"_links":{"self":[{"href":"https:\/\/packdesites.com\/en\/wp-json\/wp\/v2\/product\/930","targetHints":{"allow":["GET"]}}],"collection":[{"href":"https:\/\/packdesites.com\/en\/wp-json\/wp\/v2\/product"}],"about":[{"href":"https:\/\/packdesites.com\/en\/wp-json\/wp\/v2\/types\/product"}],"replies":[{"embeddable":true,"href":"https:\/\/packdesites.com\/en\/wp-json\/wp\/v2\/comments?post=930"}],"version-history":[{"count":0,"href":"https:\/\/packdesites.com\/en\/wp-json\/wp\/v2\/product\/930\/revisions"}],"wp:featuredmedia":[{"embeddable":true,"href":"https:\/\/packdesites.com\/en\/wp-json\/wp\/v2\/media\/931"}],"wp:attachment":[{"href":"https:\/\/packdesites.com\/en\/wp-json\/wp\/v2\/media?parent=930"}],"wp:term":[{"taxonomy":"product_brand","embeddable":true,"href":"https:\/\/packdesites.com\/en\/wp-json\/wp\/v2\/product_brand?post=930"},{"taxonomy":"product_cat","embeddable":true,"href":"https:\/\/packdesites.com\/en\/wp-json\/wp\/v2\/product_cat?post=930"},{"taxonomy":"product_tag","embeddable":true,"href":"https:\/\/packdesites.com\/en\/wp-json\/wp\/v2\/product_tag?post=930"}],"curies":[{"name":"wp","href":"https:\/\/api.w.org\/{rel}","templated":true}]}}