{"id":900,"date":"2022-07-27T03:00:00","date_gmt":"2022-07-27T03:00:00","guid":{"rendered":"https:\/\/packdesites.com\/produto\/trilha-site-de-esporteacademia-e-fitness\/"},"modified":"2025-04-03T00:36:05","modified_gmt":"2025-04-03T00:36:05","slug":"trail-sports-websitegym-and-fitness","status":"publish","type":"product","link":"https:\/\/packdesites.com\/en\/product\/trail-sports-websitegym-and-fitness\/","title":{"rendered":"Trilha \u2013 Sports, gym and fitness website"},"content":{"rendered":"<p>Trail is a modern and clean Elementor Template Kit built especially for Bicycle Shop, Bicycle Repair &amp; Maintenance, MTB &amp; Road Bike, Bike Rental &amp; Accessories, Skateboard &amp; Longboard, and any other type of sports equipment. This template has a beautiful and original design with a responsive 100% layout, retina-ready and very easy to customize because using Elementor so you don&#039;t need a single line of coding!<\/p>\n\n\n\n<p>This template kit includes 15+ carefully crafted templates, you can build your professional-looking business website in just a few clicks.<\/p>\n\n\n\n<p><strong>Features:<\/strong><\/p>\n\n\n\n<ul class=\"wp-block-list\"><li>Using Free Plugins (Elementor Pro is not required)<\/li><li>Modern and clean design<\/li><li>15+ Ready to use templates<\/li><li>Fully Responsive Layout<\/li><li>Retina Ready<\/li><li>Fully customizable<\/li><li>Cross browser compatibility: Chrome, Firefox, Safari, Opera<\/li><li>Global Theme Style \u2013 customize fonts in one place<\/li><\/ul>\n\n\n\n<p><strong>Models include:<\/strong><\/p>\n\n\n\n<ul class=\"wp-block-list\"><li>Home<\/li><li>On<\/li><li>Services<\/li><li>Team<\/li><li>Prices<\/li><li>FAQ<\/li><li>Page 404<\/li><li>Blog<\/li><li>Single Post<\/li><li>Contact<\/li><li>Header<\/li><li>Baseboard<\/li><li>Offcanvas<\/li><li>Contact Metform<\/li><\/ul>\n\n\n\n<p><strong>Required plugin:<\/strong><\/p>\n\n\n\n<ul class=\"wp-block-list\"><li>Elementor \u2013 Header, Footer and Blocks<\/li><li>Elementor Jeg Kit<\/li><li>MetForm<\/li><li>ElementsKit Lite<\/li><\/ul>","protected":false},"excerpt":{"rendered":"<p>Trail \u00e9 um Template Kit Elementor moderno e limpo constru\u00eddo especialmente para bicicleta Loja, Repara\u00e7\u00e3o e manuten\u00e7\u00e3o de bicicletas, MTB e bicicleta de estrada, aluguer de bicicletas e acess\u00f3rios, skate &amp; longboard, e qualquer outro tipo de equipamento desportivo. Este modelo tem um design bonito e original com um layout 100% responsivo, pronto para retina-e [&hellip;]<\/p>","protected":false},"featured_media":901,"comment_status":"closed","ping_status":"open","template":"","meta":{"_jf_limit_responses":"","iawp_total_views":37},"product_brand":[],"product_cat":[35,27,23,24],"product_tag":[19],"class_list":{"0":"post-900","1":"product","2":"type-product","3":"status-publish","4":"has-post-thumbnail","6":"product_cat-academia-e-fitness","7":"product_cat-prestadores-de-servicos","8":"product_cat-templates-elementor-e-envato","9":"product_cat-templates-envato","10":"product_tag-vitalicio","12":"first","13":"instock","14":"downloadable","15":"virtual","16":"purchasable","17":"product-type-simple"},"_links":{"self":[{"href":"https:\/\/packdesites.com\/en\/wp-json\/wp\/v2\/product\/900","targetHints":{"allow":["GET"]}}],"collection":[{"href":"https:\/\/packdesites.com\/en\/wp-json\/wp\/v2\/product"}],"about":[{"href":"https:\/\/packdesites.com\/en\/wp-json\/wp\/v2\/types\/product"}],"replies":[{"embeddable":true,"href":"https:\/\/packdesites.com\/en\/wp-json\/wp\/v2\/comments?post=900"}],"version-history":[{"count":0,"href":"https:\/\/packdesites.com\/en\/wp-json\/wp\/v2\/product\/900\/revisions"}],"wp:featuredmedia":[{"embeddable":true,"href":"https:\/\/packdesites.com\/en\/wp-json\/wp\/v2\/media\/901"}],"wp:attachment":[{"href":"https:\/\/packdesites.com\/en\/wp-json\/wp\/v2\/media?parent=900"}],"wp:term":[{"taxonomy":"product_brand","embeddable":true,"href":"https:\/\/packdesites.com\/en\/wp-json\/wp\/v2\/product_brand?post=900"},{"taxonomy":"product_cat","embeddable":true,"href":"https:\/\/packdesites.com\/en\/wp-json\/wp\/v2\/product_cat?post=900"},{"taxonomy":"product_tag","embeddable":true,"href":"https:\/\/packdesites.com\/en\/wp-json\/wp\/v2\/product_tag?post=900"}],"curies":[{"name":"wp","href":"https:\/\/api.w.org\/{rel}","templated":true}]}}