{"id":880,"date":"2022-07-26T03:00:00","date_gmt":"2022-07-26T03:00:00","guid":{"rendered":"https:\/\/packdesites.com\/produto\/ggwepe-site-de-esporteacademia-e-fitness\/"},"modified":"2025-04-03T00:35:44","modified_gmt":"2025-04-03T00:35:44","slug":"ggwepe-sports-websitegym-and-fitness","status":"publish","type":"product","link":"https:\/\/packdesites.com\/en\/product\/ggwepe-sports-websitegym-and-fitness\/","title":{"rendered":"GGWEPE \u2013 Sports, gym and fitness website"},"content":{"rendered":"<p>GGWEPE is an Esports &amp; Gaming Elementor Template Kit specially created for esports team, gamer, streamer, gaming, gaming tournament, online gaming, live streamers and gaming studio. You can also advertise your streams, display a list of your games with a beautiful and unique design with responsive, retina-ready and easy to customize 100% layout.<\/p>\n\n\n\n<p>This template kit includes stunning carefully crafted 14+ stunning templates, you can build your professional website just one click away.<\/p>\n\n\n\n<p><strong>Features:<\/strong><\/p>\n\n\n\n<ul class=\"wp-block-list\"><li>Using Free Plugins (Elementor Pro is not required)<\/li><li>Modern and clean design<\/li><li>14+ Global Theme Style Templates<\/li><li>Fully responsive layout<\/li><li>Retina Ready<\/li><li>Fully customizable<\/li><li>Cross browser compatibility: Chrome, Firefox, Safari, Opera<\/li><\/ul>\n\n\n\n<p><strong>Models include:<\/strong><\/p>\n\n\n\n<ul class=\"wp-block-list\"><li>Home page<\/li><li>About us<\/li><li>Player<\/li><li>Tournament<\/li><li>Partners<\/li><li>Flows<\/li><li>Gallery<\/li><li>News<\/li><li>Unique News<\/li><li>Contact<\/li><li>Page 404<\/li><li>Header<\/li><li>Baseboard<\/li><li>Global Thematic Style<\/li><\/ul>","protected":false},"excerpt":{"rendered":"<p>GGWEPE \u00e9 um Esports &amp; Gaming Elementor Template Kit criado especialmente para a equipe de esports, gamer, streamer, jogos, torneios de jogos, jogos online, transmiss\u00f5es ao vivo e est\u00fadio de jogos. Voc\u00ea tamb\u00e9m pode anunciar seus fluxos, exibir uma lista de seus jogos com um design bonito e exclusivo com layout 100% responsivo, pronto para [&hellip;]<\/p>","protected":false},"featured_media":881,"comment_status":"closed","ping_status":"open","template":"","meta":{"_jf_limit_responses":"","iawp_total_views":25},"product_brand":[],"product_cat":[35,23,24],"product_tag":[19],"class_list":{"0":"post-880","1":"product","2":"type-product","3":"status-publish","4":"has-post-thumbnail","6":"product_cat-academia-e-fitness","7":"product_cat-templates-elementor-e-envato","8":"product_cat-templates-envato","9":"product_tag-vitalicio","11":"first","12":"instock","13":"downloadable","14":"virtual","15":"purchasable","16":"product-type-simple"},"_links":{"self":[{"href":"https:\/\/packdesites.com\/en\/wp-json\/wp\/v2\/product\/880","targetHints":{"allow":["GET"]}}],"collection":[{"href":"https:\/\/packdesites.com\/en\/wp-json\/wp\/v2\/product"}],"about":[{"href":"https:\/\/packdesites.com\/en\/wp-json\/wp\/v2\/types\/product"}],"replies":[{"embeddable":true,"href":"https:\/\/packdesites.com\/en\/wp-json\/wp\/v2\/comments?post=880"}],"version-history":[{"count":0,"href":"https:\/\/packdesites.com\/en\/wp-json\/wp\/v2\/product\/880\/revisions"}],"wp:featuredmedia":[{"embeddable":true,"href":"https:\/\/packdesites.com\/en\/wp-json\/wp\/v2\/media\/881"}],"wp:attachment":[{"href":"https:\/\/packdesites.com\/en\/wp-json\/wp\/v2\/media?parent=880"}],"wp:term":[{"taxonomy":"product_brand","embeddable":true,"href":"https:\/\/packdesites.com\/en\/wp-json\/wp\/v2\/product_brand?post=880"},{"taxonomy":"product_cat","embeddable":true,"href":"https:\/\/packdesites.com\/en\/wp-json\/wp\/v2\/product_cat?post=880"},{"taxonomy":"product_tag","embeddable":true,"href":"https:\/\/packdesites.com\/en\/wp-json\/wp\/v2\/product_tag?post=880"}],"curies":[{"name":"wp","href":"https:\/\/api.w.org\/{rel}","templated":true}]}}