{"id":856,"date":"2022-07-26T03:00:00","date_gmt":"2022-07-26T03:00:00","guid":{"rendered":"https:\/\/packdesites.com\/produto\/wetravel-site-de-viagemturismo-e-hotel\/"},"modified":"2025-04-03T00:35:17","modified_gmt":"2025-04-03T00:35:17","slug":"wetravel-travel-websitetourism-and-hotel","status":"publish","type":"product","link":"https:\/\/packdesites.com\/en\/product\/wetravel-travel-websitetourism-and-hotel\/","title":{"rendered":"WeTravel \u2013 Travel, tourism and hotel website"},"content":{"rendered":"<p><strong>WeTravel is a modern and fun template kit for travel, hotel, resort and tourism industry websites.<\/strong><\/p>\n\n\n\n<p>The template kit is designed for the tourism industry, which encompasses a wide range of businesses involving travel booking service, tour organizers, holiday programs and travel clubs. The template kit is best suited for travel agencies, tour organizers, hotels and resort websites.<\/p>\n\n\n\n<p>The design style of this template kit is kept fun, modern, and bright for a welcoming feel. The template kit comes with over 30 section blocks and 7 full pages to get you started with your next travel website project.<\/p>\n\n\n\n<p><strong>What&#039;s included in the kit<\/strong><\/p>\n\n\n\n<ul class=\"wp-block-list\"><li>Over 30 Section Block Templates including<ul><li>Envelope<\/li><li>Call to Action<\/li><li>Prices<\/li><li>Contact<\/li><li>Frequently Asked Questions<\/li><li>Features<\/li><li>Header<\/li><li>Hero<\/li><li>How it works<\/li><li>Logo Grid<\/li><li>Testimonials<\/li><\/ul><\/li><li>7 Complete Pages demonstrating the use of these blocks, including<ul><li>Home<\/li><li>Envelope<\/li><li>Tours (2 pages)<\/li><li>Individual Tour<\/li><li>Contact (2 Pages)<\/li><\/ul><\/li><\/ul>\n\n\n\n<p><strong>Other details<\/strong><\/p>\n\n\n\n<ul class=\"wp-block-list\"><li>Bold and modern design, WordPress 5.3.2+ ready<\/li><li>Fully responsive design<\/li><li>Tested and compatible up to Elementor 2.9.x<\/li><li>All templates compatible with the free version of Elementor Page Builder<\/li><li>Requires \u201cModel Kit \u2013 Import\u201d plugin. (See help manual for details)<\/li><\/ul>","protected":false},"excerpt":{"rendered":"<p>WeTravel \u00e9 um kit de modelos modernos e divertidos para os sites de viagens, hot\u00e9is, resorts e ind\u00fastria do turismo. O kit modelo \u00e9 projetado para a ind\u00fastria do turismo, que engloba uma ampla gama de empresas que envolvem servi\u00e7o de reserva de viagens, organizadores de excurs\u00f5es, programas de f\u00e9rias e clubes de viagens. O [&hellip;]<\/p>","protected":false},"featured_media":857,"comment_status":"closed","ping_status":"open","template":"","meta":{"_jf_limit_responses":"","iawp_total_views":38},"product_brand":[],"product_cat":[23,24,38],"product_tag":[19],"class_list":{"0":"post-856","1":"product","2":"type-product","3":"status-publish","4":"has-post-thumbnail","6":"product_cat-templates-elementor-e-envato","7":"product_cat-templates-envato","8":"product_cat-turismo-e-viagens","9":"product_tag-vitalicio","11":"first","12":"instock","13":"downloadable","14":"virtual","15":"purchasable","16":"product-type-simple"},"_links":{"self":[{"href":"https:\/\/packdesites.com\/en\/wp-json\/wp\/v2\/product\/856","targetHints":{"allow":["GET"]}}],"collection":[{"href":"https:\/\/packdesites.com\/en\/wp-json\/wp\/v2\/product"}],"about":[{"href":"https:\/\/packdesites.com\/en\/wp-json\/wp\/v2\/types\/product"}],"replies":[{"embeddable":true,"href":"https:\/\/packdesites.com\/en\/wp-json\/wp\/v2\/comments?post=856"}],"version-history":[{"count":0,"href":"https:\/\/packdesites.com\/en\/wp-json\/wp\/v2\/product\/856\/revisions"}],"wp:featuredmedia":[{"embeddable":true,"href":"https:\/\/packdesites.com\/en\/wp-json\/wp\/v2\/media\/857"}],"wp:attachment":[{"href":"https:\/\/packdesites.com\/en\/wp-json\/wp\/v2\/media?parent=856"}],"wp:term":[{"taxonomy":"product_brand","embeddable":true,"href":"https:\/\/packdesites.com\/en\/wp-json\/wp\/v2\/product_brand?post=856"},{"taxonomy":"product_cat","embeddable":true,"href":"https:\/\/packdesites.com\/en\/wp-json\/wp\/v2\/product_cat?post=856"},{"taxonomy":"product_tag","embeddable":true,"href":"https:\/\/packdesites.com\/en\/wp-json\/wp\/v2\/product_tag?post=856"}],"curies":[{"name":"wp","href":"https:\/\/api.w.org\/{rel}","templated":true}]}}