{"id":852,"date":"2022-07-26T03:00:00","date_gmt":"2022-07-26T03:00:00","guid":{"rendered":"https:\/\/packdesites.com\/produto\/trawell-site-de-viagemturismo-e-hotel\/"},"modified":"2025-04-03T00:35:13","modified_gmt":"2025-04-03T00:35:13","slug":"trawell-travel-websitetourism-and-hotel","status":"publish","type":"product","link":"https:\/\/packdesites.com\/en\/product\/trawell-travel-websitetourism-and-hotel\/","title":{"rendered":"Trawell - Travel, tourism and hotel website"},"content":{"rendered":"<p>Inspired by one of the most popular travel blog themes, Trawell, we created&nbsp;<strong>A carefully designed Elementor template kit to help you create a professional travel blog in no time.<\/strong>&nbsp;You&#039;ve been putting off this adventure for too long \u2013 it&#039;s time to share your stories with the world!<\/p>\n\n\n\n<p><strong>Make your website stand out<\/strong><\/p>\n\n\n\n<p>Choose from a variety of templates and match them to your personal taste. Of course, with Elementor you can customize and change everything to your liking.<\/p>\n\n\n\n<p><strong>Tell stories in a unique way<\/strong><\/p>\n\n\n\n<p>With the Trawell template kit, it\u2019s easy to create a beautiful blog in just a few clicks. Just choose the templates you like and start writing your stories.<\/p>\n\n\n\n<p><strong>Play with the home page<\/strong><\/p>\n\n\n\n<p>We&#039;ve included all the homepage sections as separate templates so you can create your own combination. Have fun!<\/p>\n\n\n\n<p><strong>Elementor Pro welcome but not required<\/strong><\/p>\n\n\n\n<p>Some of the pages in this template kit were created with the basic version of Elementor, so you can start creating even if you don\u2019t have the Pro license. Of course, with Elementor Pro, you have a much wider range of features available.<\/p>\n\n\n\n<p><strong>Looks good on any screen<\/strong><\/p>\n\n\n\n<p>We ensure your content scales perfectly to fit a wide range of screens, from mobile phones to desktops.<\/p>","protected":false},"excerpt":{"rendered":"<p>Inspirado por um dos temas de blog de viagens mais populares, Trawell, criamos&nbsp;um template kit Elementor cuidadosamente projetado para ajud\u00e1-lo a criar um blog de viagens profissional em pouco tempo.&nbsp;Voc\u00ea est\u00e1 adiando essa aventura h\u00e1 muito tempo &#8211; \u00e9 hora de compartilhar suas hist\u00f3rias com o mundo! Deixe seu site se destacar Escolha entre uma [&hellip;]<\/p>","protected":false},"featured_media":853,"comment_status":"closed","ping_status":"open","template":"","meta":{"_jf_limit_responses":"","iawp_total_views":50},"product_brand":[],"product_cat":[23,24,38],"product_tag":[19],"class_list":{"0":"post-852","1":"product","2":"type-product","3":"status-publish","4":"has-post-thumbnail","6":"product_cat-templates-elementor-e-envato","7":"product_cat-templates-envato","8":"product_cat-turismo-e-viagens","9":"product_tag-vitalicio","11":"first","12":"instock","13":"downloadable","14":"virtual","15":"purchasable","16":"product-type-simple"},"_links":{"self":[{"href":"https:\/\/packdesites.com\/en\/wp-json\/wp\/v2\/product\/852","targetHints":{"allow":["GET"]}}],"collection":[{"href":"https:\/\/packdesites.com\/en\/wp-json\/wp\/v2\/product"}],"about":[{"href":"https:\/\/packdesites.com\/en\/wp-json\/wp\/v2\/types\/product"}],"replies":[{"embeddable":true,"href":"https:\/\/packdesites.com\/en\/wp-json\/wp\/v2\/comments?post=852"}],"version-history":[{"count":0,"href":"https:\/\/packdesites.com\/en\/wp-json\/wp\/v2\/product\/852\/revisions"}],"wp:featuredmedia":[{"embeddable":true,"href":"https:\/\/packdesites.com\/en\/wp-json\/wp\/v2\/media\/853"}],"wp:attachment":[{"href":"https:\/\/packdesites.com\/en\/wp-json\/wp\/v2\/media?parent=852"}],"wp:term":[{"taxonomy":"product_brand","embeddable":true,"href":"https:\/\/packdesites.com\/en\/wp-json\/wp\/v2\/product_brand?post=852"},{"taxonomy":"product_cat","embeddable":true,"href":"https:\/\/packdesites.com\/en\/wp-json\/wp\/v2\/product_cat?post=852"},{"taxonomy":"product_tag","embeddable":true,"href":"https:\/\/packdesites.com\/en\/wp-json\/wp\/v2\/product_tag?post=852"}],"curies":[{"name":"wp","href":"https:\/\/api.w.org\/{rel}","templated":true}]}}