{"id":850,"date":"2022-07-26T03:00:00","date_gmt":"2022-07-26T03:00:00","guid":{"rendered":"https:\/\/packdesites.com\/produto\/travenu-site-de-viagemturismo-e-hotel\/"},"modified":"2025-04-03T00:35:12","modified_gmt":"2025-04-03T00:35:12","slug":"travenu-travel-sitetourism-and-hotel","status":"publish","type":"product","link":"https:\/\/packdesites.com\/en\/product\/travenu-travel-sitetourism-and-hotel\/","title":{"rendered":"Travenu \u2013 Travel, tourism and hotel website"},"content":{"rendered":"<p>Travenu \u2013 Travel &amp; Tour Agency Elementor Template Kit created specially for tourism, travel agency, travel website, tour operator, sightseeing, travel, destinations, travel booking, adventure and all other travel &amp; tour websites and businesses without a single line of coding!<\/p>\n\n\n\n<p>This template kit includes stunning and carefully crafted templates, you can create your company&#039;s professional-looking business website just a click away.<\/p>\n\n\n\n<p><strong>Features:<\/strong><\/p>\n\n\n\n<ul class=\"wp-block-list\"><li>Using Free Plugins (Elementor Pro is not required)<\/li><li>Modern and clean design<\/li><li>19+ Ready-to-Use Templates<\/li><li>Fully responsive layout<\/li><li>Coming soon to retina<\/li><li>Fully customizable<\/li><li>Browser compatibility: Chrome, Firefox, Safari, Opera<\/li><\/ul>\n\n\n\n<p><strong>Models include:<\/strong><\/p>\n\n\n\n<ul class=\"wp-block-list\"><li>Home<\/li><li>About us<\/li><li>Packages<\/li><li>Package Details<\/li><li>Destination<\/li><li>Destination detail<\/li><li>Guide<\/li><li>Gallery<\/li><li>FREQUENTLY ASKED QUESTIONS<\/li><li>Blog<\/li><li>Exclusive blog<\/li><li>Contact<\/li><li>MetForm Booking Packages<\/li><li>Metform Backup Destination<\/li><li>Contact MetForm<\/li><li>Page 404<\/li><li>Header<\/li><li>Baseboard<\/li><li>Global Thematic Style<\/li><\/ul>\n\n\n\n<p><strong>Required plugin:<\/strong><\/p>\n\n\n\n<ul class=\"wp-block-list\"><li>Elementor<\/li><li>ElementsKit Lite<\/li><li>Elementor Jeg Kit<\/li><li>MetForm<\/li><li>JetSticky for Elementor<\/li><\/ul>","protected":false},"excerpt":{"rendered":"<p>Travenu &#8211; Travel &amp; Tour Agency Elementor Template Kit criado especialmente para turismo, ag\u00eancia de viagens, site de viagens, operador tur\u00edstico, turismo, viagem, destinos, reserva de viagens, aventura e todos os outros sites e empresas de viagens e turismo sem uma \u00fanica linha de codifica\u00e7\u00e3o! Este template kit inclui modelos impressionantes e cuidadosamente criados, voc\u00ea [&hellip;]<\/p>","protected":false},"featured_media":851,"comment_status":"closed","ping_status":"open","template":"","meta":{"_jf_limit_responses":"","iawp_total_views":116},"product_brand":[],"product_cat":[23,24,38],"product_tag":[19],"class_list":{"0":"post-850","1":"product","2":"type-product","3":"status-publish","4":"has-post-thumbnail","6":"product_cat-templates-elementor-e-envato","7":"product_cat-templates-envato","8":"product_cat-turismo-e-viagens","9":"product_tag-vitalicio","11":"first","12":"instock","13":"downloadable","14":"virtual","15":"purchasable","16":"product-type-simple"},"_links":{"self":[{"href":"https:\/\/packdesites.com\/en\/wp-json\/wp\/v2\/product\/850","targetHints":{"allow":["GET"]}}],"collection":[{"href":"https:\/\/packdesites.com\/en\/wp-json\/wp\/v2\/product"}],"about":[{"href":"https:\/\/packdesites.com\/en\/wp-json\/wp\/v2\/types\/product"}],"replies":[{"embeddable":true,"href":"https:\/\/packdesites.com\/en\/wp-json\/wp\/v2\/comments?post=850"}],"version-history":[{"count":0,"href":"https:\/\/packdesites.com\/en\/wp-json\/wp\/v2\/product\/850\/revisions"}],"wp:featuredmedia":[{"embeddable":true,"href":"https:\/\/packdesites.com\/en\/wp-json\/wp\/v2\/media\/851"}],"wp:attachment":[{"href":"https:\/\/packdesites.com\/en\/wp-json\/wp\/v2\/media?parent=850"}],"wp:term":[{"taxonomy":"product_brand","embeddable":true,"href":"https:\/\/packdesites.com\/en\/wp-json\/wp\/v2\/product_brand?post=850"},{"taxonomy":"product_cat","embeddable":true,"href":"https:\/\/packdesites.com\/en\/wp-json\/wp\/v2\/product_cat?post=850"},{"taxonomy":"product_tag","embeddable":true,"href":"https:\/\/packdesites.com\/en\/wp-json\/wp\/v2\/product_tag?post=850"}],"curies":[{"name":"wp","href":"https:\/\/api.w.org\/{rel}","templated":true}]}}