{"id":830,"date":"2022-07-24T03:00:00","date_gmt":"2022-07-24T03:00:00","guid":{"rendered":"https:\/\/packdesites.com\/produto\/onetrav-site-de-viagemturismo-e-hotel\/"},"modified":"2025-04-03T00:34:51","modified_gmt":"2025-04-03T00:34:51","slug":"onetrav-travel-websitetourism-and-hotel","status":"publish","type":"product","link":"https:\/\/packdesites.com\/en\/product\/onetrav-travel-websitetourism-and-hotel\/","title":{"rendered":"Onetrav \u2013 Travel, tourism and hotel website"},"content":{"rendered":"<p><strong>Onetrav<\/strong>&nbsp;is a powerful and responsive elementor template kit for Travel Agency. With the help of this elementor template kit you can create a website for Trip platform.<\/p>\n\n\n\n<p><strong>With Onetrav<\/strong>&nbsp;You can create a beautiful yet modern and stylish Travel site in few minutes. This Elementor template kit is useful for Vlogger &amp; agencies. You can create a creative and fully responsive website according to your business needs.<\/p>\n\n\n\n<p><strong>All features:<\/strong><\/p>\n\n\n\n<ul class=\"wp-block-list\"><li>10+ Elementor Templates<\/li><li>1 click installation<\/li><li>True codeless customization with visual drag-and-drop builder<\/li><li>Customize fonts and colors in one place or fine-tune individual elements<\/li><li>Modern and professional design<\/li><li>Fast charging<\/li><li>Works with most elementor themes.<\/li><\/ul>\n\n\n\n<p><strong>Kit includes:<\/strong><\/p>\n\n\n\n<ul class=\"wp-block-list\"><li>Home<\/li><li>On<\/li><li>Excursion<\/li><li>Destination<\/li><li>Tour Details<\/li><li>Our Team<\/li><li>Testimony<\/li><li>Gallery<\/li><li>FREQUENTLY ASKED QUESTIONS<\/li><li>Blog<\/li><li>Single-post<\/li><li>File<\/li><li>Contact us<\/li><li>Header<\/li><li>Baseboard<\/li><\/ul>\n\n\n\n<p><strong>Required plugins:<\/strong><\/p>\n\n\n\n<ul class=\"wp-block-list\"><li>Elementor Free<\/li><li>Elementor Pro<\/li><li>I Elementor Kit<\/li><\/ul>","protected":false},"excerpt":{"rendered":"<p>Onetrav&nbsp;\u00e9 um poderoso e responsivo kit de modelos de elementos para a Ag\u00eancia de Viagens. Com a ajuda deste kit de modelo elementor voc\u00ea pode criar um site para a plataforma Trip. Com a Onetrav&nbsp;voc\u00ea pode criar um belo, mas moderno e elegante local de Viagem em poucos minutos. Este kit de modelo Elementor \u00e9 [&hellip;]<\/p>","protected":false},"featured_media":831,"comment_status":"closed","ping_status":"open","template":"","meta":{"_jf_limit_responses":"","iawp_total_views":28},"product_brand":[],"product_cat":[23,24,38],"product_tag":[19],"class_list":{"0":"post-830","1":"product","2":"type-product","3":"status-publish","4":"has-post-thumbnail","6":"product_cat-templates-elementor-e-envato","7":"product_cat-templates-envato","8":"product_cat-turismo-e-viagens","9":"product_tag-vitalicio","11":"first","12":"instock","13":"downloadable","14":"virtual","15":"purchasable","16":"product-type-simple"},"_links":{"self":[{"href":"https:\/\/packdesites.com\/en\/wp-json\/wp\/v2\/product\/830","targetHints":{"allow":["GET"]}}],"collection":[{"href":"https:\/\/packdesites.com\/en\/wp-json\/wp\/v2\/product"}],"about":[{"href":"https:\/\/packdesites.com\/en\/wp-json\/wp\/v2\/types\/product"}],"replies":[{"embeddable":true,"href":"https:\/\/packdesites.com\/en\/wp-json\/wp\/v2\/comments?post=830"}],"version-history":[{"count":0,"href":"https:\/\/packdesites.com\/en\/wp-json\/wp\/v2\/product\/830\/revisions"}],"wp:featuredmedia":[{"embeddable":true,"href":"https:\/\/packdesites.com\/en\/wp-json\/wp\/v2\/media\/831"}],"wp:attachment":[{"href":"https:\/\/packdesites.com\/en\/wp-json\/wp\/v2\/media?parent=830"}],"wp:term":[{"taxonomy":"product_brand","embeddable":true,"href":"https:\/\/packdesites.com\/en\/wp-json\/wp\/v2\/product_brand?post=830"},{"taxonomy":"product_cat","embeddable":true,"href":"https:\/\/packdesites.com\/en\/wp-json\/wp\/v2\/product_cat?post=830"},{"taxonomy":"product_tag","embeddable":true,"href":"https:\/\/packdesites.com\/en\/wp-json\/wp\/v2\/product_tag?post=830"}],"curies":[{"name":"wp","href":"https:\/\/api.w.org\/{rel}","templated":true}]}}