{"id":818,"date":"2022-07-24T03:00:00","date_gmt":"2022-07-24T03:00:00","guid":{"rendered":"https:\/\/packdesites.com\/produto\/byra-site-de-viagemturismo-e-hotel\/"},"modified":"2025-04-03T00:34:40","modified_gmt":"2025-04-03T00:34:40","slug":"byra-travel-sitetourism-and-hotel","status":"publish","type":"product","link":"https:\/\/packdesites.com\/en\/product\/byra-travel-sitetourism-and-hotel\/","title":{"rendered":"Byra \u2013 Travel, tourism and hotel website"},"content":{"rendered":"<p>Byra \u2013 Hotel &amp; Resort Template Kit is designed for Hospitality and Tourism websites especially Hotel and Resort.<\/p>\n\n\n\n<p><strong><em>Models:<\/em><\/strong><\/p>\n\n\n\n<ul class=\"wp-block-list\"><li>Home Page 1<\/li><li>Home Page 2<\/li><li>Special Offer<\/li><li>Rooms<\/li><li>Grid Rooms<\/li><li>Single Rooms<\/li><li>On<\/li><li>Contact<\/li><li>Blog<\/li><li>Blog Archive<\/li><li>Single Post Blog<\/li><li>Header<\/li><li>Baseboard<\/li><\/ul>","protected":false},"excerpt":{"rendered":"<p>Byra &#8211; Hotel &amp; Resort Template Kit \u00e9 projetado para Hotelaria e Turismo sites especialmente Hotel e Resort. Modelos: P\u00e1gina inicial 1 P\u00e1gina inicial 2 Oferta Especial Quartos Salas Grid Quartos Individuais Sobre Contato Blog Blog Arquivo Blog \u00danico Post Cabe\u00e7alho Rodap\u00e9<\/p>","protected":false},"featured_media":819,"comment_status":"closed","ping_status":"open","template":"","meta":{"_jf_limit_responses":"","iawp_total_views":25},"product_brand":[],"product_cat":[23,24,38],"product_tag":[19],"class_list":{"0":"post-818","1":"product","2":"type-product","3":"status-publish","4":"has-post-thumbnail","6":"product_cat-templates-elementor-e-envato","7":"product_cat-templates-envato","8":"product_cat-turismo-e-viagens","9":"product_tag-vitalicio","11":"first","12":"instock","13":"downloadable","14":"virtual","15":"purchasable","16":"product-type-simple"},"_links":{"self":[{"href":"https:\/\/packdesites.com\/en\/wp-json\/wp\/v2\/product\/818","targetHints":{"allow":["GET"]}}],"collection":[{"href":"https:\/\/packdesites.com\/en\/wp-json\/wp\/v2\/product"}],"about":[{"href":"https:\/\/packdesites.com\/en\/wp-json\/wp\/v2\/types\/product"}],"replies":[{"embeddable":true,"href":"https:\/\/packdesites.com\/en\/wp-json\/wp\/v2\/comments?post=818"}],"version-history":[{"count":0,"href":"https:\/\/packdesites.com\/en\/wp-json\/wp\/v2\/product\/818\/revisions"}],"wp:featuredmedia":[{"embeddable":true,"href":"https:\/\/packdesites.com\/en\/wp-json\/wp\/v2\/media\/819"}],"wp:attachment":[{"href":"https:\/\/packdesites.com\/en\/wp-json\/wp\/v2\/media?parent=818"}],"wp:term":[{"taxonomy":"product_brand","embeddable":true,"href":"https:\/\/packdesites.com\/en\/wp-json\/wp\/v2\/product_brand?post=818"},{"taxonomy":"product_cat","embeddable":true,"href":"https:\/\/packdesites.com\/en\/wp-json\/wp\/v2\/product_cat?post=818"},{"taxonomy":"product_tag","embeddable":true,"href":"https:\/\/packdesites.com\/en\/wp-json\/wp\/v2\/product_tag?post=818"}],"curies":[{"name":"wp","href":"https:\/\/api.w.org\/{rel}","templated":true}]}}