{"id":799,"date":"2024-04-25T03:00:00","date_gmt":"2024-04-25T03:00:00","guid":{"rendered":"https:\/\/packdesites.com\/produto\/munhoz-site-de-financas-e-direito\/"},"modified":"2025-04-03T00:34:00","modified_gmt":"2025-04-03T00:34:00","slug":"munhoz-finance-and-law-website","status":"publish","type":"product","link":"https:\/\/packdesites.com\/en\/product\/munhoz-finance-and-law-website\/","title":{"rendered":"Munhoz \u2013 Finance and law website"},"content":{"rendered":"<p>Download the&nbsp;<strong>Munhoz model kit for<\/strong>&nbsp;a modern and colorful design for your company or business involving legal services or a personal website for lawyers.<\/p>\n\n\n\n<p>Built with elementor, this kit has everything you need to build your website. This kit has 16 pre-built layouts with many different section options and features unique animations.<\/p>\n\n\n\n<p>The kit is ready to use for everyone. No coding or design skills required.<\/p>\n\n\n\n<p>This kit was built with the Hello theme, but you can use any other theme with elementor support.<\/p>\n\n\n\n<p>Elementor Pro upgrade is required for some templates and features (not included).<\/p>\n\n\n\n<p><strong>Features<\/strong><\/p>\n\n\n\n<ul class=\"wp-block-list\"><li>Professional design<\/li><li>100% Responsive &amp; Mobile-Friendly<\/li><li>Customize Header and Footer Layouts in Elementor Page Builder<\/li><li>16 pre-built models<\/li><li>Works with most themes that support Elementor<\/li><li>Google Fonts<\/li><\/ul>\n\n\n\n<p><strong>Models<\/strong><\/p>\n\n\n\n<ul class=\"wp-block-list\"><li>404<\/li><li>Who we are<\/li><li>Bankruptcy Lawyer<\/li><li>Contact us<\/li><li>Corporate Lawyer<\/li><li>Criminal Lawyer<\/li><li>Family Lawyer<\/li><li>Home<\/li><li>Immigration Lawyer<\/li><li>Medical Malpractice Lawyer<\/li><li>Personal Injury Lawyer<\/li><li>Pricing Plans<\/li><li>Tax Lawyer<\/li><li>Testimonials<\/li><li>Baseboard<\/li><li>Header<\/li><\/ul>\n\n\n\n<p><strong>Required plugins<\/strong><\/p>\n\n\n\n<ul class=\"wp-block-list\"><li>Elementor<\/li><li>Elementor Pro<\/li><\/ul>","protected":false},"excerpt":{"rendered":"<p>Baixe o&nbsp;Kit modelo Munhoz para&nbsp;um design moderno e colorido para sua empresa ou neg\u00f3cio envolvendo servi\u00e7os jur\u00eddicos ou um site pessoal para advogados. Constru\u00eddo com elementor, este kit tem tudo o que voc\u00ea precisa para construir o seu site. Este kit tem 16 layouts pr\u00e9-constru\u00eddos com muitas op\u00e7\u00f5es de se\u00e7\u00e3o diferentes e apresenta anima\u00e7\u00f5es exclusivas. [&hellip;]<\/p>","protected":false},"featured_media":800,"comment_status":"closed","ping_status":"open","template":"","meta":{"_jf_limit_responses":"","iawp_total_views":139},"product_brand":[],"product_cat":[37,36,27,23,24],"product_tag":[19],"class_list":{"0":"post-799","1":"product","2":"type-product","3":"status-publish","4":"has-post-thumbnail","6":"product_cat-advogado","7":"product_cat-consultoria-de-negocios","8":"product_cat-prestadores-de-servicos","9":"product_cat-templates-elementor-e-envato","10":"product_cat-templates-envato","11":"product_tag-vitalicio","13":"first","14":"instock","15":"downloadable","16":"virtual","17":"purchasable","18":"product-type-simple"},"_links":{"self":[{"href":"https:\/\/packdesites.com\/en\/wp-json\/wp\/v2\/product\/799","targetHints":{"allow":["GET"]}}],"collection":[{"href":"https:\/\/packdesites.com\/en\/wp-json\/wp\/v2\/product"}],"about":[{"href":"https:\/\/packdesites.com\/en\/wp-json\/wp\/v2\/types\/product"}],"replies":[{"embeddable":true,"href":"https:\/\/packdesites.com\/en\/wp-json\/wp\/v2\/comments?post=799"}],"version-history":[{"count":0,"href":"https:\/\/packdesites.com\/en\/wp-json\/wp\/v2\/product\/799\/revisions"}],"wp:featuredmedia":[{"embeddable":true,"href":"https:\/\/packdesites.com\/en\/wp-json\/wp\/v2\/media\/800"}],"wp:attachment":[{"href":"https:\/\/packdesites.com\/en\/wp-json\/wp\/v2\/media?parent=799"}],"wp:term":[{"taxonomy":"product_brand","embeddable":true,"href":"https:\/\/packdesites.com\/en\/wp-json\/wp\/v2\/product_brand?post=799"},{"taxonomy":"product_cat","embeddable":true,"href":"https:\/\/packdesites.com\/en\/wp-json\/wp\/v2\/product_cat?post=799"},{"taxonomy":"product_tag","embeddable":true,"href":"https:\/\/packdesites.com\/en\/wp-json\/wp\/v2\/product_tag?post=799"}],"curies":[{"name":"wp","href":"https:\/\/api.w.org\/{rel}","templated":true}]}}