{"id":797,"date":"2024-04-25T03:00:00","date_gmt":"2024-04-25T03:00:00","guid":{"rendered":"https:\/\/packdesites.com\/produto\/mig-site-de-financas-e-direito\/"},"modified":"2025-04-03T00:33:58","modified_gmt":"2025-04-03T00:33:58","slug":"mig-finance-and-law-website","status":"publish","type":"product","link":"https:\/\/packdesites.com\/en\/product\/mig-finance-and-law-website\/","title":{"rendered":"Mig \u2013 Finance and Law Website"},"content":{"rendered":"<p>Mig \u2013 Law &amp; Attorney Template Kit is a clean and responsive WordPress Elementor Kit for Law Firm, Legal Counsel, Legal Directors, Lawyers, Consulting, Finance, Solicitor, Attorneys, Boards. It is a WordPress law template kit. It helps to promote services and share achievements online. The Work layout includes pages like Legal Team to introduce the team, Single Team to present the information of a particular team member, Practice Areas to share their stats and latest activities and few more. Mig \u2013 Law &amp; Attorney Template Kit comes with a sleek and eye-pleasing color scheme but you can change the look and feel. There is no need to understand coding for Mig \u2013 Law &amp; Attorney Template Kit. It builds on one of the popular drag and drop Elementor page builder. A quick way to create your website.<\/p>\n\n\n\n<p><strong>Main features<\/strong><\/p>\n\n\n\n<ul class=\"wp-block-list\"><li>12+ Global Theme Style Templates<\/li><li>Elementor Drag and Drop Page Builder<\/li><li>WordPress 5.0 coming soon<\/li><li>Easy to customize<\/li><li>Minimalist, clean and modern design<\/li><\/ul>\n\n\n\n<p><strong>Models include:<\/strong><\/p>\n\n\n\n<ul class=\"wp-block-list\"><li>Home page<\/li><li>About us<\/li><li>Services<\/li><li>Service information<\/li><li>Team<\/li><li>Team Information<\/li><li>Blog<\/li><li>3 Single Page Blog Options<\/li><li>Header<\/li><li>Baseboard<\/li><li>Survey Popup (Elementor Pro)<\/li><li>Global Thematic Style<\/li><\/ul>","protected":false},"excerpt":{"rendered":"<p>Mig &#8211; Law &amp; Attorney Template Kit \u00e9 um WordPress Elementor Kit responsivo e limpo para escrit\u00f3rio de advocacia, Conselheiros Jur\u00eddicos, Diretores Jur\u00eddicos, Advogados, Consultoria, Finan\u00e7as, Solicitador, Advogados, Conselhos. \u00c9 um template kit de lei WordPress. Isso ajuda a promover servi\u00e7os e compartilhar conquistas on-line. O layout Trabalho inclui p\u00e1ginas como Equipe Jur\u00eddica para apresentar [&hellip;]<\/p>","protected":false},"featured_media":798,"comment_status":"closed","ping_status":"open","template":"","meta":{"_jf_limit_responses":"","iawp_total_views":77},"product_brand":[],"product_cat":[37,36,27,23,24],"product_tag":[19],"class_list":{"0":"post-797","1":"product","2":"type-product","3":"status-publish","4":"has-post-thumbnail","6":"product_cat-advogado","7":"product_cat-consultoria-de-negocios","8":"product_cat-prestadores-de-servicos","9":"product_cat-templates-elementor-e-envato","10":"product_cat-templates-envato","11":"product_tag-vitalicio","13":"first","14":"instock","15":"downloadable","16":"virtual","17":"purchasable","18":"product-type-simple"},"_links":{"self":[{"href":"https:\/\/packdesites.com\/en\/wp-json\/wp\/v2\/product\/797","targetHints":{"allow":["GET"]}}],"collection":[{"href":"https:\/\/packdesites.com\/en\/wp-json\/wp\/v2\/product"}],"about":[{"href":"https:\/\/packdesites.com\/en\/wp-json\/wp\/v2\/types\/product"}],"replies":[{"embeddable":true,"href":"https:\/\/packdesites.com\/en\/wp-json\/wp\/v2\/comments?post=797"}],"version-history":[{"count":0,"href":"https:\/\/packdesites.com\/en\/wp-json\/wp\/v2\/product\/797\/revisions"}],"wp:featuredmedia":[{"embeddable":true,"href":"https:\/\/packdesites.com\/en\/wp-json\/wp\/v2\/media\/798"}],"wp:attachment":[{"href":"https:\/\/packdesites.com\/en\/wp-json\/wp\/v2\/media?parent=797"}],"wp:term":[{"taxonomy":"product_brand","embeddable":true,"href":"https:\/\/packdesites.com\/en\/wp-json\/wp\/v2\/product_brand?post=797"},{"taxonomy":"product_cat","embeddable":true,"href":"https:\/\/packdesites.com\/en\/wp-json\/wp\/v2\/product_cat?post=797"},{"taxonomy":"product_tag","embeddable":true,"href":"https:\/\/packdesites.com\/en\/wp-json\/wp\/v2\/product_tag?post=797"}],"curies":[{"name":"wp","href":"https:\/\/api.w.org\/{rel}","templated":true}]}}