{"id":789,"date":"2024-04-25T03:00:00","date_gmt":"2024-04-25T03:00:00","guid":{"rendered":"https:\/\/packdesites.com\/produto\/lawone-site-de-financas-e-direito\/"},"modified":"2025-04-03T00:33:52","modified_gmt":"2025-04-03T00:33:52","slug":"lawone-finance-and-law-website","status":"publish","type":"product","link":"https:\/\/packdesites.com\/en\/product\/lawone-finance-and-law-website\/","title":{"rendered":"Lawone \u2013 Finance and Law Website"},"content":{"rendered":"<p><strong>Lawone<\/strong>&nbsp;is a powerful and responsive elementor template kit for Lawyers. With the help of this elementor template kit, you can create a website for Lawyers and Law Firm platform.<\/p>\n\n\n\n<p><strong>Lawone<\/strong>&nbsp;You can create a beautiful yet modern and stylish local law firm in just a few minutes. This Elementor template kit is useful for lawyers and law firms. You can create a creative and fully responsive website according to your business needs.<\/p>\n\n\n\n<p><strong>All features:<\/strong><\/p>\n\n\n\n<ul class=\"wp-block-list\"><li>10+ Elementor Templates<\/li><li>1 Click Installation<\/li><li>Free lifetime updates<\/li><li><strong>24\/7 Customer Support<\/strong><\/li><\/ul>\n\n\n\n<p><strong>The kit includes:<\/strong><\/p>\n\n\n\n<ul class=\"wp-block-list\"><li>Home<\/li><li>On<\/li><li>Case<\/li><li>Services<\/li><li>Team<\/li><li>Case detail<\/li><li>Team Detail<\/li><li>Testimony<\/li><li>FAQ<\/li><li>News<\/li><li>Single-post<\/li><li>File<\/li><li>Contact us<\/li><li>Popups<\/li><li>Popups Team Details<\/li><li>Header<\/li><li>Baseboard<\/li><\/ul>","protected":false},"excerpt":{"rendered":"<p>Lawone&nbsp;\u00e9 um template kit elemento poderoso e responsivo para Advogados. Com a ajuda deste template kit elementor, voc\u00ea pode criar um site para a plataforma Advogados e Escrit\u00f3rio de Advogados. Lawone&nbsp;voc\u00ea pode criar um belo, mas moderno e elegante escrit\u00f3rio de advocacia local em poucos minutos. Este template kit Elementor \u00e9 \u00fatil para advogados e [&hellip;]<\/p>","protected":false},"featured_media":790,"comment_status":"closed","ping_status":"open","template":"","meta":{"_jf_limit_responses":"","iawp_total_views":258},"product_brand":[],"product_cat":[37,36,27,23,24],"product_tag":[19],"class_list":{"0":"post-789","1":"product","2":"type-product","3":"status-publish","4":"has-post-thumbnail","6":"product_cat-advogado","7":"product_cat-consultoria-de-negocios","8":"product_cat-prestadores-de-servicos","9":"product_cat-templates-elementor-e-envato","10":"product_cat-templates-envato","11":"product_tag-vitalicio","13":"first","14":"instock","15":"downloadable","16":"virtual","17":"purchasable","18":"product-type-simple"},"_links":{"self":[{"href":"https:\/\/packdesites.com\/en\/wp-json\/wp\/v2\/product\/789","targetHints":{"allow":["GET"]}}],"collection":[{"href":"https:\/\/packdesites.com\/en\/wp-json\/wp\/v2\/product"}],"about":[{"href":"https:\/\/packdesites.com\/en\/wp-json\/wp\/v2\/types\/product"}],"replies":[{"embeddable":true,"href":"https:\/\/packdesites.com\/en\/wp-json\/wp\/v2\/comments?post=789"}],"version-history":[{"count":0,"href":"https:\/\/packdesites.com\/en\/wp-json\/wp\/v2\/product\/789\/revisions"}],"wp:featuredmedia":[{"embeddable":true,"href":"https:\/\/packdesites.com\/en\/wp-json\/wp\/v2\/media\/790"}],"wp:attachment":[{"href":"https:\/\/packdesites.com\/en\/wp-json\/wp\/v2\/media?parent=789"}],"wp:term":[{"taxonomy":"product_brand","embeddable":true,"href":"https:\/\/packdesites.com\/en\/wp-json\/wp\/v2\/product_brand?post=789"},{"taxonomy":"product_cat","embeddable":true,"href":"https:\/\/packdesites.com\/en\/wp-json\/wp\/v2\/product_cat?post=789"},{"taxonomy":"product_tag","embeddable":true,"href":"https:\/\/packdesites.com\/en\/wp-json\/wp\/v2\/product_tag?post=789"}],"curies":[{"name":"wp","href":"https:\/\/api.w.org\/{rel}","templated":true}]}}