{"id":786,"date":"2024-04-25T03:00:00","date_gmt":"2024-04-25T03:00:00","guid":{"rendered":"https:\/\/packdesites.com\/produto\/lawe-site-de-financas-e-direito\/"},"modified":"2025-04-03T00:33:47","modified_gmt":"2025-04-03T00:33:47","slug":"lawe-finance-and-law-website","status":"publish","type":"product","link":"https:\/\/packdesites.com\/en\/product\/lawe-finance-and-law-website\/","title":{"rendered":"LAWE \u2013 Finance and Law Website"},"content":{"rendered":"<p>Meet Lawe, specially designed for lawyer and attorney websites! The template kit comes with an ideal selection of templates for any lawyer and attorney to help grow their business. This kit has a modern and unique design with a fully responsive 100% layout, easy installation and of course, very easy to customize since when using Elementor, you don&#039;t need a single line of coding! Save your time.<\/p>\n\n\n\n<p>This Template Kit contains page content for creating Elementor pages. This kit is optimized for use with the free \u201cHello Elementor\u201d theme.<\/p>\n\n\n\n<p><strong>Features:<\/strong><\/p>\n\n\n\n<ul class=\"wp-block-list\">\n<li>Compatible with WordPress \u2013 Elementor<\/li>\n\n\n\n<li>Using Free Plugins (Elementor Pro is not required)<\/li>\n\n\n\n<li>True codeless customization with drag and drop<\/li>\n\n\n\n<li>100% fully responsive and mobile friendly<\/li>\n\n\n\n<li>Modern and professional design<\/li>\n\n\n\n<li>11+ pre-built templates ready to use<\/li>\n\n\n\n<li>Customize fonts and colors in one place (Global Theme Kit Style)<\/li>\n<\/ul>\n\n\n\n<p><strong>Zip models:<\/strong><\/p>\n\n\n\n<ul class=\"wp-block-list\">\n<li>Home page<\/li>\n\n\n\n<li>About us<\/li>\n\n\n\n<li>Attorney<\/li>\n\n\n\n<li>Sole attorney<\/li>\n\n\n\n<li>Case study<\/li>\n\n\n\n<li>Single case<\/li>\n\n\n\n<li>Areas of activity<\/li>\n\n\n\n<li>Unique practice<\/li>\n\n\n\n<li>History<\/li>\n\n\n\n<li>FREQUENTLY ASKED QUESTIONS<\/li>\n\n\n\n<li>Contact us<\/li>\n\n\n\n<li>header<\/li>\n\n\n\n<li>Baseboard<\/li>\n<\/ul>\n\n\n\n<p><strong>Required plugins:<\/strong><\/p>\n\n\n\n<ul class=\"wp-block-list\">\n<li>Elementor<\/li>\n\n\n\n<li>Rome Thematic Form<\/li>\n\n\n\n<li>Rome themed kit<\/li>\n<\/ul>","protected":false},"excerpt":{"rendered":"<p>Conhe\u00e7a, Lawe, especialmente desenvolvido para sites de advogados e advogados! O kit de modelos vem com uma sele\u00e7\u00e3o ideal de modelos para qualquer advogado e advogado para ajudar a expandir seus neg\u00f3cios. Este kit tem um design moderno e exclusivo com um layout 100% totalmente responsivo, f\u00e1cil instala\u00e7\u00e3o e, com certeza, muito f\u00e1cil de personalizar, [&hellip;]<\/p>","protected":false},"featured_media":787,"comment_status":"closed","ping_status":"open","template":"","meta":{"_jf_limit_responses":"","iawp_total_views":130},"product_brand":[],"product_cat":[37,36,27,23,24],"product_tag":[19],"class_list":{"0":"post-786","1":"product","2":"type-product","3":"status-publish","4":"has-post-thumbnail","6":"product_cat-advogado","7":"product_cat-consultoria-de-negocios","8":"product_cat-prestadores-de-servicos","9":"product_cat-templates-elementor-e-envato","10":"product_cat-templates-envato","11":"product_tag-vitalicio","13":"first","14":"instock","15":"downloadable","16":"virtual","17":"purchasable","18":"product-type-simple"},"_links":{"self":[{"href":"https:\/\/packdesites.com\/en\/wp-json\/wp\/v2\/product\/786","targetHints":{"allow":["GET"]}}],"collection":[{"href":"https:\/\/packdesites.com\/en\/wp-json\/wp\/v2\/product"}],"about":[{"href":"https:\/\/packdesites.com\/en\/wp-json\/wp\/v2\/types\/product"}],"replies":[{"embeddable":true,"href":"https:\/\/packdesites.com\/en\/wp-json\/wp\/v2\/comments?post=786"}],"version-history":[{"count":0,"href":"https:\/\/packdesites.com\/en\/wp-json\/wp\/v2\/product\/786\/revisions"}],"wp:featuredmedia":[{"embeddable":true,"href":"https:\/\/packdesites.com\/en\/wp-json\/wp\/v2\/media\/787"}],"wp:attachment":[{"href":"https:\/\/packdesites.com\/en\/wp-json\/wp\/v2\/media?parent=786"}],"wp:term":[{"taxonomy":"product_brand","embeddable":true,"href":"https:\/\/packdesites.com\/en\/wp-json\/wp\/v2\/product_brand?post=786"},{"taxonomy":"product_cat","embeddable":true,"href":"https:\/\/packdesites.com\/en\/wp-json\/wp\/v2\/product_cat?post=786"},{"taxonomy":"product_tag","embeddable":true,"href":"https:\/\/packdesites.com\/en\/wp-json\/wp\/v2\/product_tag?post=786"}],"curies":[{"name":"wp","href":"https:\/\/api.w.org\/{rel}","templated":true}]}}