{"id":778,"date":"2024-04-25T03:00:00","date_gmt":"2024-04-25T03:00:00","guid":{"rendered":"https:\/\/packdesites.com\/produto\/estatuto-site-de-financas-e-direito\/"},"modified":"2025-04-03T00:33:35","modified_gmt":"2025-04-03T00:33:35","slug":"statute-finance-and-law-website","status":"publish","type":"product","link":"https:\/\/packdesites.com\/en\/product\/statute-finance-and-law-website\/","title":{"rendered":"Statute \u2013 Lawyer, Advocacy and Legal Business"},"content":{"rendered":"<p><strong>Bylaws \u2013 Law Firm, Attorney &amp; Lawyer Elementor Template Kit<\/strong>&nbsp;Statute is a clean responsive WordPress theme designed specifically for legal and business websites. This kit has been optimized for use with the free Hello Elementor theme, but can be used with most themes that support Elementor. Statute also comes with high-quality pre-built pages for practice areas and also pre-built for case studies. Statute has a simple, modern and clean design; with a responsive 100% layout, and very easy to customize because it uses Elementor so you don\u2019t need a single line of coding!<\/p>\n\n\n\n<p>This stunning template kit includes carefully crafted 12+ pages and 15+ stunning templates, you can build your professional looking portfolio website just a click away.<\/p>\n\n\n\n<p><strong>Features:<\/strong><\/p>\n\n\n\n<ul class=\"wp-block-list\"><li>Using Free Plugins (Elementor Pro is not required)<\/li><li>Unique and clean design<\/li><li>12+ Ready-to-Use Pages<\/li><li>15+ Ready-to-Use Templates<\/li><li>Fully Responsive Layout<\/li><li>Fully customizable<\/li><li>Cross browser compatibility: Chrome, Firefox, Safari, Opera<\/li><\/ul>\n\n\n\n<p><strong>Models include:<\/strong><\/p>\n\n\n\n<ul class=\"wp-block-list\"><li>Global Theme Style<\/li><li>Home<\/li><li>About us 1<\/li><li>About us 2<\/li><li>Blog &amp; News<\/li><li>Contact Us 1<\/li><li>Contact Us 2<\/li><li>FAQs Page<\/li><li>About Team<\/li><li>Our team<\/li><li>Portfolio<\/li><li>Practice area<\/li><li>Pricing Page<\/li><li>Single Member<\/li><li>Single Post<\/li><li>Header<\/li><li>Baseboard<\/li><\/ul>","protected":false},"excerpt":{"rendered":"<p>Estatuto &#8211; Law Firm, Advogado &amp; Advogado Elementor Template Kit&nbsp;\u00e9 um Modelos WordPress responsivo limpo projetado especialmente para sites legais e de neg\u00f3cios. Este kit foi otimizado para uso com o tema gratuito Hello Elementor, mas pode ser usado com a maioria dos temas que suportam Elementor. Estatuto tamb\u00e9m vem com p\u00e1ginas pr\u00e9-constru\u00eddas de alta [&hellip;]<\/p>","protected":false},"featured_media":779,"comment_status":"closed","ping_status":"open","template":"","meta":{"_jf_limit_responses":"","iawp_total_views":117},"product_brand":[],"product_cat":[37,36,23,24],"product_tag":[19],"class_list":{"0":"post-778","1":"product","2":"type-product","3":"status-publish","4":"has-post-thumbnail","6":"product_cat-advogado","7":"product_cat-consultoria-de-negocios","8":"product_cat-templates-elementor-e-envato","9":"product_cat-templates-envato","10":"product_tag-vitalicio","12":"first","13":"instock","14":"downloadable","15":"virtual","16":"purchasable","17":"product-type-simple"},"_links":{"self":[{"href":"https:\/\/packdesites.com\/en\/wp-json\/wp\/v2\/product\/778","targetHints":{"allow":["GET"]}}],"collection":[{"href":"https:\/\/packdesites.com\/en\/wp-json\/wp\/v2\/product"}],"about":[{"href":"https:\/\/packdesites.com\/en\/wp-json\/wp\/v2\/types\/product"}],"replies":[{"embeddable":true,"href":"https:\/\/packdesites.com\/en\/wp-json\/wp\/v2\/comments?post=778"}],"version-history":[{"count":0,"href":"https:\/\/packdesites.com\/en\/wp-json\/wp\/v2\/product\/778\/revisions"}],"wp:featuredmedia":[{"embeddable":true,"href":"https:\/\/packdesites.com\/en\/wp-json\/wp\/v2\/media\/779"}],"wp:attachment":[{"href":"https:\/\/packdesites.com\/en\/wp-json\/wp\/v2\/media?parent=778"}],"wp:term":[{"taxonomy":"product_brand","embeddable":true,"href":"https:\/\/packdesites.com\/en\/wp-json\/wp\/v2\/product_brand?post=778"},{"taxonomy":"product_cat","embeddable":true,"href":"https:\/\/packdesites.com\/en\/wp-json\/wp\/v2\/product_cat?post=778"},{"taxonomy":"product_tag","embeddable":true,"href":"https:\/\/packdesites.com\/en\/wp-json\/wp\/v2\/product_tag?post=778"}],"curies":[{"name":"wp","href":"https:\/\/api.w.org\/{rel}","templated":true}]}}