{"id":776,"date":"2024-04-25T03:00:00","date_gmt":"2024-04-25T03:00:00","guid":{"rendered":"https:\/\/packdesites.com\/produto\/defesa-site-de-financas-e-direito\/"},"modified":"2025-04-03T00:33:32","modified_gmt":"2025-04-03T00:33:32","slug":"defense-finance-and-law-website","status":"publish","type":"product","link":"https:\/\/packdesites.com\/en\/product\/defense-finance-and-law-website\/","title":{"rendered":"Defense \u2013 Finance and Law Website"},"content":{"rendered":"<p>Defency is a modern and stylish Elementor Template Kit for those who want to create a professional looking WordPress based website for law firms, lawyers, attorneys and any type of legal practice. This kit has been optimized for use with the free Hello Elementor theme but can be used with most themes that support Elementor. Responsive and retina ready 100% layout!<\/p>\n\n\n\n<p>This template kit includes 18+ carefully crafted fully customizable templates, you can create your professional law practice or business website with just a click away.<\/p>\n\n\n\n<p><strong>Features:<\/strong><\/p>\n\n\n\n<ul class=\"wp-block-list\"><li>Using Free Plugins (Elementor Pro is not required)<\/li><li>Modern and clean design<\/li><li>18+ ready-to-use templates<\/li><li>Fully responsive layout<\/li><li>Retina ready<\/li><li>Fully customizable<\/li><li>Browser compatibility: Chrome, Firefox, Safari, Opera<\/li><\/ul>\n\n\n\n<p><strong>Models include:<\/strong><\/p>\n\n\n\n<ul class=\"wp-block-list\"><li>Home<\/li><li>About us<\/li><li>Services<\/li><li>Service Details<\/li><li>Cases<\/li><li>Case details<\/li><li>Prices<\/li><li>Our team<\/li><li>FAQ<\/li><li>Blog<\/li><li>Single blog<\/li><li>Contact<\/li><li>Contact MetForm<\/li><li>MetForm Contact 2<\/li><li>Page 404<\/li><li>Header<\/li><li>Baseboard<\/li><li>Global Theme Style<\/li><\/ul>\n\n\n\n<p><strong>Required plugin:<\/strong><\/p>\n\n\n\n<ul class=\"wp-block-list\"><li>Elementor<\/li><li>Elementor Jeg Kit<\/li><li>JetSticky for Elementor<\/li><li>MetForm<\/li><\/ul>","protected":false},"excerpt":{"rendered":"<p>Defency \u00e9 um moderno e elegante Elementor Template Kit para aqueles que desejam criar um site baseado em WordPress de apar\u00eancia profissional para escrit\u00f3rios de advocacia, advogados, advogados e qualquer tipo de pr\u00e1tica jur\u00eddica. Este kit foi otimizado para uso com o tema Hello Elementor gratuito, mas pode ser usado com a maioria dos temas [&hellip;]<\/p>","protected":false},"featured_media":777,"comment_status":"closed","ping_status":"open","template":"","meta":{"_jf_limit_responses":"","iawp_total_views":139},"product_brand":[],"product_cat":[37,36,27,23,24],"product_tag":[19],"class_list":{"0":"post-776","1":"product","2":"type-product","3":"status-publish","4":"has-post-thumbnail","6":"product_cat-advogado","7":"product_cat-consultoria-de-negocios","8":"product_cat-prestadores-de-servicos","9":"product_cat-templates-elementor-e-envato","10":"product_cat-templates-envato","11":"product_tag-vitalicio","13":"first","14":"instock","15":"downloadable","16":"virtual","17":"purchasable","18":"product-type-simple"},"_links":{"self":[{"href":"https:\/\/packdesites.com\/en\/wp-json\/wp\/v2\/product\/776","targetHints":{"allow":["GET"]}}],"collection":[{"href":"https:\/\/packdesites.com\/en\/wp-json\/wp\/v2\/product"}],"about":[{"href":"https:\/\/packdesites.com\/en\/wp-json\/wp\/v2\/types\/product"}],"replies":[{"embeddable":true,"href":"https:\/\/packdesites.com\/en\/wp-json\/wp\/v2\/comments?post=776"}],"version-history":[{"count":0,"href":"https:\/\/packdesites.com\/en\/wp-json\/wp\/v2\/product\/776\/revisions"}],"wp:featuredmedia":[{"embeddable":true,"href":"https:\/\/packdesites.com\/en\/wp-json\/wp\/v2\/media\/777"}],"wp:attachment":[{"href":"https:\/\/packdesites.com\/en\/wp-json\/wp\/v2\/media?parent=776"}],"wp:term":[{"taxonomy":"product_brand","embeddable":true,"href":"https:\/\/packdesites.com\/en\/wp-json\/wp\/v2\/product_brand?post=776"},{"taxonomy":"product_cat","embeddable":true,"href":"https:\/\/packdesites.com\/en\/wp-json\/wp\/v2\/product_cat?post=776"},{"taxonomy":"product_tag","embeddable":true,"href":"https:\/\/packdesites.com\/en\/wp-json\/wp\/v2\/product_tag?post=776"}],"curies":[{"name":"wp","href":"https:\/\/api.w.org\/{rel}","templated":true}]}}