{"id":774,"date":"2024-04-25T03:00:00","date_gmt":"2024-04-25T03:00:00","guid":{"rendered":"https:\/\/packdesites.com\/produto\/advogado-site-de-financas-e-direito\/"},"modified":"2025-04-03T00:33:29","modified_gmt":"2025-04-03T00:33:29","slug":"lawyer-finance-and-law-website","status":"publish","type":"product","link":"https:\/\/packdesites.com\/en\/product\/lawyer-finance-and-law-website\/","title":{"rendered":"Lawyer \u2013 Finance and Law Website"},"content":{"rendered":"<p><strong>Counsel Law Firm Model<\/strong>&nbsp;Counsel is a Template Kit specially designed for LAW, law firms, attorney services and landing pages.<\/p>\n\n\n\n<p>The template has a beautiful and unique design that will be best suited for your online web presence.<\/p>\n\n\n\n<p>It has a responsive 100% design and is tested on all major mobile devices. Lawyer comes with the necessary features for your online presence like service details and services. Projects, blog, contact, etc. Lawyer can be a great option for your online presence. Want to launch your company website? This template is the best option.<\/p>\n\n\n\n<p><strong>Features<\/strong><\/p>\n\n\n\n<ul class=\"wp-block-list\"><li>True codeless customization with visual drag-and-drop builder<\/li><li>Customize fonts and colors in one place or adjust individual elements<\/li><li>Modern and professional design<\/li><li>Fast charging<\/li><li>Works with most Elementor themes.<\/li><li>Elementor Pro upgrade required for some templates and features (not included)<\/li><\/ul>","protected":false},"excerpt":{"rendered":"<p>Counsel Law Firm Modelo&nbsp;Counsel \u00e9 um Template Kit especialmente projetado para LAW, escrit\u00f3rios de advocacia, servi\u00e7os de advogados e p\u00e1ginas de destino. O modelo tem um design bonito e exclusivo que ser\u00e1 mais adequado para sua presen\u00e7a on-line na web. Ele tem um design 100% responsivo e testado em todos os principais dispositivos port\u00e1teis. O [&hellip;]<\/p>","protected":false},"featured_media":775,"comment_status":"closed","ping_status":"open","template":"","meta":{"_jf_limit_responses":"","iawp_total_views":132},"product_brand":[],"product_cat":[37,36,27,23,24],"product_tag":[19],"class_list":{"0":"post-774","1":"product","2":"type-product","3":"status-publish","4":"has-post-thumbnail","6":"product_cat-advogado","7":"product_cat-consultoria-de-negocios","8":"product_cat-prestadores-de-servicos","9":"product_cat-templates-elementor-e-envato","10":"product_cat-templates-envato","11":"product_tag-vitalicio","13":"first","14":"instock","15":"downloadable","16":"virtual","17":"purchasable","18":"product-type-simple"},"_links":{"self":[{"href":"https:\/\/packdesites.com\/en\/wp-json\/wp\/v2\/product\/774","targetHints":{"allow":["GET"]}}],"collection":[{"href":"https:\/\/packdesites.com\/en\/wp-json\/wp\/v2\/product"}],"about":[{"href":"https:\/\/packdesites.com\/en\/wp-json\/wp\/v2\/types\/product"}],"replies":[{"embeddable":true,"href":"https:\/\/packdesites.com\/en\/wp-json\/wp\/v2\/comments?post=774"}],"version-history":[{"count":0,"href":"https:\/\/packdesites.com\/en\/wp-json\/wp\/v2\/product\/774\/revisions"}],"wp:featuredmedia":[{"embeddable":true,"href":"https:\/\/packdesites.com\/en\/wp-json\/wp\/v2\/media\/775"}],"wp:attachment":[{"href":"https:\/\/packdesites.com\/en\/wp-json\/wp\/v2\/media?parent=774"}],"wp:term":[{"taxonomy":"product_brand","embeddable":true,"href":"https:\/\/packdesites.com\/en\/wp-json\/wp\/v2\/product_brand?post=774"},{"taxonomy":"product_cat","embeddable":true,"href":"https:\/\/packdesites.com\/en\/wp-json\/wp\/v2\/product_cat?post=774"},{"taxonomy":"product_tag","embeddable":true,"href":"https:\/\/packdesites.com\/en\/wp-json\/wp\/v2\/product_tag?post=774"}],"curies":[{"name":"wp","href":"https:\/\/api.w.org\/{rel}","templated":true}]}}