{"id":768,"date":"2022-07-23T03:00:00","date_gmt":"2022-07-23T03:00:00","guid":{"rendered":"https:\/\/packdesites.com\/produto\/azir-site-de-financas-e-direito\/"},"modified":"2025-04-03T00:33:06","modified_gmt":"2025-04-03T00:33:06","slug":"azir-finance-and-law-website","status":"publish","type":"product","link":"https:\/\/packdesites.com\/en\/product\/azir-finance-and-law-website\/","title":{"rendered":"Azir | Finance and law website"},"content":{"rendered":"<p><strong>Azir<\/strong>\u00a0It is built and suitable for any business or online agency website and comes with a modern, elegant and clean creative concept. Use these professionally designed templates to kickstart your web design project.<\/p>\n\n\n\n<p>Azir is a multi-purpose and responsive theme kit that allows you to set up your own website painlessly with its excellent features like 3+ Home Pages, 15+ Inner Page styles, powerful options on each page, post, drag and drop Elementor page builder and fast loading layouts optimized for search engines.<\/p>\n\n\n\n<p><strong>Required plugins:<\/strong><\/p>\n\n\n\n<ul class=\"wp-block-list\">\n<li>Elementor<\/li>\n<li>[ Themesflat Addons For Elementor<\/li>\n<li>MetForm<\/li>\n<\/ul>\n\n\n\n<p><strong>Key kit features:<\/strong><\/p>\n\n\n\n<ul class=\"wp-block-list\">\n<li>One-click import<\/li>\n<li>Home Page Style Variations- Unique and Modern.<\/li>\n<li>Clear and clean layout<\/li>\n<li>Professionally designed.<\/li>\n<li>Free lifetime updates<\/li>\n<li>Cross browser compatible<\/li>\n<li>Header Footer<\/li>\n<li>Post Widget<\/li>\n<li>Carousel Slide Box (Create sliders with anything)<\/li>\n<li>Ultra Responsive and Retina Ready<\/li>\n<li>Compatible with any WordPress Templates<\/li>\n<li>SEO coming soon<\/li>\n<\/ul>","protected":false},"excerpt":{"rendered":"<p>Azir\u00a0\u00e9 constru\u00eddo e adequado para qualquer site de neg\u00f3cios ou ag\u00eancia on-line e vem com um conceito criativo moderno, elegante e limpo. Use esses modelos projetados profissionalmente para iniciar seu projeto de web design. Azir \u00e9 um kit multi-purpose e responsivo que lhe permite configurar sua pr\u00f3pria p\u00e1gina web sem dor com sua excelente caracter\u00edstica, [&hellip;]<\/p>","protected":false},"featured_media":769,"comment_status":"closed","ping_status":"open","template":"","meta":{"_jf_limit_responses":"","iawp_total_views":17},"product_brand":[],"product_cat":[36,23,24],"product_tag":[19],"class_list":{"0":"post-768","1":"product","2":"type-product","3":"status-publish","4":"has-post-thumbnail","6":"product_cat-consultoria-de-negocios","7":"product_cat-templates-elementor-e-envato","8":"product_cat-templates-envato","9":"product_tag-vitalicio","11":"first","12":"instock","13":"downloadable","14":"virtual","15":"purchasable","16":"product-type-simple"},"_links":{"self":[{"href":"https:\/\/packdesites.com\/en\/wp-json\/wp\/v2\/product\/768","targetHints":{"allow":["GET"]}}],"collection":[{"href":"https:\/\/packdesites.com\/en\/wp-json\/wp\/v2\/product"}],"about":[{"href":"https:\/\/packdesites.com\/en\/wp-json\/wp\/v2\/types\/product"}],"replies":[{"embeddable":true,"href":"https:\/\/packdesites.com\/en\/wp-json\/wp\/v2\/comments?post=768"}],"version-history":[{"count":0,"href":"https:\/\/packdesites.com\/en\/wp-json\/wp\/v2\/product\/768\/revisions"}],"wp:featuredmedia":[{"embeddable":true,"href":"https:\/\/packdesites.com\/en\/wp-json\/wp\/v2\/media\/769"}],"wp:attachment":[{"href":"https:\/\/packdesites.com\/en\/wp-json\/wp\/v2\/media?parent=768"}],"wp:term":[{"taxonomy":"product_brand","embeddable":true,"href":"https:\/\/packdesites.com\/en\/wp-json\/wp\/v2\/product_brand?post=768"},{"taxonomy":"product_cat","embeddable":true,"href":"https:\/\/packdesites.com\/en\/wp-json\/wp\/v2\/product_cat?post=768"},{"taxonomy":"product_tag","embeddable":true,"href":"https:\/\/packdesites.com\/en\/wp-json\/wp\/v2\/product_tag?post=768"}],"curies":[{"name":"wp","href":"https:\/\/api.w.org\/{rel}","templated":true}]}}