{"id":726,"date":"2022-07-21T03:00:00","date_gmt":"2022-07-21T03:00:00","guid":{"rendered":"https:\/\/packdesites.com\/produto\/home-page-site-de-arquitetura\/"},"modified":"2025-04-03T00:32:25","modified_gmt":"2025-04-03T00:32:25","slug":"architecture-website-home-page","status":"publish","type":"product","link":"https:\/\/packdesites.com\/en\/product\/architecture-website-home-page\/","title":{"rendered":"Home Page \u2013 Architecture Website"},"content":{"rendered":"<p>Trotol is a fully responsive renovation template kit for desktop, tablet, and mobile builds using Elementor. It features a clean, simple, responsive design, easy customization, and much more. And many other features. Instantly see the preview to see any features.<\/p>\n\n\n\n<p><strong>Features<\/strong><\/p>\n\n\n\n<ul class=\"wp-block-list\"><li>12 Models<\/li><li>Thematic styles<\/li><li>Sensitive<\/li><li>Easy customization<\/li><li>Elementor Free Version<\/li><li>Clean design<\/li><li>Creative Design<\/li><li>No coding knowledge required<\/li><li>and many more<\/li><\/ul>\n\n\n\n<p><strong>Required plugins installed with kit<\/strong><\/p>\n\n\n\n<ul class=\"wp-block-list\"><li>Awesome Contact Form7 for Elementor<\/li><li>Contact Form<\/li><li>Elementor \u2013 Header, Footer and Blocks<\/li><\/ul>","protected":false},"excerpt":{"rendered":"<p>Trotol \u00e9 template kit de renova\u00e7\u00e3o \u00e9 totalmente responsivo para desktop, tablet e constru\u00e7\u00e3o m\u00f3vel usando elementor. com design limpo trouxe, design simples, responsivo, f\u00e1cil personaliza\u00e7\u00e3o e muito mais. E muitos outros recursos, ver instantaneamente a visualiza\u00e7\u00e3o para ver quaisquer recursos Caracter\u00edsticas 12 Modelos Estilos tem\u00e1ticos Sens\u00edvel Personaliza\u00e7\u00e3o f\u00e1cil Vers\u00e3o gratuita do Elementor Design limpo [&hellip;]<\/p>","protected":false},"featured_media":727,"comment_status":"closed","ping_status":"open","template":"","meta":{"_jf_limit_responses":"","iawp_total_views":45},"product_brand":[],"product_cat":[30,23,24],"product_tag":[19],"class_list":{"0":"post-726","1":"product","2":"type-product","3":"status-publish","4":"has-post-thumbnail","6":"product_cat-imobiliario-arquitetura-e-construcao-de-imoveis","7":"product_cat-templates-elementor-e-envato","8":"product_cat-templates-envato","9":"product_tag-vitalicio","11":"first","12":"instock","13":"downloadable","14":"virtual","15":"purchasable","16":"product-type-simple"},"_links":{"self":[{"href":"https:\/\/packdesites.com\/en\/wp-json\/wp\/v2\/product\/726","targetHints":{"allow":["GET"]}}],"collection":[{"href":"https:\/\/packdesites.com\/en\/wp-json\/wp\/v2\/product"}],"about":[{"href":"https:\/\/packdesites.com\/en\/wp-json\/wp\/v2\/types\/product"}],"replies":[{"embeddable":true,"href":"https:\/\/packdesites.com\/en\/wp-json\/wp\/v2\/comments?post=726"}],"version-history":[{"count":0,"href":"https:\/\/packdesites.com\/en\/wp-json\/wp\/v2\/product\/726\/revisions"}],"wp:featuredmedia":[{"embeddable":true,"href":"https:\/\/packdesites.com\/en\/wp-json\/wp\/v2\/media\/727"}],"wp:attachment":[{"href":"https:\/\/packdesites.com\/en\/wp-json\/wp\/v2\/media?parent=726"}],"wp:term":[{"taxonomy":"product_brand","embeddable":true,"href":"https:\/\/packdesites.com\/en\/wp-json\/wp\/v2\/product_brand?post=726"},{"taxonomy":"product_cat","embeddable":true,"href":"https:\/\/packdesites.com\/en\/wp-json\/wp\/v2\/product_cat?post=726"},{"taxonomy":"product_tag","embeddable":true,"href":"https:\/\/packdesites.com\/en\/wp-json\/wp\/v2\/product_tag?post=726"}],"curies":[{"name":"wp","href":"https:\/\/api.w.org\/{rel}","templated":true}]}}