{"id":720,"date":"2022-07-21T03:00:00","date_gmt":"2022-07-21T03:00:00","guid":{"rendered":"https:\/\/packdesites.com\/produto\/tajdid-site-de-construcao\/"},"modified":"2025-04-03T00:32:20","modified_gmt":"2025-04-03T00:32:20","slug":"tajdid-construction-site","status":"publish","type":"product","link":"https:\/\/packdesites.com\/en\/product\/tajdid-construction-site\/","title":{"rendered":"Tajdid \u2013 Construction Site"},"content":{"rendered":"<p>Tajdid \u2013 Renovation Elementor Template Kit is fully responsive for desktop, tablet and mobile. Polished with interesting color combination. Very suitable for you who want to make website renovation agency, services and more. This template modern design, clean design and easy to customize, easy to cange color and many more.<\/p>\n\n\n\n<p>Features<\/p>\n\n\n\n<ul class=\"wp-block-list\"><li>Sensitive<\/li><li>Easy to customize<\/li><li>No coding knowledge required<\/li><li>Elementor free version<\/li><li>Clean design<\/li><li>Modern Design<\/li><li>and others<\/li><\/ul>\n\n\n\n<p>**Required plugins installed with kit**<\/p>\n\n\n\n<ul class=\"wp-block-list\"><li>Elementor<\/li><li>JetSticky for Elementor<\/li><li>Hover Image Effects \u2013 Elementor Addon<\/li><li>Awesome Contact Form7 for Elementor<\/li><li>Contact Form 7<\/li><li>Elementor \u2013 Header, Footer and Blocks<\/li><\/ul>","protected":false},"excerpt":{"rendered":"<p>Tajdid &#8211; Renova\u00e7\u00e3o Elementor Template Kit \u00e9 totalmente sens\u00edvel para desktop, tablet e m\u00f3vel. polido com uma combina\u00e7\u00e3o de cores interessante. Muito adequado para voc\u00ea que quer fazer site ag\u00eancia de renova\u00e7\u00e3o, servi\u00e7os e muito mais. Este modelo de design moderno, design limpo e f\u00e1cil de personalizar, f\u00e1cil de cange cor e muitos mais. Caracter\u00edsticas [&hellip;]<\/p>","protected":false},"featured_media":721,"comment_status":"closed","ping_status":"open","template":"","meta":{"_jf_limit_responses":"","iawp_total_views":55},"product_brand":[],"product_cat":[27,23,24],"product_tag":[19],"class_list":{"0":"post-720","1":"product","2":"type-product","3":"status-publish","4":"has-post-thumbnail","6":"product_cat-prestadores-de-servicos","7":"product_cat-templates-elementor-e-envato","8":"product_cat-templates-envato","9":"product_tag-vitalicio","11":"first","12":"instock","13":"downloadable","14":"virtual","15":"purchasable","16":"product-type-simple"},"_links":{"self":[{"href":"https:\/\/packdesites.com\/en\/wp-json\/wp\/v2\/product\/720","targetHints":{"allow":["GET"]}}],"collection":[{"href":"https:\/\/packdesites.com\/en\/wp-json\/wp\/v2\/product"}],"about":[{"href":"https:\/\/packdesites.com\/en\/wp-json\/wp\/v2\/types\/product"}],"replies":[{"embeddable":true,"href":"https:\/\/packdesites.com\/en\/wp-json\/wp\/v2\/comments?post=720"}],"version-history":[{"count":0,"href":"https:\/\/packdesites.com\/en\/wp-json\/wp\/v2\/product\/720\/revisions"}],"wp:featuredmedia":[{"embeddable":true,"href":"https:\/\/packdesites.com\/en\/wp-json\/wp\/v2\/media\/721"}],"wp:attachment":[{"href":"https:\/\/packdesites.com\/en\/wp-json\/wp\/v2\/media?parent=720"}],"wp:term":[{"taxonomy":"product_brand","embeddable":true,"href":"https:\/\/packdesites.com\/en\/wp-json\/wp\/v2\/product_brand?post=720"},{"taxonomy":"product_cat","embeddable":true,"href":"https:\/\/packdesites.com\/en\/wp-json\/wp\/v2\/product_cat?post=720"},{"taxonomy":"product_tag","embeddable":true,"href":"https:\/\/packdesites.com\/en\/wp-json\/wp\/v2\/product_tag?post=720"}],"curies":[{"name":"wp","href":"https:\/\/api.w.org\/{rel}","templated":true}]}}