{"id":716,"date":"2022-07-21T03:00:00","date_gmt":"2022-07-21T03:00:00","guid":{"rendered":"https:\/\/packdesites.com\/produto\/silp-site-de-arquitetura-e-imoveis\/"},"modified":"2025-04-03T00:32:16","modified_gmt":"2025-04-03T00:32:16","slug":"silp-architecture-and-real-estate-website","status":"publish","type":"product","link":"https:\/\/packdesites.com\/en\/product\/silp-architecture-and-real-estate-website\/","title":{"rendered":"Silp \u2013 Architecture and real estate website"},"content":{"rendered":"<p>Silp \u2013 Real Estate &amp; Architecture Template Kit is an amazing new real estate agency and architecture WordPress Elementor template kit. This is powerful and fast to develop a website not only for real estate and architecture but for all construction businesses. This is an Elementor template kit that will help showcase your work or services. Silp \u2013 Real Estate &amp; Architecture Template Kit includes pages like About Us, Project, Project Info, Review, and Contact Us. Multiple home layouts help you showcase your services and work. Silp \u2013 Real Estate &amp; Architecture Template Kit comes with a modern and clean design with a huge set of contemporary layouts designed to help you create a powerful showcase website. You can change the look and feel. No need to understand coding. It is built for one of the popular drag and drop page builders Elementor. A quick way to create your website.<\/p>\n\n\n\n<p><strong>Features<\/strong><\/p>\n\n\n\n<ul class=\"wp-block-list\"><li>Elementor Drag and Drop Page Builder<\/li><li>10+ Ready to Use Pages<\/li><li>4 home pages<\/li><li>About Us Pages<\/li><li>Project pages in<\/li><li>Contact pages<\/li><li>Project Information Pages<\/li><li>Review pages<\/li><li>Services page<\/li><li>Archive page<\/li><li>Blog pages<\/li><li>Individual blog pages<\/li><\/ul>","protected":false},"excerpt":{"rendered":"<p>Silp &#8211; Real Estate &amp; Architecture Template Kit \u00e9 uma incr\u00edvel nova ag\u00eancia imobili\u00e1ria e arquitetura WordPress Elementor template kit. Isso \u00e9 poderoso e r\u00e1pido para desenvolver um site n\u00e3o apenas para im\u00f3veis e arquitetura, mas para todos os neg\u00f3cios de constru\u00e7\u00e3o. Este \u00e9 um template kit Elementor que ajudar\u00e1 a mostrar seu trabalho ou [&hellip;]<\/p>","protected":false},"featured_media":717,"comment_status":"closed","ping_status":"open","template":"","meta":{"_jf_limit_responses":"","iawp_total_views":26},"product_brand":[],"product_cat":[30,23,24],"product_tag":[19],"class_list":{"0":"post-716","1":"product","2":"type-product","3":"status-publish","4":"has-post-thumbnail","6":"product_cat-imobiliario-arquitetura-e-construcao-de-imoveis","7":"product_cat-templates-elementor-e-envato","8":"product_cat-templates-envato","9":"product_tag-vitalicio","11":"first","12":"instock","13":"downloadable","14":"virtual","15":"purchasable","16":"product-type-simple"},"_links":{"self":[{"href":"https:\/\/packdesites.com\/en\/wp-json\/wp\/v2\/product\/716","targetHints":{"allow":["GET"]}}],"collection":[{"href":"https:\/\/packdesites.com\/en\/wp-json\/wp\/v2\/product"}],"about":[{"href":"https:\/\/packdesites.com\/en\/wp-json\/wp\/v2\/types\/product"}],"replies":[{"embeddable":true,"href":"https:\/\/packdesites.com\/en\/wp-json\/wp\/v2\/comments?post=716"}],"version-history":[{"count":0,"href":"https:\/\/packdesites.com\/en\/wp-json\/wp\/v2\/product\/716\/revisions"}],"wp:featuredmedia":[{"embeddable":true,"href":"https:\/\/packdesites.com\/en\/wp-json\/wp\/v2\/media\/717"}],"wp:attachment":[{"href":"https:\/\/packdesites.com\/en\/wp-json\/wp\/v2\/media?parent=716"}],"wp:term":[{"taxonomy":"product_brand","embeddable":true,"href":"https:\/\/packdesites.com\/en\/wp-json\/wp\/v2\/product_brand?post=716"},{"taxonomy":"product_cat","embeddable":true,"href":"https:\/\/packdesites.com\/en\/wp-json\/wp\/v2\/product_cat?post=716"},{"taxonomy":"product_tag","embeddable":true,"href":"https:\/\/packdesites.com\/en\/wp-json\/wp\/v2\/product_tag?post=716"}],"curies":[{"name":"wp","href":"https:\/\/api.w.org\/{rel}","templated":true}]}}