{"id":690,"date":"2022-07-21T03:00:00","date_gmt":"2022-07-21T03:00:00","guid":{"rendered":"https:\/\/packdesites.com\/produto\/hunian-site-de-construcao\/"},"modified":"2025-04-03T00:31:45","modified_gmt":"2025-04-03T00:31:45","slug":"hunian-construction-site","status":"publish","type":"product","link":"https:\/\/packdesites.com\/en\/product\/hunian-construction-site\/","title":{"rendered":"Hunian \u2013 Construction Site"},"content":{"rendered":"<p>Introducing Hunian \u2013 Real Estate Elementor Kits. This template build for real estate company to share profile, services, project and team. Hunian comes with a header, footer and contact form built with Elementor Pro. Using a Theme Styles feature, you can customize all global styles like fonts and colors directly in Elementor.<\/p>\n\n\n\n<p>### Models:<\/p>\n\n\n\n<ul class=\"wp-block-list\"><li>Home page<\/li><li>Envelope<\/li><li>Services<\/li><li>Project<\/li><li>Contact<\/li><li>Team<\/li><li>Career<\/li><li>Blog<\/li><li>Single post<\/li><li>Page 404<\/li><\/ul>\n\n\n\n<p>### Required plugins:<\/p>\n\n\n\n<ul class=\"wp-block-list\"><li>Elementor<\/li><li>Elementor Pro (Paid Upgrade)<\/li><li>ElementsKit Lite (free, installed with kit)<\/li><\/ul>","protected":false},"excerpt":{"rendered":"<p>Apresentando Hunian &#8211; Real Estate Elementor Kits. Este modelo de constru\u00e7\u00e3o para a empresa imobili\u00e1ria para compartilhar o perfil, servi\u00e7os, projeto e equipe. Hunian vem com um cabe\u00e7alho, rodap\u00e9 e formul\u00e1rio de contato constru\u00eddo com Elementor Pro. Usando um recurso Estilos de Tema, voc\u00ea pode personalizar todos os estilos globais, como fontes e cores diretamente [&hellip;]<\/p>","protected":false},"featured_media":691,"comment_status":"closed","ping_status":"open","template":"","meta":{"_jf_limit_responses":"","iawp_total_views":39},"product_brand":[],"product_cat":[30,23,24],"product_tag":[19],"class_list":{"0":"post-690","1":"product","2":"type-product","3":"status-publish","4":"has-post-thumbnail","6":"product_cat-imobiliario-arquitetura-e-construcao-de-imoveis","7":"product_cat-templates-elementor-e-envato","8":"product_cat-templates-envato","9":"product_tag-vitalicio","11":"first","12":"instock","13":"downloadable","14":"virtual","15":"purchasable","16":"product-type-simple"},"_links":{"self":[{"href":"https:\/\/packdesites.com\/en\/wp-json\/wp\/v2\/product\/690","targetHints":{"allow":["GET"]}}],"collection":[{"href":"https:\/\/packdesites.com\/en\/wp-json\/wp\/v2\/product"}],"about":[{"href":"https:\/\/packdesites.com\/en\/wp-json\/wp\/v2\/types\/product"}],"replies":[{"embeddable":true,"href":"https:\/\/packdesites.com\/en\/wp-json\/wp\/v2\/comments?post=690"}],"version-history":[{"count":0,"href":"https:\/\/packdesites.com\/en\/wp-json\/wp\/v2\/product\/690\/revisions"}],"wp:featuredmedia":[{"embeddable":true,"href":"https:\/\/packdesites.com\/en\/wp-json\/wp\/v2\/media\/691"}],"wp:attachment":[{"href":"https:\/\/packdesites.com\/en\/wp-json\/wp\/v2\/media?parent=690"}],"wp:term":[{"taxonomy":"product_brand","embeddable":true,"href":"https:\/\/packdesites.com\/en\/wp-json\/wp\/v2\/product_brand?post=690"},{"taxonomy":"product_cat","embeddable":true,"href":"https:\/\/packdesites.com\/en\/wp-json\/wp\/v2\/product_cat?post=690"},{"taxonomy":"product_tag","embeddable":true,"href":"https:\/\/packdesites.com\/en\/wp-json\/wp\/v2\/product_tag?post=690"}],"curies":[{"name":"wp","href":"https:\/\/api.w.org\/{rel}","templated":true}]}}