{"id":662,"date":"2024-02-14T03:00:00","date_gmt":"2024-02-14T03:00:00","guid":{"rendered":"https:\/\/packdesites.com\/produto\/construk-site-de-construcao\/"},"modified":"2025-04-03T00:31:16","modified_gmt":"2025-04-03T00:31:16","slug":"construk-construction-site","status":"publish","type":"product","link":"https:\/\/packdesites.com\/en\/product\/construk-construction-site\/","title":{"rendered":"Construk \u2013 Construction website"},"content":{"rendered":"<p>Construk is designed for architecture, construction, building, handyman, companies or any type of person or company that wants to showcase their work, services and professional manner.<\/p>\n\n\n\n<p><strong>Models:<\/strong><\/p>\n\n\n\n<ul class=\"wp-block-list\"><li>Home page<\/li><li>About us<\/li><li>Service<\/li><li>Service Details<\/li><li>Our team<\/li><li>Prices<\/li><li>Frequently Asked Questions<\/li><li>Page 404 *Blog<\/li><li>Contact<\/li><\/ul>\n\n\n\n<p><strong>Features<\/strong><\/p>\n\n\n\n<ul class=\"wp-block-list\"><li>Header and Footer Builder<\/li><li>Global Theme Style \u2013 Customize fonts in one place<\/li><\/ul>","protected":false},"excerpt":{"rendered":"<p>Construk \u00e9 projetado para arquitetura, constru\u00e7\u00e3o, constru\u00e7\u00e3o, faz-tudo, empresas ou qualquer tipo de pessoa ou empresa que queira mostrar seu trabalho, servi\u00e7os e forma profissional. Modelos: P\u00e1gina inicial Sobre n\u00f3s Servi\u00e7o Detalhes do servi\u00e7o Nossa equipe Pre\u00e7os Perguntas frequentes P\u00e1gina 404 *Blog Contato Caracter\u00edsticas Construtor de cabe\u00e7alho e rodap\u00e9 Estilo de Tema global &#8211; personalize [&hellip;]<\/p>","protected":false},"featured_media":663,"comment_status":"closed","ping_status":"open","template":"","meta":{"_jf_limit_responses":"","iawp_total_views":196},"product_brand":[],"product_cat":[30,27,23,24],"product_tag":[19],"class_list":{"0":"post-662","1":"product","2":"type-product","3":"status-publish","4":"has-post-thumbnail","6":"product_cat-imobiliario-arquitetura-e-construcao-de-imoveis","7":"product_cat-prestadores-de-servicos","8":"product_cat-templates-elementor-e-envato","9":"product_cat-templates-envato","10":"product_tag-vitalicio","12":"first","13":"instock","14":"downloadable","15":"virtual","16":"purchasable","17":"product-type-simple"},"_links":{"self":[{"href":"https:\/\/packdesites.com\/en\/wp-json\/wp\/v2\/product\/662","targetHints":{"allow":["GET"]}}],"collection":[{"href":"https:\/\/packdesites.com\/en\/wp-json\/wp\/v2\/product"}],"about":[{"href":"https:\/\/packdesites.com\/en\/wp-json\/wp\/v2\/types\/product"}],"replies":[{"embeddable":true,"href":"https:\/\/packdesites.com\/en\/wp-json\/wp\/v2\/comments?post=662"}],"version-history":[{"count":0,"href":"https:\/\/packdesites.com\/en\/wp-json\/wp\/v2\/product\/662\/revisions"}],"wp:featuredmedia":[{"embeddable":true,"href":"https:\/\/packdesites.com\/en\/wp-json\/wp\/v2\/media\/663"}],"wp:attachment":[{"href":"https:\/\/packdesites.com\/en\/wp-json\/wp\/v2\/media?parent=662"}],"wp:term":[{"taxonomy":"product_brand","embeddable":true,"href":"https:\/\/packdesites.com\/en\/wp-json\/wp\/v2\/product_brand?post=662"},{"taxonomy":"product_cat","embeddable":true,"href":"https:\/\/packdesites.com\/en\/wp-json\/wp\/v2\/product_cat?post=662"},{"taxonomy":"product_tag","embeddable":true,"href":"https:\/\/packdesites.com\/en\/wp-json\/wp\/v2\/product_tag?post=662"}],"curies":[{"name":"wp","href":"https:\/\/api.w.org\/{rel}","templated":true}]}}