{"id":657,"date":"2022-07-20T03:00:00","date_gmt":"2022-07-20T03:00:00","guid":{"rendered":"https:\/\/packdesites.com\/produto\/chauni-site-de-construcao\/"},"modified":"2025-04-03T00:30:56","modified_gmt":"2025-04-03T00:30:56","slug":"chauni-construction-site","status":"publish","type":"product","link":"https:\/\/packdesites.com\/en\/product\/chauni-construction-site\/","title":{"rendered":"Chauni \u2013 Construction Site"},"content":{"rendered":"<p>Chauni Roofing Template is a complete Elementor Template kit designed for local roofers especially. I design this template considering Local SEO benefits for all local roofing business contractors through its special SEO rich content structures. These template kits contain 2 versions of the homepage along with service pages, pricing and a single blog page template.<\/p>\n\n\n\n<p>With the modern and stylish layouts, Chauni template can also use any construction based local businesses such as construction, exterior, maintenance, painting, remodeling, renovation, repair service, and other similar services.<\/p>\n\n\n\n<p><strong>Features<\/strong>&nbsp;-Content-rich template -SEO friendly layout<\/p>\n\n\n\n<ul class=\"wp-block-list\"><li>Call to Effective Action<\/li><li>Browser compatibility: Chrome, Firefox, Safari, Opera<\/li><li>9-page templates<\/li><li>Global Header, Footer and Single Blog Publishing Template<\/li><\/ul>","protected":false},"excerpt":{"rendered":"<p>Chauni Roofing Modelo \u00e9 um kit Elementor Template completo projetado para telhados locais especialmente. Eu projetar este modelo considerando benef\u00edcios SEO Local para todos os empreiteiros de neg\u00f3cios de coberturas locais atrav\u00e9s de suas estruturas de conte\u00fado especiais SEO rico. Esses template kits cont\u00eam 2 vers\u00f5es da p\u00e1gina inicial, juntamente com p\u00e1ginas de servi\u00e7o, pre\u00e7os [&hellip;]<\/p>","protected":false},"featured_media":658,"comment_status":"closed","ping_status":"open","template":"","meta":{"_jf_limit_responses":"","iawp_total_views":44},"product_brand":[],"product_cat":[23,24],"product_tag":[19],"class_list":{"0":"post-657","1":"product","2":"type-product","3":"status-publish","4":"has-post-thumbnail","6":"product_cat-templates-elementor-e-envato","7":"product_cat-templates-envato","8":"product_tag-vitalicio","10":"first","11":"instock","12":"downloadable","13":"virtual","14":"purchasable","15":"product-type-simple"},"_links":{"self":[{"href":"https:\/\/packdesites.com\/en\/wp-json\/wp\/v2\/product\/657","targetHints":{"allow":["GET"]}}],"collection":[{"href":"https:\/\/packdesites.com\/en\/wp-json\/wp\/v2\/product"}],"about":[{"href":"https:\/\/packdesites.com\/en\/wp-json\/wp\/v2\/types\/product"}],"replies":[{"embeddable":true,"href":"https:\/\/packdesites.com\/en\/wp-json\/wp\/v2\/comments?post=657"}],"version-history":[{"count":0,"href":"https:\/\/packdesites.com\/en\/wp-json\/wp\/v2\/product\/657\/revisions"}],"wp:featuredmedia":[{"embeddable":true,"href":"https:\/\/packdesites.com\/en\/wp-json\/wp\/v2\/media\/658"}],"wp:attachment":[{"href":"https:\/\/packdesites.com\/en\/wp-json\/wp\/v2\/media?parent=657"}],"wp:term":[{"taxonomy":"product_brand","embeddable":true,"href":"https:\/\/packdesites.com\/en\/wp-json\/wp\/v2\/product_brand?post=657"},{"taxonomy":"product_cat","embeddable":true,"href":"https:\/\/packdesites.com\/en\/wp-json\/wp\/v2\/product_cat?post=657"},{"taxonomy":"product_tag","embeddable":true,"href":"https:\/\/packdesites.com\/en\/wp-json\/wp\/v2\/product_tag?post=657"}],"curies":[{"name":"wp","href":"https:\/\/api.w.org\/{rel}","templated":true}]}}