{"id":647,"date":"2022-11-10T03:00:00","date_gmt":"2022-11-10T03:00:00","guid":{"rendered":"https:\/\/packdesites.com\/produto\/crossgym-ginasio-e-fitness\/"},"modified":"2025-04-03T00:30:46","modified_gmt":"2025-04-03T00:30:46","slug":"crossgym-gym-and-fitness","status":"publish","type":"product","link":"https:\/\/packdesites.com\/en\/product\/crossgym-gym-and-fitness\/","title":{"rendered":"CrossGym \u2013 Gym and Fitness"},"content":{"rendered":"<p>Build an unstoppable online presentation for your gym or fitness center the powerful way with CrossGym, a kit packed with all the elements&nbsp;<strong>that a modern gym, fitness or personal trainer website might need.<\/strong><\/p>\n\n\n\n<p><strong>Main features<\/strong><\/p>\n\n\n\n<ul class=\"wp-block-list\"><li>10 Elementor Templates<\/li><li>1 click installation<\/li><li>True codeless customization with visual drag-and-drop builder<\/li><li>Customize fonts and colors in one place or fine-tune individual elements<\/li><li>Modern and professional design<\/li><li>Fast charging<\/li><li>Works with most elementor themes.<\/li><\/ul>\n\n\n\n<p><strong>Kit includes:<\/strong><\/p>\n\n\n\n<ul class=\"wp-block-list\"><li>Home 1<\/li><li>Home 2<\/li><li>Home 3<\/li><li>Home model 4<\/li><li>Event page<\/li><li>Contact Us Page<\/li><li>Services<\/li><li>Our Team<\/li><li>Pricing<\/li><li>Who we are<\/li><\/ul>\n\n\n\n<p><strong>Elementor Pro upgrade is required for some templates and features (not included)<\/strong><\/p>\n\n\n\n<p><strong>Sources:<\/strong><\/p>\n\n\n\n<ul class=\"wp-block-list\"><li>Open Sans<\/li><li>Mountain One<\/li><\/ul>","protected":false},"excerpt":{"rendered":"<p>Construa uma apresenta\u00e7\u00e3o on-line impar\u00e1vel para sua academia ou academia da maneira poderosa com o CrossGym, um kit repleto de todos os elementos&nbsp;que um site moderno de academia, fitness ou personal trainer pode precisar. Principais caracter\u00edsticas 10 Modelos Elementor 1 instala\u00e7\u00e3o de cliques Verdadeira personaliza\u00e7\u00e3o sem c\u00f3digo com construtor visual de arrastar e soltar Personalize [&hellip;]<\/p>","protected":false},"featured_media":648,"comment_status":"closed","ping_status":"open","template":"","meta":{"_jf_limit_responses":"","iawp_total_views":85},"product_brand":[],"product_cat":[35,27,23,24],"product_tag":[19],"class_list":{"0":"post-647","1":"product","2":"type-product","3":"status-publish","4":"has-post-thumbnail","6":"product_cat-academia-e-fitness","7":"product_cat-prestadores-de-servicos","8":"product_cat-templates-elementor-e-envato","9":"product_cat-templates-envato","10":"product_tag-vitalicio","12":"first","13":"instock","14":"downloadable","15":"virtual","16":"purchasable","17":"product-type-simple"},"_links":{"self":[{"href":"https:\/\/packdesites.com\/en\/wp-json\/wp\/v2\/product\/647","targetHints":{"allow":["GET"]}}],"collection":[{"href":"https:\/\/packdesites.com\/en\/wp-json\/wp\/v2\/product"}],"about":[{"href":"https:\/\/packdesites.com\/en\/wp-json\/wp\/v2\/types\/product"}],"replies":[{"embeddable":true,"href":"https:\/\/packdesites.com\/en\/wp-json\/wp\/v2\/comments?post=647"}],"version-history":[{"count":0,"href":"https:\/\/packdesites.com\/en\/wp-json\/wp\/v2\/product\/647\/revisions"}],"wp:featuredmedia":[{"embeddable":true,"href":"https:\/\/packdesites.com\/en\/wp-json\/wp\/v2\/media\/648"}],"wp:attachment":[{"href":"https:\/\/packdesites.com\/en\/wp-json\/wp\/v2\/media?parent=647"}],"wp:term":[{"taxonomy":"product_brand","embeddable":true,"href":"https:\/\/packdesites.com\/en\/wp-json\/wp\/v2\/product_brand?post=647"},{"taxonomy":"product_cat","embeddable":true,"href":"https:\/\/packdesites.com\/en\/wp-json\/wp\/v2\/product_cat?post=647"},{"taxonomy":"product_tag","embeddable":true,"href":"https:\/\/packdesites.com\/en\/wp-json\/wp\/v2\/product_tag?post=647"}],"curies":[{"name":"wp","href":"https:\/\/api.w.org\/{rel}","templated":true}]}}