{"id":627,"date":"2022-07-18T03:00:00","date_gmt":"2022-07-18T03:00:00","guid":{"rendered":"https:\/\/packdesites.com\/produto\/tomahawk-cursos-online\/"},"modified":"2025-07-28T13:01:15","modified_gmt":"2025-07-28T16:01:15","slug":"tomahawk-online-courses","status":"publish","type":"product","link":"https:\/\/packdesites.com\/en\/product\/tomahawk-online-courses\/","title":{"rendered":"Tomahawk \u2013 Online Courses"},"content":{"rendered":"<p>Welcome to Tomahawk, a template kit for online education and courses. If you are looking for a clean and well-designed template, this template is for you. It has\u00a0<strong>16 pre-built layouts packed with beautiful graphic features<\/strong>\u00a0and attractive.<\/p>\n\n\n\n<p>This kit was built with the Hello theme, but you can use any other theme with elementor support.<\/p>\n\n\n\n<p>Elementor Pro upgrade is required for some templates and features (not included).<\/p>\n\n\n\n<p><strong>Features<\/strong><\/p>\n\n\n\n<ul class=\"wp-block-list\">\n<li>Online documentation<\/li>\n<li>True codeless customization with visual drag-and-drop builder<\/li>\n<li>Customize fonts and colors in one place or fine-tune individual elements<\/li>\n<li>Modern and professional design<\/li>\n<li>Fast charging<\/li>\n<li>Header and Footer Builder<\/li>\n<li>Fully customizable<\/li>\n<li>Responsive layout<\/li>\n<li>Great documentation and support from Elementor and WooCommerce<\/li>\n<\/ul>\n\n\n\n<p><strong>Models<\/strong><\/p>\n\n\n\n<ul class=\"wp-block-list\">\n<li>Who we are<\/li>\n<li>Shortly<\/li>\n<li>Contact<\/li>\n<li>Courses<\/li>\n<li>Courses Details<\/li>\n<li>Frequently Asked Questions<\/li>\n<li>Home<\/li>\n<li>Partner<\/li>\n<li>Pricing Plans<\/li>\n<li>Team<\/li>\n<li>404<\/li>\n<li>Header<\/li>\n<li>Baseboard<\/li>\n<li>Blog Archive<\/li>\n<li>Single Post<\/li>\n<li>Popup<\/li>\n<\/ul>\n\n\n\n<p><strong>Required plugins<\/strong><\/p>\n\n\n\n<ul class=\"wp-block-list\">\n<li>Elementor<\/li>\n<li>Elementor Pro<\/li>\n<\/ul>","protected":false},"excerpt":{"rendered":"<p>Bem-vindos ao Tomahawk um kit de modelos para educa\u00e7\u00e3o online e cursos. Se voc\u00ea est\u00e1 procurando um modelo limpo e bem projetado este modelo \u00e9 para voc\u00ea. Possui\u00a016 layouts pr\u00e9-constru\u00eddos cheios de recursos gr\u00e1ficos bonitos\u00a0e atraentes. Este kit foi constru\u00eddo com o tema Ol\u00e1, mas voc\u00ea pode usar qualquer outro tema com suporte elementor. A [&hellip;]<\/p>","protected":false},"featured_media":628,"comment_status":"closed","ping_status":"open","template":"","meta":{"_jf_limit_responses":"","iawp_total_views":67},"product_brand":[],"product_cat":[23,28,26,24],"product_tag":[19],"class_list":{"0":"post-627","1":"product","2":"type-product","3":"status-publish","4":"has-post-thumbnail","6":"product_cat-templates-elementor-e-envato","7":"product_cat-educacao-e-treinamento","8":"product_cat-lojas-virtuais","9":"product_cat-templates-envato","10":"product_tag-vitalicio","12":"first","13":"instock","14":"downloadable","15":"virtual","16":"purchasable","17":"product-type-simple"},"_links":{"self":[{"href":"https:\/\/packdesites.com\/en\/wp-json\/wp\/v2\/product\/627","targetHints":{"allow":["GET"]}}],"collection":[{"href":"https:\/\/packdesites.com\/en\/wp-json\/wp\/v2\/product"}],"about":[{"href":"https:\/\/packdesites.com\/en\/wp-json\/wp\/v2\/types\/product"}],"replies":[{"embeddable":true,"href":"https:\/\/packdesites.com\/en\/wp-json\/wp\/v2\/comments?post=627"}],"version-history":[{"count":1,"href":"https:\/\/packdesites.com\/en\/wp-json\/wp\/v2\/product\/627\/revisions"}],"predecessor-version":[{"id":23109,"href":"https:\/\/packdesites.com\/en\/wp-json\/wp\/v2\/product\/627\/revisions\/23109"}],"wp:featuredmedia":[{"embeddable":true,"href":"https:\/\/packdesites.com\/en\/wp-json\/wp\/v2\/media\/628"}],"wp:attachment":[{"href":"https:\/\/packdesites.com\/en\/wp-json\/wp\/v2\/media?parent=627"}],"wp:term":[{"taxonomy":"product_brand","embeddable":true,"href":"https:\/\/packdesites.com\/en\/wp-json\/wp\/v2\/product_brand?post=627"},{"taxonomy":"product_cat","embeddable":true,"href":"https:\/\/packdesites.com\/en\/wp-json\/wp\/v2\/product_cat?post=627"},{"taxonomy":"product_tag","embeddable":true,"href":"https:\/\/packdesites.com\/en\/wp-json\/wp\/v2\/product_tag?post=627"}],"curies":[{"name":"wp","href":"https:\/\/api.w.org\/{rel}","templated":true}]}}