{"id":611,"date":"2022-07-18T03:00:00","date_gmt":"2022-07-18T03:00:00","guid":{"rendered":"https:\/\/packdesites.com\/produto\/learnera-e-learning-escola-e-universidade-ele\/"},"modified":"2025-04-03T00:30:05","modified_gmt":"2025-04-03T00:30:05","slug":"learnera-and-learning-school-and-university-he","status":"publish","type":"product","link":"https:\/\/packdesites.com\/en\/product\/learnera-and-learning-school-and-university-he\/","title":{"rendered":"Learnera \u2013 E-learning, School and University"},"content":{"rendered":"<p>Open the doors of your educational language school, kindergarten, language center and training courses, language schools, language courses, online courses, learning management systems, art school, playroom, gym and any type of learning and education sites<\/p>\n\n\n\n<p>With over 10 different pages for your e-learning website and a set of fully customizable pages, Learnera is everything you could need.<\/p>\n\n\n\n<p>Share details about online tutors, classes, and teaching methods with clean design, modern e-learning options, and online courses. Learnera will help you introduce each teacher and showcase any type of school as a professional. Show that classes can be fun!<\/p>\n\n\n\n<p><strong>Page templates included<\/strong><\/p>\n\n\n\n<ul class=\"wp-block-list\"><li>Home page<\/li><li>Services page<\/li><li>Success Story Page<\/li><li>Timeline Page<\/li><li>Prices<\/li><li>My Instructor Page<\/li><li>About Us Page<\/li><li>About Us v2 Page<\/li><li>Contact Us Page<\/li><li>FAQs Page<\/li><\/ul>\n\n\n\n<p><strong>Features<\/strong><\/p>\n\n\n\n<ul class=\"wp-block-list\"><li>1 Header Template for Theme Builder<\/li><li>1 Footer Template for Theme Builder<\/li><\/ul>","protected":false},"excerpt":{"rendered":"<p>Abra as portas da sua escola de idiomas educacional, jardim de inf\u00e2ncia, centro de idiomas e cursos de treinamento, escolas de idiomas, cursos de idiomas, cursos on-line, sistemas de gerenciamento de aprendizagem, escola de arte, sala de jogos, academia e qualquer tipo de sites de aprendizagem e educa\u00e7\u00e3o Com mais de 10 p\u00e1ginas diferentes para [&hellip;]<\/p>","protected":false},"featured_media":612,"comment_status":"closed","ping_status":"open","template":"","meta":{"_jf_limit_responses":"","iawp_total_views":34},"product_brand":[],"product_cat":[28,23,24],"product_tag":[19],"class_list":{"0":"post-611","1":"product","2":"type-product","3":"status-publish","4":"has-post-thumbnail","6":"product_cat-educacao-e-treinamento","7":"product_cat-templates-elementor-e-envato","8":"product_cat-templates-envato","9":"product_tag-vitalicio","11":"first","12":"instock","13":"downloadable","14":"virtual","15":"purchasable","16":"product-type-simple"},"_links":{"self":[{"href":"https:\/\/packdesites.com\/en\/wp-json\/wp\/v2\/product\/611","targetHints":{"allow":["GET"]}}],"collection":[{"href":"https:\/\/packdesites.com\/en\/wp-json\/wp\/v2\/product"}],"about":[{"href":"https:\/\/packdesites.com\/en\/wp-json\/wp\/v2\/types\/product"}],"replies":[{"embeddable":true,"href":"https:\/\/packdesites.com\/en\/wp-json\/wp\/v2\/comments?post=611"}],"version-history":[{"count":0,"href":"https:\/\/packdesites.com\/en\/wp-json\/wp\/v2\/product\/611\/revisions"}],"wp:featuredmedia":[{"embeddable":true,"href":"https:\/\/packdesites.com\/en\/wp-json\/wp\/v2\/media\/612"}],"wp:attachment":[{"href":"https:\/\/packdesites.com\/en\/wp-json\/wp\/v2\/media?parent=611"}],"wp:term":[{"taxonomy":"product_brand","embeddable":true,"href":"https:\/\/packdesites.com\/en\/wp-json\/wp\/v2\/product_brand?post=611"},{"taxonomy":"product_cat","embeddable":true,"href":"https:\/\/packdesites.com\/en\/wp-json\/wp\/v2\/product_cat?post=611"},{"taxonomy":"product_tag","embeddable":true,"href":"https:\/\/packdesites.com\/en\/wp-json\/wp\/v2\/product_tag?post=611"}],"curies":[{"name":"wp","href":"https:\/\/api.w.org\/{rel}","templated":true}]}}