{"id":609,"date":"2022-07-18T03:00:00","date_gmt":"2022-07-18T03:00:00","guid":{"rendered":"https:\/\/packdesites.com\/produto\/kidzy-ensino-fundamental\/"},"modified":"2025-04-03T00:30:03","modified_gmt":"2025-04-03T00:30:03","slug":"kidzy-elementary-school","status":"publish","type":"product","link":"https:\/\/packdesites.com\/en\/product\/kidzy-elementary-school\/","title":{"rendered":"Kidzy \u2013 Elementary School"},"content":{"rendered":"<p>Kidzy is a modern and clean Elementor Template Kit created specifically for kindergartens and preschools, as well as a perfect fit for daycare centers or any child-related website. This template has a beautiful and unique design with a responsive, retina-ready 100% layout, and no coding required!<\/p>\n\n\n\n<p>This template kit includes 10 stunning, carefully crafted templates, you can create your professional-looking business website just a click away.<\/p>\n\n\n\n<p><strong>Page templates included<\/strong><\/p>\n\n\n\n<ul class=\"wp-block-list\"><li>Home page<\/li><li>Class page<\/li><li>Class details page<\/li><li>Contact Us Page<\/li><li>About Us Page<\/li><li>Teacher&#039;s page<\/li><li>Teacher Details Page<\/li><li>Events and competitions page<\/li><li>Gallery page<\/li><li>Pricing Page<\/li><\/ul>\n\n\n\n<p><strong>Features<\/strong><\/p>\n\n\n\n<ol class=\"wp-block-list\"><li>Header Template for Theme Builder<\/li><li>Footer Template for Theme Builder<\/li><\/ol>\n\n\n\n<ul class=\"wp-block-list\"><li>Elementor Pro upgrade required for some templates and features (not included)<\/li><\/ul>\n\n\n\n<p><strong>How to install:<\/strong><\/p>\n\n\n\n<ol class=\"wp-block-list\"><li>Install and activate the \u201cEnvato Elements\u201d plugin in Plugins &gt; Add New in WordPress 2. Do not unzip 3. Go to Elements &gt; Installed Kits and click the Upload Template Kit button. 4. Before importing a template, make sure the Installation Requirements button is clicked to activate the necessary plugins 5. For best results, do not import more than one template at a time.<\/li><\/ol>","protected":false},"excerpt":{"rendered":"<p>Kidzy \u00e9 um Template Kit Elementor moderno e limpo criado especialmente para o jardim de inf\u00e2ncia e pr\u00e9-escola, bem como se encaixa perfeitamente para creches ou qualquer site relacionado a crian\u00e7as. Este modelo tem um design bonito e exclusivo com um layout 100% responsivo, pronto para retina e sem uma \u00fanica linha de codifica\u00e7\u00e3o! Este [&hellip;]<\/p>","protected":false},"featured_media":610,"comment_status":"closed","ping_status":"open","template":"","meta":{"_jf_limit_responses":"","iawp_total_views":18},"product_brand":[],"product_cat":[23,24],"product_tag":[19],"class_list":{"0":"post-609","1":"product","2":"type-product","3":"status-publish","4":"has-post-thumbnail","6":"product_cat-templates-elementor-e-envato","7":"product_cat-templates-envato","8":"product_tag-vitalicio","10":"first","11":"instock","12":"downloadable","13":"virtual","14":"purchasable","15":"product-type-simple"},"_links":{"self":[{"href":"https:\/\/packdesites.com\/en\/wp-json\/wp\/v2\/product\/609","targetHints":{"allow":["GET"]}}],"collection":[{"href":"https:\/\/packdesites.com\/en\/wp-json\/wp\/v2\/product"}],"about":[{"href":"https:\/\/packdesites.com\/en\/wp-json\/wp\/v2\/types\/product"}],"replies":[{"embeddable":true,"href":"https:\/\/packdesites.com\/en\/wp-json\/wp\/v2\/comments?post=609"}],"version-history":[{"count":0,"href":"https:\/\/packdesites.com\/en\/wp-json\/wp\/v2\/product\/609\/revisions"}],"wp:featuredmedia":[{"embeddable":true,"href":"https:\/\/packdesites.com\/en\/wp-json\/wp\/v2\/media\/610"}],"wp:attachment":[{"href":"https:\/\/packdesites.com\/en\/wp-json\/wp\/v2\/media?parent=609"}],"wp:term":[{"taxonomy":"product_brand","embeddable":true,"href":"https:\/\/packdesites.com\/en\/wp-json\/wp\/v2\/product_brand?post=609"},{"taxonomy":"product_cat","embeddable":true,"href":"https:\/\/packdesites.com\/en\/wp-json\/wp\/v2\/product_cat?post=609"},{"taxonomy":"product_tag","embeddable":true,"href":"https:\/\/packdesites.com\/en\/wp-json\/wp\/v2\/product_tag?post=609"}],"curies":[{"name":"wp","href":"https:\/\/api.w.org\/{rel}","templated":true}]}}