{"id":607,"date":"2022-07-18T03:00:00","date_gmt":"2022-07-18T03:00:00","guid":{"rendered":"https:\/\/packdesites.com\/produto\/kidzena-jardim-de-infancia-e-pre-escolar\/"},"modified":"2025-04-03T00:30:01","modified_gmt":"2025-04-03T00:30:01","slug":"kidzena-kindergarten-and-preschool","status":"publish","type":"product","link":"https:\/\/packdesites.com\/en\/product\/kidzena-kindergarten-and-preschool\/","title":{"rendered":"Kidzena \u2013 Kindergarten and Preschool"},"content":{"rendered":"<p>Kidzena is a clean, modern Elementor template kit designed specifically for kindergartens and preschools, and is perfect for daycare centers or any child-related website. This template features a beautiful and unique design with a responsive, retina-ready 100% layout, all without a single line of coding!<\/p>\n\n\n\n<p>This template kit includes 16+ stunning stunning templates, you can build your professional-looking business website just a click away.<\/p>\n\n\n\n<p><strong>Features:<\/strong><\/p>\n\n\n\n<ul class=\"wp-block-list\"><li>Using free plugins (Elementor Pro is not required)<\/li><li>Modern, Classic &amp; Clean Design<\/li><li>16+ Ready to use templates<\/li><li>Fully responsive layout<\/li><li>Retina Ready<\/li><li>Fully customizable<\/li><li>Cross browser compatibility: Chrome, Firefox, Safari, Opera<\/li><\/ul>\n\n\n\n<p><strong>Models include:<\/strong><\/p>\n\n\n\n<ul class=\"wp-block-list\"><li>Home<\/li><li>Who we are<\/li><li>Class<\/li><li>Class Details<\/li><li>404 Page<\/li><li>Pricing Plan<\/li><li>News<\/li><li>Only news<\/li><li>Teacher<\/li><li>FREQUENTLY ASKED QUESTIONS<\/li><li>Contact us<\/li><li>Metform \u2013 Contact Form<\/li><li>Metform \u2013 Registration<\/li><li>Header<\/li><li>Baseboard<\/li><li>Global Thematic Style<\/li><\/ul>\n\n\n\n<p><strong>Required plugin:<\/strong><\/p>\n\n\n\n<ul class=\"wp-block-list\"><li>Elementor<\/li><li>I Elementor Kit<\/li><li>Metform<\/li><\/ul>","protected":false},"excerpt":{"rendered":"<p>Kidzena \u00e9 um kit de modelo elementor moderno e limpo criado especialmente para o Jardim de Inf\u00e2ncia e Pr\u00e9-Escola, bem como se encaixa perfeitamente para creches ou qualquer site relacionado \u00e0 crian\u00e7a. Este modelo tem um design bonito e \u00fanico com um layout 100% responsivo, pronto para retina, e sem uma \u00fanica linha de codifica\u00e7\u00e3o! [&hellip;]<\/p>","protected":false},"featured_media":608,"comment_status":"closed","ping_status":"open","template":"","meta":{"_jf_limit_responses":"","iawp_total_views":24},"product_brand":[],"product_cat":[23,24],"product_tag":[19],"class_list":{"0":"post-607","1":"product","2":"type-product","3":"status-publish","4":"has-post-thumbnail","6":"product_cat-templates-elementor-e-envato","7":"product_cat-templates-envato","8":"product_tag-vitalicio","10":"first","11":"instock","12":"downloadable","13":"virtual","14":"purchasable","15":"product-type-simple"},"_links":{"self":[{"href":"https:\/\/packdesites.com\/en\/wp-json\/wp\/v2\/product\/607","targetHints":{"allow":["GET"]}}],"collection":[{"href":"https:\/\/packdesites.com\/en\/wp-json\/wp\/v2\/product"}],"about":[{"href":"https:\/\/packdesites.com\/en\/wp-json\/wp\/v2\/types\/product"}],"replies":[{"embeddable":true,"href":"https:\/\/packdesites.com\/en\/wp-json\/wp\/v2\/comments?post=607"}],"version-history":[{"count":0,"href":"https:\/\/packdesites.com\/en\/wp-json\/wp\/v2\/product\/607\/revisions"}],"wp:featuredmedia":[{"embeddable":true,"href":"https:\/\/packdesites.com\/en\/wp-json\/wp\/v2\/media\/608"}],"wp:attachment":[{"href":"https:\/\/packdesites.com\/en\/wp-json\/wp\/v2\/media?parent=607"}],"wp:term":[{"taxonomy":"product_brand","embeddable":true,"href":"https:\/\/packdesites.com\/en\/wp-json\/wp\/v2\/product_brand?post=607"},{"taxonomy":"product_cat","embeddable":true,"href":"https:\/\/packdesites.com\/en\/wp-json\/wp\/v2\/product_cat?post=607"},{"taxonomy":"product_tag","embeddable":true,"href":"https:\/\/packdesites.com\/en\/wp-json\/wp\/v2\/product_tag?post=607"}],"curies":[{"name":"wp","href":"https:\/\/api.w.org\/{rel}","templated":true}]}}