{"id":601,"date":"2022-07-18T03:00:00","date_gmt":"2022-07-18T03:00:00","guid":{"rendered":"https:\/\/packdesites.com\/produto\/eureka-aprendizagem-online\/"},"modified":"2025-04-03T00:29:50","modified_gmt":"2025-04-03T00:29:50","slug":"eureka-online-learning","status":"publish","type":"product","link":"https:\/\/packdesites.com\/en\/product\/eureka-online-learning\/","title":{"rendered":"Eureka \u2013 Online Learning"},"content":{"rendered":"<p>Eureka is Modern is an Elementor Template Kit to quickly and easily create websites for your business using the Elementor Page Builder plugin for WordPress. This kit is optimized for use with the free Hello Elementor theme, but can be used with most themes that support Elementor.<\/p>\n\n\n\n<p><strong>Page Templates:<\/strong><\/p>\n\n\n\n<ul class=\"wp-block-list\">\n<li>Home page<\/li>\n<li>On<\/li>\n<li>Course<\/li>\n<li>Single course<\/li>\n<li>Teacher Profile Page<\/li>\n<li>News<\/li>\n<li>Individual news<\/li>\n<li>Contact<\/li>\n<li>Search result<\/li>\n<li>Single 404<\/li>\n<\/ul>\n\n\n\n<p><strong>Sections and blocks:<\/strong><\/p>\n\n\n\n<ul class=\"wp-block-list\">\n<li>Main header<\/li>\n<li>Baseboard<\/li>\n<li>Hero Slide<\/li>\n<li>Main testimony<\/li>\n<li>Carousel of testimonies<\/li>\n<li>Carousel 2 Column Course<\/li>\n<li>Carousel 3 Column Course<\/li>\n<li>Course Guides<\/li>\n<li>QnA Guides<\/li>\n<\/ul>\n\n\n\n<p><strong>Required plugins (will be installed automatically):<\/strong><\/p>\n\n\n\n<ul class=\"wp-block-list\">\n<li>Elementor<\/li>\n<li>Premium Plugin for Elementor<\/li>\n<li>Elements Lite Kit for Elementor<\/li>\n<li>XL Guide<\/li>\n<\/ul>","protected":false},"excerpt":{"rendered":"<p>Eureka is Modern \u00e9 um Template Kit Elementor para criar sites de forma r\u00e1pida e f\u00e1cil para sua empresa usando o plugin Elementor Page Builder para WordPress. Este kit foi otimizado para uso com o tema Hello Elementor gratuito, mas pode ser usado com a maioria dos temas que suportam o Elementor. Modelos de p\u00e1gina: [&hellip;]<\/p>","protected":false},"featured_media":602,"comment_status":"closed","ping_status":"open","template":"","meta":{"_jf_limit_responses":"","iawp_total_views":40},"product_brand":[],"product_cat":[28,23,24],"product_tag":[19],"class_list":{"0":"post-601","1":"product","2":"type-product","3":"status-publish","4":"has-post-thumbnail","6":"product_cat-educacao-e-treinamento","7":"product_cat-templates-elementor-e-envato","8":"product_cat-templates-envato","9":"product_tag-vitalicio","11":"first","12":"instock","13":"downloadable","14":"virtual","15":"purchasable","16":"product-type-simple"},"_links":{"self":[{"href":"https:\/\/packdesites.com\/en\/wp-json\/wp\/v2\/product\/601","targetHints":{"allow":["GET"]}}],"collection":[{"href":"https:\/\/packdesites.com\/en\/wp-json\/wp\/v2\/product"}],"about":[{"href":"https:\/\/packdesites.com\/en\/wp-json\/wp\/v2\/types\/product"}],"replies":[{"embeddable":true,"href":"https:\/\/packdesites.com\/en\/wp-json\/wp\/v2\/comments?post=601"}],"version-history":[{"count":0,"href":"https:\/\/packdesites.com\/en\/wp-json\/wp\/v2\/product\/601\/revisions"}],"wp:featuredmedia":[{"embeddable":true,"href":"https:\/\/packdesites.com\/en\/wp-json\/wp\/v2\/media\/602"}],"wp:attachment":[{"href":"https:\/\/packdesites.com\/en\/wp-json\/wp\/v2\/media?parent=601"}],"wp:term":[{"taxonomy":"product_brand","embeddable":true,"href":"https:\/\/packdesites.com\/en\/wp-json\/wp\/v2\/product_brand?post=601"},{"taxonomy":"product_cat","embeddable":true,"href":"https:\/\/packdesites.com\/en\/wp-json\/wp\/v2\/product_cat?post=601"},{"taxonomy":"product_tag","embeddable":true,"href":"https:\/\/packdesites.com\/en\/wp-json\/wp\/v2\/product_tag?post=601"}],"curies":[{"name":"wp","href":"https:\/\/api.w.org\/{rel}","templated":true}]}}