{"id":597,"date":"2022-07-18T03:00:00","date_gmt":"2022-07-18T03:00:00","guid":{"rendered":"https:\/\/packdesites.com\/produto\/erudito-educacao-e-curso-online\/"},"modified":"2025-04-03T00:29:46","modified_gmt":"2025-04-03T00:29:46","slug":"scholar-education-and-online-course","status":"publish","type":"product","link":"https:\/\/packdesites.com\/en\/product\/scholar-education-and-online-course\/","title":{"rendered":"Erudito \u2013 Education and Online Course"},"content":{"rendered":"<p>Create a professional education website faster with the Erudito template kit. The template is designed to be very flexible making color editing easier than ever before. Filled with a masked background, the illustration is preserved when changing the color.<\/p>\n\n\n\n<ul class=\"wp-block-list\"><li>Global kit styles for easy site-wide style changes<\/li><li>Flexible color background<\/li><li>Clean and professional look<\/li><\/ul>\n\n\n\n<p><strong>Included Models<\/strong><\/p>\n\n\n\n<ul class=\"wp-block-list\"><li>Homepage<\/li><li>On<\/li><li>Courses<\/li><li>Contact<\/li><li>Prices<\/li><li>Teachers<\/li><li>Blog<\/li><li>Single Blog<\/li><li>Shortly<\/li><li>Page 404<\/li><li>FAQ<\/li><li>Header<\/li><li>Baseboard<\/li><\/ul>\n\n\n\n<p><strong>Required Plugins (You will be prompted to install)<\/strong><\/p>\n\n\n\n<ul class=\"wp-block-list\"><li>Elementor<\/li><li>Elementor<\/li><\/ul>","protected":false},"excerpt":{"rendered":"<p>Crie um site de educa\u00e7\u00e3o profissional mais r\u00e1pido com o template kit Erudito. O modelo \u00e9 projetado para ser muito flex\u00edvel tornando a edi\u00e7\u00e3o de cores mais f\u00e1cil do que antes. Preenchida com fundo mascarado, a ilustra\u00e7\u00e3o \u00e9 preservada ao mudar a cor. Os estilos de kit globais para uma mudan\u00e7a de estilo f\u00e1cil em [&hellip;]<\/p>","protected":false},"featured_media":598,"comment_status":"closed","ping_status":"open","template":"","meta":{"_jf_limit_responses":"","iawp_total_views":30},"product_brand":[],"product_cat":[28,23,24],"product_tag":[19],"class_list":{"0":"post-597","1":"product","2":"type-product","3":"status-publish","4":"has-post-thumbnail","6":"product_cat-educacao-e-treinamento","7":"product_cat-templates-elementor-e-envato","8":"product_cat-templates-envato","9":"product_tag-vitalicio","11":"first","12":"instock","13":"downloadable","14":"virtual","15":"purchasable","16":"product-type-simple"},"_links":{"self":[{"href":"https:\/\/packdesites.com\/en\/wp-json\/wp\/v2\/product\/597","targetHints":{"allow":["GET"]}}],"collection":[{"href":"https:\/\/packdesites.com\/en\/wp-json\/wp\/v2\/product"}],"about":[{"href":"https:\/\/packdesites.com\/en\/wp-json\/wp\/v2\/types\/product"}],"replies":[{"embeddable":true,"href":"https:\/\/packdesites.com\/en\/wp-json\/wp\/v2\/comments?post=597"}],"version-history":[{"count":0,"href":"https:\/\/packdesites.com\/en\/wp-json\/wp\/v2\/product\/597\/revisions"}],"wp:featuredmedia":[{"embeddable":true,"href":"https:\/\/packdesites.com\/en\/wp-json\/wp\/v2\/media\/598"}],"wp:attachment":[{"href":"https:\/\/packdesites.com\/en\/wp-json\/wp\/v2\/media?parent=597"}],"wp:term":[{"taxonomy":"product_brand","embeddable":true,"href":"https:\/\/packdesites.com\/en\/wp-json\/wp\/v2\/product_brand?post=597"},{"taxonomy":"product_cat","embeddable":true,"href":"https:\/\/packdesites.com\/en\/wp-json\/wp\/v2\/product_cat?post=597"},{"taxonomy":"product_tag","embeddable":true,"href":"https:\/\/packdesites.com\/en\/wp-json\/wp\/v2\/product_tag?post=597"}],"curies":[{"name":"wp","href":"https:\/\/api.w.org\/{rel}","templated":true}]}}