{"id":589,"date":"2022-07-18T03:00:00","date_gmt":"2022-07-18T03:00:00","guid":{"rendered":"https:\/\/packdesites.com\/produto\/educatico-escola-de-educacao-e-cursos-on-line\/"},"modified":"2025-04-03T00:29:37","modified_gmt":"2025-04-03T00:29:37","slug":"educational-school-of-education-and-online-courses","status":"publish","type":"product","link":"https:\/\/packdesites.com\/en\/product\/educational-school-of-education-and-online-courses\/","title":{"rendered":"Educatico \u2013 School of Education and Online Courses"},"content":{"rendered":"<p>Educatico is a modern and creative template kit for online learning and\/or education. It has 12 pre-built templates with cool design and modern style. You can also use this creative template kit for any type of education related businesses or services.<\/p>\n\n\n\n<p><strong>Layout features:<\/strong><\/p>\n\n\n\n<ul class=\"wp-block-list\"><li>Modern and professional design<\/li><li>Built with Elementor Pro<\/li><li>100% Responsive &amp; mobile-friendly<\/li><li>12 pre-built models<\/li><li>Easy to customize<\/li><li>Template Kit built with Elementor Hello Theme<\/li><\/ul>\n\n\n\n<p>This kit requires the Elementor Pro upgrade for some templates and features.<\/p>\n\n\n\n<p><strong>What&#039;s included in the Zip:<\/strong><\/p>\n\n\n\n<ul class=\"wp-block-list\"><li>Homepage<\/li><li>About us<\/li><li>Courses<\/li><li>Single Course<\/li><li>Contact<\/li><li>Teacher<\/li><li>File<\/li><li>Blog<\/li><li>Error 404<\/li><li>Event<\/li><li>Gallery<\/li><li>Single Post<\/li><\/ul>","protected":false},"excerpt":{"rendered":"<p>Educatico \u00e9 um template kits modernos e criativos para aprendizagem e ou educa\u00e7\u00e3o on-line. Tem 12 modelos pr\u00e9-constru\u00eddos com design legal e estilo moderno. Voc\u00ea tamb\u00e9m pode usar este template kit criativo para qualquer tipo de empresas ou servi\u00e7os relacionados \u00e0 educa\u00e7\u00e3o. Caracter\u00edsticas de layout: Design moderno e profissional Constru\u00eddo com Elementor Pro 100% Responsive [&hellip;]<\/p>","protected":false},"featured_media":590,"comment_status":"closed","ping_status":"open","template":"","meta":{"_jf_limit_responses":"","iawp_total_views":51},"product_brand":[],"product_cat":[28,23,24],"product_tag":[19],"class_list":{"0":"post-589","1":"product","2":"type-product","3":"status-publish","4":"has-post-thumbnail","6":"product_cat-educacao-e-treinamento","7":"product_cat-templates-elementor-e-envato","8":"product_cat-templates-envato","9":"product_tag-vitalicio","11":"first","12":"instock","13":"downloadable","14":"virtual","15":"purchasable","16":"product-type-simple"},"_links":{"self":[{"href":"https:\/\/packdesites.com\/en\/wp-json\/wp\/v2\/product\/589","targetHints":{"allow":["GET"]}}],"collection":[{"href":"https:\/\/packdesites.com\/en\/wp-json\/wp\/v2\/product"}],"about":[{"href":"https:\/\/packdesites.com\/en\/wp-json\/wp\/v2\/types\/product"}],"replies":[{"embeddable":true,"href":"https:\/\/packdesites.com\/en\/wp-json\/wp\/v2\/comments?post=589"}],"version-history":[{"count":0,"href":"https:\/\/packdesites.com\/en\/wp-json\/wp\/v2\/product\/589\/revisions"}],"wp:featuredmedia":[{"embeddable":true,"href":"https:\/\/packdesites.com\/en\/wp-json\/wp\/v2\/media\/590"}],"wp:attachment":[{"href":"https:\/\/packdesites.com\/en\/wp-json\/wp\/v2\/media?parent=589"}],"wp:term":[{"taxonomy":"product_brand","embeddable":true,"href":"https:\/\/packdesites.com\/en\/wp-json\/wp\/v2\/product_brand?post=589"},{"taxonomy":"product_cat","embeddable":true,"href":"https:\/\/packdesites.com\/en\/wp-json\/wp\/v2\/product_cat?post=589"},{"taxonomy":"product_tag","embeddable":true,"href":"https:\/\/packdesites.com\/en\/wp-json\/wp\/v2\/product_tag?post=589"}],"curies":[{"name":"wp","href":"https:\/\/api.w.org\/{rel}","templated":true}]}}