{"id":583,"date":"2022-07-18T03:00:00","date_gmt":"2022-07-18T03:00:00","guid":{"rendered":"https:\/\/packdesites.com\/produto\/edison-educacao-online\/"},"modified":"2025-04-03T00:29:29","modified_gmt":"2025-04-03T00:29:29","slug":"edison-online-education","status":"publish","type":"product","link":"https:\/\/packdesites.com\/en\/product\/edison-online-education\/","title":{"rendered":"Edison \u2013 Online Education"},"content":{"rendered":"<p>\u200eEdison is an online education template kit for the Elementor Page Builder plugin on WordPress. The world is changing, and online learning is the most popular way to gain new skills. That\u2019s why we created a modern and vibrant template for education platforms, courses, webinars, training, study, masterclasses, etc. It has all the necessary pages, such as course description, which can be a course landing page, all courses library, media library, teachers, FAQ, Pricing, and registration. Elementor is packed with powerful and intuitive features, providing endless possibilities. The template comes with a whole set of layout components, blogs, lists, and class pages that allow you to build a perfect real education website.\u200e<\/p>\n\n\n\n<p>\u200eEdison was carefully crafted by an experienced designer with great attention to detail, flexibility and performance, specifically developing unique WordPress-based websites. This template was created using Elementor and Elementor Pro and can be easily edited in Elementor and is compatible with most themes. Template import of some elements and features requires the Elementor Pro upgrade.\u200e<\/p>\n\n\n\n<p><strong>\u200ePages and Layouts\u200e<\/strong><\/p>\n\n\n\n<ul class=\"wp-block-list\"><li>\u200eHome\u200e<\/li><li>\u200eAbout\u200e<\/li><li>\u200eAll Courses\u200e<\/li><li>\u200eContact\u200e<\/li><li>\u200eEvents\u200e<\/li><li>\u200eFrequently Asked Questions\u200e<\/li><li>\u200eCourse Description\u200e<\/li><li>\u200eDiary\u200e<\/li><li>Login<\/li><li>\u200eMedia Library\u200e<\/li><li>\u200ePage Title\u200e<\/li><li>\u200eSearch Page\u200e<\/li><li>\u200eSingle Post\u200e<\/li><li>\u200eTeachers\u200e<\/li><li>\u200ePrices\u200e<\/li><\/ul>\n\n\n\n<p><strong>\u200eSections\u200e<\/strong><\/p>\n\n\n\n<ul class=\"wp-block-list\"><li>\u200eEdison Header Menu\u200e<\/li><li>Edison Footer<\/li><li>\u200eSteering block\u200e<\/li><li>\u200eHero Block\u200e<\/li><li>\u200eAbout the Information Block\u200e<\/li><li>Banner Block Style 1<\/li><li>Banner Block Style 2<\/li><li>Banner Block Style 3<\/li><li>Banner Block Style 4<\/li><li>Banner Block Style 5<\/li><li>\u200eColumn Info Box Block\u200e<\/li><li>\u200eContact Form Block Style 2\u200e<\/li><li>\u200eContact Form Block\u200e<\/li><li>\u200eCounter block\u200e<\/li><li>\u200eCourse Boxes Block Style 1\u200e<\/li><li>\u200eCourse Boxes Block Style 2\u200e<\/li><li>\u200eCourse Registration Form Block\u200e<\/li><li>\u200eCourse Box Column Description Block\u200e<\/li><li>\u200eEvent with counter block\u200e<\/li><li>\u200eEvent Box Block\u200e<\/li><li>\u200eFAQ Accordion Block\u200e<\/li><li>Features Info Boxes Block<\/li><li>\u200eGrid Info Box Block\u200e<\/li><li>\u200eHero Img Header Block\u200e<\/li><li>\u200eHero Lottie Header Animation Block\u200e<\/li><li>\u200eInformation boxes with block buttons\u200e<\/li><li>\u200eInformation Section Block Style 2\u200e<\/li><li>\u200eInformation Section Block\u200e<\/li><li>\u200ePrice Table Block\u200e<\/li><li>\u200eProgram Course Description Block\u200e<\/li><li>\u200eSubscribe to the CTA block of the form\u200e<\/li><li>\u200eTeacher Team Block\u200e<\/li><li>\u200eTestimonials and Information Block Banner\u200e<\/li><li>\u200eTestimonials block bg color\u200e<\/li><li>\u200eBlocking statements in White Bg\u200e<\/li><li>\u200eVideo Grid Block\u200e<\/li><li>\u200eVideo with description block\u200e<\/li><\/ul>\n\n\n\n<p><strong>\u200eFeatures of the Edison Model\u200e<\/strong><\/p>\n\n\n\n<ul class=\"wp-block-list\"><li>\u200eGlobal Theme Styles Included\u200e<\/li><li>\u200e53 Elementor Templates\u200e<\/li><li>\u200ePixel Perfect Design\u200e<\/li><li>\u200eResponsive 100% Fluid\u200e<\/li><li>\u200eClean and simple style\u200e<\/li><li>\u200eEasy to use and customize\u200e<\/li><li>\u200eAll major browsers supported Chrome, Firefox, Safari, Edge, Opera\u200e<\/li><li>\u200eFree Google Fonts Used\u200e<\/li><li>\u200eIcons provided by Font Awesome 5 Pro\u200e<\/li><li>\u200eTested on color blindness simulator\u200e<\/li><li>\u200e100% SEO Friendly\u200e<\/li><li>\u200eOptimized for Elementor Pro\u200e<\/li><li>\u200eDesign meets WCAG 2 requirements\u200e<\/li><\/ul>","protected":false},"excerpt":{"rendered":"<p>\u200eEdison \u00e9 um kit de modelo de educa\u00e7\u00e3o online para o plugin Elementr Page Builder no WordPress. O mundo est\u00e1 mudando, e o estudo online \u00e9 a maneira mais popular de obter novas habilidades. \u00c9 por isso que criamos um modelo moderno e vibrante para plataformas de educa\u00e7\u00e3o, cursos, webinars, treinamento, estudo, masterclasses, etc. S\u00e3o [&hellip;]<\/p>","protected":false},"featured_media":584,"comment_status":"closed","ping_status":"open","template":"","meta":{"_jf_limit_responses":"","iawp_total_views":66},"product_brand":[],"product_cat":[28,23,24],"product_tag":[19],"class_list":{"0":"post-583","1":"product","2":"type-product","3":"status-publish","4":"has-post-thumbnail","6":"product_cat-educacao-e-treinamento","7":"product_cat-templates-elementor-e-envato","8":"product_cat-templates-envato","9":"product_tag-vitalicio","11":"first","12":"instock","13":"downloadable","14":"virtual","15":"purchasable","16":"product-type-simple"},"_links":{"self":[{"href":"https:\/\/packdesites.com\/en\/wp-json\/wp\/v2\/product\/583","targetHints":{"allow":["GET"]}}],"collection":[{"href":"https:\/\/packdesites.com\/en\/wp-json\/wp\/v2\/product"}],"about":[{"href":"https:\/\/packdesites.com\/en\/wp-json\/wp\/v2\/types\/product"}],"replies":[{"embeddable":true,"href":"https:\/\/packdesites.com\/en\/wp-json\/wp\/v2\/comments?post=583"}],"version-history":[{"count":0,"href":"https:\/\/packdesites.com\/en\/wp-json\/wp\/v2\/product\/583\/revisions"}],"wp:featuredmedia":[{"embeddable":true,"href":"https:\/\/packdesites.com\/en\/wp-json\/wp\/v2\/media\/584"}],"wp:attachment":[{"href":"https:\/\/packdesites.com\/en\/wp-json\/wp\/v2\/media?parent=583"}],"wp:term":[{"taxonomy":"product_brand","embeddable":true,"href":"https:\/\/packdesites.com\/en\/wp-json\/wp\/v2\/product_brand?post=583"},{"taxonomy":"product_cat","embeddable":true,"href":"https:\/\/packdesites.com\/en\/wp-json\/wp\/v2\/product_cat?post=583"},{"taxonomy":"product_tag","embeddable":true,"href":"https:\/\/packdesites.com\/en\/wp-json\/wp\/v2\/product_tag?post=583"}],"curies":[{"name":"wp","href":"https:\/\/api.w.org\/{rel}","templated":true}]}}