{"id":581,"date":"2022-07-18T03:00:00","date_gmt":"2022-07-18T03:00:00","guid":{"rendered":"https:\/\/packdesites.com\/produto\/educacao-a-distancia-centro-de-idiomas-e-cursos-de-treinamento\/"},"modified":"2025-04-03T00:29:27","modified_gmt":"2025-04-03T00:29:27","slug":"distance-learning-language-center-and-training-courses","status":"publish","type":"product","link":"https:\/\/packdesites.com\/en\/product\/distance-learning-language-center-and-training-courses\/","title":{"rendered":"Distance Education \u2013 Language Center and Training Courses"},"content":{"rendered":"<p>The Elementor Template Kit is an Elementor Template Kit for quickly and easily creating websites for language centers and tutoring services, as well as educational institutions such as colleges and schools, training programs, and courses using the Elementor Page Builder plugin for WordPress. This kit is optimized for use with the free Hello Elementor theme, but can be used with most themes that support Elementor. It features a contemporary, clean, and fresh design.<\/p>\n\n\n\n<p><strong>Features<\/strong><\/p>\n\n\n\n<ul class=\"wp-block-list\"><li>15+ pre-made demos;<\/li><li>Search engine optimized;<\/li><li>Ultra responsive layout;<\/li><li>Retina ready;<\/li><li>Fully customizable;<\/li><li>Powerful &amp; Lightweight;<\/li><li>Cross browser compatibility: Firefox, Chrome, Safari, Opera<\/li><li>True codeless customization with visual drag-and-drop builder<\/li><li>Customize fonts and colors in one place or fine-tune individual elements<\/li><\/ul>\n\n\n\n<p><strong>Required Plugins (Included)<\/strong><\/p>\n\n\n\n<ul class=\"wp-block-list\"><li>ElementsKit Lite<\/li><li>Extensions for Elementor<\/li><li>Elementor<\/li><li>Elementor Pro upgrade is required for some templates and features (not included)<\/li><\/ul>","protected":false},"excerpt":{"rendered":"<p>O Kit de Modelo elementor \u00e9 um Kit de Modelo Elementor para criar sites r\u00e1pidos e facilmente para centros de anguage e servi\u00e7os de tutoria, bem como estabelecimentos de ensino como faculdades e escolas, treinamentos e cursos usando o plugin Elementor Page Builder para WordPress. Este kit foi otimizado para uso com o tema gratuito [&hellip;]<\/p>","protected":false},"featured_media":582,"comment_status":"closed","ping_status":"open","template":"","meta":{"_jf_limit_responses":"","iawp_total_views":15},"product_brand":[],"product_cat":[23,24],"product_tag":[19],"class_list":{"0":"post-581","1":"product","2":"type-product","3":"status-publish","4":"has-post-thumbnail","6":"product_cat-templates-elementor-e-envato","7":"product_cat-templates-envato","8":"product_tag-vitalicio","10":"first","11":"instock","12":"downloadable","13":"virtual","14":"purchasable","15":"product-type-simple"},"_links":{"self":[{"href":"https:\/\/packdesites.com\/en\/wp-json\/wp\/v2\/product\/581","targetHints":{"allow":["GET"]}}],"collection":[{"href":"https:\/\/packdesites.com\/en\/wp-json\/wp\/v2\/product"}],"about":[{"href":"https:\/\/packdesites.com\/en\/wp-json\/wp\/v2\/types\/product"}],"replies":[{"embeddable":true,"href":"https:\/\/packdesites.com\/en\/wp-json\/wp\/v2\/comments?post=581"}],"version-history":[{"count":0,"href":"https:\/\/packdesites.com\/en\/wp-json\/wp\/v2\/product\/581\/revisions"}],"wp:featuredmedia":[{"embeddable":true,"href":"https:\/\/packdesites.com\/en\/wp-json\/wp\/v2\/media\/582"}],"wp:attachment":[{"href":"https:\/\/packdesites.com\/en\/wp-json\/wp\/v2\/media?parent=581"}],"wp:term":[{"taxonomy":"product_brand","embeddable":true,"href":"https:\/\/packdesites.com\/en\/wp-json\/wp\/v2\/product_brand?post=581"},{"taxonomy":"product_cat","embeddable":true,"href":"https:\/\/packdesites.com\/en\/wp-json\/wp\/v2\/product_cat?post=581"},{"taxonomy":"product_tag","embeddable":true,"href":"https:\/\/packdesites.com\/en\/wp-json\/wp\/v2\/product_tag?post=581"}],"curies":[{"name":"wp","href":"https:\/\/api.w.org\/{rel}","templated":true}]}}