{"id":575,"date":"2022-07-18T03:00:00","date_gmt":"2022-07-18T03:00:00","guid":{"rendered":"https:\/\/packdesites.com\/produto\/boston-escolar-e-universitario\/"},"modified":"2025-04-03T00:29:16","modified_gmt":"2025-04-03T00:29:16","slug":"boston-school-and-university","status":"publish","type":"product","link":"https:\/\/packdesites.com\/en\/product\/boston-school-and-university\/","title":{"rendered":"Boston \u2013 School and College"},"content":{"rendered":"<p>Introducing Boston School and University Template Kit. You can use this template kit for your school, university or institution project. It is a fully featured design of academic information, research, public service, event and so on. This is powered by Elementor, so it is easy to modify and develop. Get this template to boost your academic website project.<\/p>\n\n\n\n<p><strong>Page Templates:<\/strong><\/p>\n\n\n\n<ul class=\"wp-block-list\"><li>Home page<\/li><li>About Us Page<\/li><li>Academic Page<\/li><li>Event page<\/li><li>News page<\/li><li>Single news page<\/li><li>Search Result Page<\/li><li>Page 404<\/li><li>Contact pages<\/li><\/ul>\n\n\n\n<p><strong>Section and blocks:<\/strong><\/p>\n\n\n\n<ul class=\"wp-block-list\"><li>Header<\/li><li>Baseboard<\/li><li>Event Guides<\/li><li>News Guides<\/li><li>Graphic guides<\/li><\/ul>\n\n\n\n<p><strong>Required plugins (will be installed automatically):<\/strong><\/p>\n\n\n\n<ul class=\"wp-block-list\"><li>Elementor<\/li><li>Essential Addons for Elementor<\/li><li>Premium Plugin for Elementor<\/li><li>Graphina<\/li><\/ul>","protected":false},"excerpt":{"rendered":"<p>Apresentando o Template Kit da Boston School and University. Voc\u00ea pode usar este template kit para o projeto da sua escola, universidade ou institui\u00e7\u00e3o. \u00c9 design com recursos completos de informa\u00e7\u00f5es acad\u00eamicas, pesquisa, servi\u00e7o p\u00fablico, evento e assim por diante. Isso \u00e9 alimentado com Elementor, portanto, \u00e9 f\u00e1cil de modificar e desenvolver. Obtenha este modelo [&hellip;]<\/p>","protected":false},"featured_media":576,"comment_status":"closed","ping_status":"open","template":"","meta":{"_jf_limit_responses":"","iawp_total_views":24},"product_brand":[],"product_cat":[33,23,24],"product_tag":[19],"class_list":{"0":"post-575","1":"product","2":"type-product","3":"status-publish","4":"has-post-thumbnail","6":"product_cat-entretenimento-e-midia","7":"product_cat-templates-elementor-e-envato","8":"product_cat-templates-envato","9":"product_tag-vitalicio","11":"first","12":"instock","13":"downloadable","14":"virtual","15":"purchasable","16":"product-type-simple"},"_links":{"self":[{"href":"https:\/\/packdesites.com\/en\/wp-json\/wp\/v2\/product\/575","targetHints":{"allow":["GET"]}}],"collection":[{"href":"https:\/\/packdesites.com\/en\/wp-json\/wp\/v2\/product"}],"about":[{"href":"https:\/\/packdesites.com\/en\/wp-json\/wp\/v2\/types\/product"}],"replies":[{"embeddable":true,"href":"https:\/\/packdesites.com\/en\/wp-json\/wp\/v2\/comments?post=575"}],"version-history":[{"count":0,"href":"https:\/\/packdesites.com\/en\/wp-json\/wp\/v2\/product\/575\/revisions"}],"wp:featuredmedia":[{"embeddable":true,"href":"https:\/\/packdesites.com\/en\/wp-json\/wp\/v2\/media\/576"}],"wp:attachment":[{"href":"https:\/\/packdesites.com\/en\/wp-json\/wp\/v2\/media?parent=575"}],"wp:term":[{"taxonomy":"product_brand","embeddable":true,"href":"https:\/\/packdesites.com\/en\/wp-json\/wp\/v2\/product_brand?post=575"},{"taxonomy":"product_cat","embeddable":true,"href":"https:\/\/packdesites.com\/en\/wp-json\/wp\/v2\/product_cat?post=575"},{"taxonomy":"product_tag","embeddable":true,"href":"https:\/\/packdesites.com\/en\/wp-json\/wp\/v2\/product_tag?post=575"}],"curies":[{"name":"wp","href":"https:\/\/api.w.org\/{rel}","templated":true}]}}