{"id":569,"date":"2022-07-18T03:00:00","date_gmt":"2022-07-18T03:00:00","guid":{"rendered":"https:\/\/packdesites.com\/produto\/temy-e-kifty-casamento\/"},"modified":"2025-04-03T00:29:09","modified_gmt":"2025-04-03T00:29:09","slug":"temy-and-kifty-wedding","status":"publish","type":"product","link":"https:\/\/packdesites.com\/en\/product\/temy-and-kifty-wedding\/","title":{"rendered":"Temy and Kifty \u2013 Wedding"},"content":{"rendered":"<p>Temy &amp; Kifty is a stylish and elegant template kit for your wedding website. Using warm brown color, we emphasize the warm feeling of a wedding yet elegant. Temy &amp; Kifty template kit has several pages, including Home, Story, Blog, Gallery, and Contact Us.<\/p>\n\n\n\n<p><strong>Plugin Dependencies:<\/strong><\/p>\n\n\n\n<ul class=\"wp-block-list\"><li>Elementor<\/li><li>Elements Kit<\/li><li>Metform<\/li><li>JetWidgets for Elementor<\/li><\/ul>\n\n\n\n<p><strong>Models<\/strong><\/p>\n\n\n\n<ol class=\"wp-block-list\"><li>Home 1<\/li><li>Home 2<\/li><li>Bridesmaids and groomsmen<\/li><li>Our History<\/li><li>Justified Gallery<\/li><li>Masonry gallery<\/li><li>Blog 1<\/li><li>Blog 2<\/li><li>Contact Us 1<\/li><li>Contact Us 2<\/li><li>404<\/li><\/ol>\n\n\n\n<p><strong>Source used<\/strong>:<\/p>\n\n\n\n<ul class=\"wp-block-list\"><li>Parisian<\/li><li>Playfair Exhibition<\/li><li>Sans Work<\/li><\/ul>","protected":false},"excerpt":{"rendered":"<p>Temy &amp; Kifty \u00e9 template kit elegante e elegante para o seu site de casamento. Usando a cor marrom quente, enfatizamos a sensa\u00e7\u00e3o de calor de um casamento ainda elegante. Temy &amp; Kifty template kit tem v\u00e1rias p\u00e1ginas, incluindo Home, Story, Blog, Galeria, e Fale Conosco. Depend\u00eancias de Plugin: Elementor Kit Elementos Metform JetWidgets para [&hellip;]<\/p>","protected":false},"featured_media":570,"comment_status":"closed","ping_status":"open","template":"","meta":{"_jf_limit_responses":"","iawp_total_views":19},"product_brand":[],"product_cat":[34,23,24],"product_tag":[19],"class_list":{"0":"post-569","1":"product","2":"type-product","3":"status-publish","4":"has-post-thumbnail","6":"product_cat-casamento","7":"product_cat-templates-elementor-e-envato","8":"product_cat-templates-envato","9":"product_tag-vitalicio","11":"first","12":"instock","13":"downloadable","14":"virtual","15":"purchasable","16":"product-type-simple"},"_links":{"self":[{"href":"https:\/\/packdesites.com\/en\/wp-json\/wp\/v2\/product\/569","targetHints":{"allow":["GET"]}}],"collection":[{"href":"https:\/\/packdesites.com\/en\/wp-json\/wp\/v2\/product"}],"about":[{"href":"https:\/\/packdesites.com\/en\/wp-json\/wp\/v2\/types\/product"}],"replies":[{"embeddable":true,"href":"https:\/\/packdesites.com\/en\/wp-json\/wp\/v2\/comments?post=569"}],"version-history":[{"count":0,"href":"https:\/\/packdesites.com\/en\/wp-json\/wp\/v2\/product\/569\/revisions"}],"wp:featuredmedia":[{"embeddable":true,"href":"https:\/\/packdesites.com\/en\/wp-json\/wp\/v2\/media\/570"}],"wp:attachment":[{"href":"https:\/\/packdesites.com\/en\/wp-json\/wp\/v2\/media?parent=569"}],"wp:term":[{"taxonomy":"product_brand","embeddable":true,"href":"https:\/\/packdesites.com\/en\/wp-json\/wp\/v2\/product_brand?post=569"},{"taxonomy":"product_cat","embeddable":true,"href":"https:\/\/packdesites.com\/en\/wp-json\/wp\/v2\/product_cat?post=569"},{"taxonomy":"product_tag","embeddable":true,"href":"https:\/\/packdesites.com\/en\/wp-json\/wp\/v2\/product_tag?post=569"}],"curies":[{"name":"wp","href":"https:\/\/api.w.org\/{rel}","templated":true}]}}