{"id":567,"date":"2022-07-18T03:00:00","date_gmt":"2022-07-18T03:00:00","guid":{"rendered":"https:\/\/packdesites.com\/produto\/sweeding-convite-para-eventos-de-casamento\/"},"modified":"2025-04-03T00:29:07","modified_gmt":"2025-04-03T00:29:07","slug":"sweeding-wedding-event-invitation","status":"publish","type":"product","link":"https:\/\/packdesites.com\/en\/product\/sweeding-wedding-event-invitation\/","title":{"rendered":"Sweeding \u2013 Wedding Event Invitation"},"content":{"rendered":"<p>Sweeding is a modern and clean elementor template kit that is perfect for those who want to create a professional looking WordPress based website for a Bridal Shop, Wedding Planner, Wedding Planner, Wedding Boutique, Event Planner or Wedding Agency website. This template has a professional design with a responsive 100% layout, is retina ready, and is very easy to customize as it uses Elementor so you don&#039;t need a single line of coding!<\/p>\n\n\n\n<p>This template kit includes stunning 10 stunning templates, you can build your professional looking company business website just a click away.<\/p>\n\n\n\n<p><strong>All features<\/strong><\/p>\n\n\n\n<ul class=\"wp-block-list\"><li>Styles and effects are created within the Elementor panel, no coding at all<\/li><li>100% Compatibility with Elementor Free Version<\/li><li>Save money! This kit uses free Google Fonts and does not require Elementor Pro<\/li><li>10 customizable page layouts<\/li><li>18 well-designed section templates<\/li><li>Elegant and minimalist style<\/li><li>Elegant colors and tones<\/li><li>Responsive and great for Desktop, Laptop and Mobile<\/li><li>Design of All Core WordPress Widgets<\/li><li>Seamless pixel design<\/li><li>Easy to use and modify<\/li><li>Fully responsive fluid<\/li><li>Fully editable symbols<\/li><li>Responsive and professional support from a dedicated team<\/li><\/ul>\n\n\n\n<p><strong>Main features<\/strong>&nbsp;Sweeding offers a clean, neat and professional template to create WordPress websites. You will need Elementor Pro as the premium plugin before you can use this web page builder kit. The entire package includes several key features, which are:<\/p>\n\n\n\n<ul class=\"wp-block-list\"><li>Home page<\/li><li>Portfolio List Page<\/li><li>Portfolio Details Page<\/li><li>Menu List Page<\/li><li>Menu Details Page<\/li><li>Location List Page<\/li><li>Location Details Page<\/li><li>Contact page<\/li><li>About Us Page<\/li><li>Service Page<\/li><\/ul>","protected":false},"excerpt":{"rendered":"<p>Sweeding \u00e9 um kit de modelo elementor moderno e limpo que \u00e9 perfeito para aqueles que querem criar um site baseado em WordPress de apar\u00eancia profissional para uma Loja de Noivas, Planejador de Casamentos, Organizador de Casamentos, Boutique de Casamento, Organizador de Eventos ou site da Ag\u00eancia de Casamento. Este modelo tem um design profissional [&hellip;]<\/p>","protected":false},"featured_media":568,"comment_status":"closed","ping_status":"open","template":"","meta":{"_jf_limit_responses":"","iawp_total_views":38},"product_brand":[],"product_cat":[34,23,24],"product_tag":[19],"class_list":{"0":"post-567","1":"product","2":"type-product","3":"status-publish","4":"has-post-thumbnail","6":"product_cat-casamento","7":"product_cat-templates-elementor-e-envato","8":"product_cat-templates-envato","9":"product_tag-vitalicio","11":"first","12":"instock","13":"downloadable","14":"virtual","15":"purchasable","16":"product-type-simple"},"_links":{"self":[{"href":"https:\/\/packdesites.com\/en\/wp-json\/wp\/v2\/product\/567","targetHints":{"allow":["GET"]}}],"collection":[{"href":"https:\/\/packdesites.com\/en\/wp-json\/wp\/v2\/product"}],"about":[{"href":"https:\/\/packdesites.com\/en\/wp-json\/wp\/v2\/types\/product"}],"replies":[{"embeddable":true,"href":"https:\/\/packdesites.com\/en\/wp-json\/wp\/v2\/comments?post=567"}],"version-history":[{"count":0,"href":"https:\/\/packdesites.com\/en\/wp-json\/wp\/v2\/product\/567\/revisions"}],"wp:featuredmedia":[{"embeddable":true,"href":"https:\/\/packdesites.com\/en\/wp-json\/wp\/v2\/media\/568"}],"wp:attachment":[{"href":"https:\/\/packdesites.com\/en\/wp-json\/wp\/v2\/media?parent=567"}],"wp:term":[{"taxonomy":"product_brand","embeddable":true,"href":"https:\/\/packdesites.com\/en\/wp-json\/wp\/v2\/product_brand?post=567"},{"taxonomy":"product_cat","embeddable":true,"href":"https:\/\/packdesites.com\/en\/wp-json\/wp\/v2\/product_cat?post=567"},{"taxonomy":"product_tag","embeddable":true,"href":"https:\/\/packdesites.com\/en\/wp-json\/wp\/v2\/product_tag?post=567"}],"curies":[{"name":"wp","href":"https:\/\/api.w.org\/{rel}","templated":true}]}}