{"id":565,"date":"2022-07-18T03:00:00","date_gmt":"2022-07-18T03:00:00","guid":{"rendered":"https:\/\/packdesites.com\/produto\/robbie-magie-convite-para-eventos-de-casamento\/"},"modified":"2025-04-03T00:29:06","modified_gmt":"2025-04-03T00:29:06","slug":"robbie-magie-wedding-event-invitation","status":"publish","type":"product","link":"https:\/\/packdesites.com\/en\/product\/robbie-magie-wedding-event-invitation\/","title":{"rendered":"Robbie &amp; Magie \u2013 Wedding Event Invitation"},"content":{"rendered":"<p><strong>Robbie &amp; Magie \u2013 Wedding Event Invitation Elementor Template Kit<\/strong><\/p>\n\n\n\n<p>Create your beautiful wedding website with our carefully designed Template Kit. This template contains ready-to-use pages with beautiful galleries, RSVP form, countdown timer and is fully responsive. Everything you need to make your special day last a lifetime.<\/p>\n\n\n\n<p><strong>Features:<\/strong>&nbsp;\u2013 Elegant and beautiful design \u2013 14+ ready-to-use templates \u2013 Fully responsive layout \u2013 Retina ready \u2013 Fully customizable \u2013 Cross-browser compatibility: Chrome, Firefox, Safari, Opera<\/p>\n\n\n\n<p><strong>Models include:<\/strong><\/p>\n\n\n\n<ul class=\"wp-block-list\"><li>Home Page 1<\/li><li>Home Page 2<\/li><li>Our story<\/li><li>Bridesmaids and groomsmen<\/li><li>Gallery \u2014 Justified<\/li><li>Gallery \u2014 Freemasonry<\/li><li>Blog<\/li><li>Single Post Template<\/li><li>Contact 1<\/li><li>Contact 2<\/li><li>RSVP Page<\/li><li>Header<\/li><li>Header \u2013 Overlay<\/li><li>Baseboard<\/li><li>Global Theme Style<\/li><\/ul>\n\n\n\n<p><strong>Required plugin:<\/strong><\/p>\n\n\n\n<ul class=\"wp-block-list\"><li>\u00a0Elementor <\/li><li>Elementor Pro <\/li><li>Lite Elements Kit<\/li><\/ul>","protected":false},"excerpt":{"rendered":"<p>Robbie &amp; Magie &#8211; Template Kit Elementor de convite para eventos de casamento Crie seu lindo site de casamento com nosso Template Kit cuidadosamente projetado. Este modelo cont\u00e9m p\u00e1ginas prontas para uso com belas galerias, formul\u00e1rio RSVP, contador de contagem regressiva e \u00e9 totalmente responsivo. Tudo o que voc\u00ea precisa para que seu dia especial [&hellip;]<\/p>","protected":false},"featured_media":566,"comment_status":"closed","ping_status":"open","template":"","meta":{"_jf_limit_responses":"","iawp_total_views":22},"product_brand":[],"product_cat":[34,23,24],"product_tag":[19],"class_list":{"0":"post-565","1":"product","2":"type-product","3":"status-publish","4":"has-post-thumbnail","6":"product_cat-casamento","7":"product_cat-templates-elementor-e-envato","8":"product_cat-templates-envato","9":"product_tag-vitalicio","11":"first","12":"instock","13":"downloadable","14":"virtual","15":"purchasable","16":"product-type-simple"},"_links":{"self":[{"href":"https:\/\/packdesites.com\/en\/wp-json\/wp\/v2\/product\/565","targetHints":{"allow":["GET"]}}],"collection":[{"href":"https:\/\/packdesites.com\/en\/wp-json\/wp\/v2\/product"}],"about":[{"href":"https:\/\/packdesites.com\/en\/wp-json\/wp\/v2\/types\/product"}],"replies":[{"embeddable":true,"href":"https:\/\/packdesites.com\/en\/wp-json\/wp\/v2\/comments?post=565"}],"version-history":[{"count":0,"href":"https:\/\/packdesites.com\/en\/wp-json\/wp\/v2\/product\/565\/revisions"}],"wp:featuredmedia":[{"embeddable":true,"href":"https:\/\/packdesites.com\/en\/wp-json\/wp\/v2\/media\/566"}],"wp:attachment":[{"href":"https:\/\/packdesites.com\/en\/wp-json\/wp\/v2\/media?parent=565"}],"wp:term":[{"taxonomy":"product_brand","embeddable":true,"href":"https:\/\/packdesites.com\/en\/wp-json\/wp\/v2\/product_brand?post=565"},{"taxonomy":"product_cat","embeddable":true,"href":"https:\/\/packdesites.com\/en\/wp-json\/wp\/v2\/product_cat?post=565"},{"taxonomy":"product_tag","embeddable":true,"href":"https:\/\/packdesites.com\/en\/wp-json\/wp\/v2\/product_tag?post=565"}],"curies":[{"name":"wp","href":"https:\/\/api.w.org\/{rel}","templated":true}]}}