{"id":561,"date":"2022-07-18T03:00:00","date_gmt":"2022-07-18T03:00:00","guid":{"rendered":"https:\/\/packdesites.com\/produto\/memorias-organizador-de-eventos-de-casamento-e-festa\/"},"modified":"2025-04-03T00:29:01","modified_gmt":"2025-04-03T00:29:01","slug":"memories-wedding-and-party-event-organizer","status":"publish","type":"product","link":"https:\/\/packdesites.com\/en\/product\/memories-wedding-and-party-event-organizer\/","title":{"rendered":"Memories \u2013 Wedding and Party Event Planner"},"content":{"rendered":"<p>Memories is a romantic and beautiful wedding template kit for wedding event planner and related services. It has 12 pre-built templates with cool design and modern style. You can also use this creative template kit for any kind of wedding and party related businesses or services, such as wedding planner, wedding photography, wedding invitation and even birthday party planner.<\/p>\n\n\n\n<p><strong>Layout features:<\/strong><\/p>\n\n\n\n<ul class=\"wp-block-list\"><li>Romantic and beautiful design<\/li><li>Built with Elementor Pro<\/li><li>100% Responsive &amp; mobile-friendly<\/li><li>12 pre-built models<\/li><li>Easy to customize<\/li><li>Template Kit built with Elementor Hello Theme<\/li><\/ul>\n\n\n\n<p>This kit requires the Elementor Pro upgrade for some templates and features.<\/p>\n\n\n\n<p><strong>What&#039;s included in the Zip:<\/strong><\/p>\n\n\n\n<ul class=\"wp-block-list\"><li>Home Invitation<\/li><li>Home organizer<\/li><li>About us<\/li><li>Contact Us<\/li><li>Archives<\/li><li>Gallery<\/li><li>Error 404<\/li><li>Newspaper \u2013 Blog<\/li><li>RSVP<\/li><li>Services<\/li><li>Single Post<\/li><li>Team<\/li><\/ul>","protected":false},"excerpt":{"rendered":"<p>Mem\u00f3rias \u00e9 rom\u00e2ntico e bonito template kits de casamento para organizador de eventos de casamento e servi\u00e7os relacionados. Tem 12 modelos pr\u00e9-constru\u00eddos com design legal e estilo moderno. Voc\u00ea tamb\u00e9m pode usar este template kit criativo para qualquer tipo de empresas ou servi\u00e7os relacionados ao casamento e festa, como organizador de casamento, foto de casamento, [&hellip;]<\/p>","protected":false},"featured_media":562,"comment_status":"closed","ping_status":"open","template":"","meta":{"_jf_limit_responses":"","iawp_total_views":22},"product_brand":[],"product_cat":[34,23,24],"product_tag":[19],"class_list":{"0":"post-561","1":"product","2":"type-product","3":"status-publish","4":"has-post-thumbnail","6":"product_cat-casamento","7":"product_cat-templates-elementor-e-envato","8":"product_cat-templates-envato","9":"product_tag-vitalicio","11":"first","12":"instock","13":"downloadable","14":"virtual","15":"purchasable","16":"product-type-simple"},"_links":{"self":[{"href":"https:\/\/packdesites.com\/en\/wp-json\/wp\/v2\/product\/561","targetHints":{"allow":["GET"]}}],"collection":[{"href":"https:\/\/packdesites.com\/en\/wp-json\/wp\/v2\/product"}],"about":[{"href":"https:\/\/packdesites.com\/en\/wp-json\/wp\/v2\/types\/product"}],"replies":[{"embeddable":true,"href":"https:\/\/packdesites.com\/en\/wp-json\/wp\/v2\/comments?post=561"}],"version-history":[{"count":0,"href":"https:\/\/packdesites.com\/en\/wp-json\/wp\/v2\/product\/561\/revisions"}],"wp:featuredmedia":[{"embeddable":true,"href":"https:\/\/packdesites.com\/en\/wp-json\/wp\/v2\/media\/562"}],"wp:attachment":[{"href":"https:\/\/packdesites.com\/en\/wp-json\/wp\/v2\/media?parent=561"}],"wp:term":[{"taxonomy":"product_brand","embeddable":true,"href":"https:\/\/packdesites.com\/en\/wp-json\/wp\/v2\/product_brand?post=561"},{"taxonomy":"product_cat","embeddable":true,"href":"https:\/\/packdesites.com\/en\/wp-json\/wp\/v2\/product_cat?post=561"},{"taxonomy":"product_tag","embeddable":true,"href":"https:\/\/packdesites.com\/en\/wp-json\/wp\/v2\/product_tag?post=561"}],"curies":[{"name":"wp","href":"https:\/\/api.w.org\/{rel}","templated":true}]}}