{"id":559,"date":"2022-07-18T03:00:00","date_gmt":"2022-07-18T03:00:00","guid":{"rendered":"https:\/\/packdesites.com\/produto\/lovedy-casamento\/"},"modified":"2025-04-03T00:28:58","modified_gmt":"2025-04-03T00:28:58","slug":"loving-wedding","status":"publish","type":"product","link":"https:\/\/packdesites.com\/en\/product\/loving-wedding\/","title":{"rendered":"Lovedy \u2013 Wedding"},"content":{"rendered":"<p><strong>Lovedy<\/strong>&nbsp;is a clean, unique, modern and stunning wedding template for WordPress. It is a modern, beautiful and elegant wedding ceremony template with beautiful design. It has a unique design with amazing features for couples who want to build their wedding website. Elegantly designed. Everything you need to make your special day last a lifetime.<\/p>\n\n\n\n<p>Lovedy was carefully created by an experienced designer with great attention to detail, flexibility and performance specifically for developing unique WordPress-based websites. This template was created using Elementor and Elementor Pro and can be easily edited in Elementor.<\/p>\n\n\n\n<p><strong>Pages and Layouts<\/strong><\/p>\n\n\n\n<ul class=\"wp-block-list\"><li>Home<\/li><li>Our History<\/li><li>Gallery<\/li><li>Blog (pro)<\/li><li>Single Post (Pro)<\/li><li>Location<\/li><li>Our Friends<\/li><li>RSVP<\/li><li>Shortly<\/li><li>404 (pro)<\/li><li>Header (pro)<\/li><li>Footer (pro)<\/li><\/ul>\n\n\n\n<p><strong>Features of the Lovedy model<\/strong><\/p>\n\n\n\n<ul class=\"wp-block-list\"><li>Theme Builder Theme Templates and Global Theme Styles<\/li><li>29 Elementor Templates<\/li><li>Pixel perfect design<\/li><li>100% Fluid Responsive<\/li><li>Clean and Simple Style<\/li><li>Easy to use and customize<\/li><li>All major browsers are supported Chrome, Firefox, Safari, Edge, Opera<\/li><li>Free Google Fonts Used<\/li><li>Icons provided by Font Awesome 5 Pro<\/li><li>Tested on color blindness simulator<\/li><li>100% SEO friendly<\/li><li>Perfect for Elementor Pro<\/li><li>Fast, dedicated and professional support<\/li><li>Design meets WCAG 2 requirements<\/li><\/ul>","protected":false},"excerpt":{"rendered":"<p>Lovedy&nbsp;\u00e9 um modelo de casamento limpo, \u00fanico, moderno e impressionante para WordPress. \u00c9 um modelo de cerim\u00f4nia de casamento moderno, bonito e elegante com design bonito. Ele tem um design exclusivo com caracter\u00edsticas incr\u00edveis para casais que querem construir seu site de casamento. Projetado de forma elegante. Tudo o que voc\u00ea precisa para fazer seu [&hellip;]<\/p>","protected":false},"featured_media":560,"comment_status":"closed","ping_status":"open","template":"","meta":{"_jf_limit_responses":"","iawp_total_views":26},"product_brand":[],"product_cat":[34,23,24],"product_tag":[19],"class_list":{"0":"post-559","1":"product","2":"type-product","3":"status-publish","4":"has-post-thumbnail","6":"product_cat-casamento","7":"product_cat-templates-elementor-e-envato","8":"product_cat-templates-envato","9":"product_tag-vitalicio","11":"first","12":"instock","13":"downloadable","14":"virtual","15":"purchasable","16":"product-type-simple"},"_links":{"self":[{"href":"https:\/\/packdesites.com\/en\/wp-json\/wp\/v2\/product\/559","targetHints":{"allow":["GET"]}}],"collection":[{"href":"https:\/\/packdesites.com\/en\/wp-json\/wp\/v2\/product"}],"about":[{"href":"https:\/\/packdesites.com\/en\/wp-json\/wp\/v2\/types\/product"}],"replies":[{"embeddable":true,"href":"https:\/\/packdesites.com\/en\/wp-json\/wp\/v2\/comments?post=559"}],"version-history":[{"count":0,"href":"https:\/\/packdesites.com\/en\/wp-json\/wp\/v2\/product\/559\/revisions"}],"wp:featuredmedia":[{"embeddable":true,"href":"https:\/\/packdesites.com\/en\/wp-json\/wp\/v2\/media\/560"}],"wp:attachment":[{"href":"https:\/\/packdesites.com\/en\/wp-json\/wp\/v2\/media?parent=559"}],"wp:term":[{"taxonomy":"product_brand","embeddable":true,"href":"https:\/\/packdesites.com\/en\/wp-json\/wp\/v2\/product_brand?post=559"},{"taxonomy":"product_cat","embeddable":true,"href":"https:\/\/packdesites.com\/en\/wp-json\/wp\/v2\/product_cat?post=559"},{"taxonomy":"product_tag","embeddable":true,"href":"https:\/\/packdesites.com\/en\/wp-json\/wp\/v2\/product_tag?post=559"}],"curies":[{"name":"wp","href":"https:\/\/api.w.org\/{rel}","templated":true}]}}