{"id":557,"date":"2022-07-18T03:00:00","date_gmt":"2022-07-18T03:00:00","guid":{"rendered":"https:\/\/packdesites.com\/produto\/kunikaa-convite-de-casamento\/"},"modified":"2025-04-03T00:28:48","modified_gmt":"2025-04-03T00:28:48","slug":"kunikaa-wedding-invitation","status":"publish","type":"product","link":"https:\/\/packdesites.com\/en\/product\/kunikaa-wedding-invitation\/","title":{"rendered":"Kunikaa \u2013 Wedding Invitation"},"content":{"rendered":"<p><strong>Kunikaa \u2013 Wedding Invitation Elementor Template Kit<\/strong><\/p>\n\n\n\n<p>Create your beautiful wedding events and save your precious time with the best elementor template kit.&nbsp;<strong>Kunikaa is a<\/strong>&nbsp;elegant, clean and simple wedding invitation template with fully responsive design and easy to customize. This template contains&nbsp;<strong>10 pages<\/strong>&nbsp;Layout for your wedding website and ready-to-use pages feature couple profile, events, invitation, contact form, RSVP form, beautiful gallery, and countdown clock timer.<\/p>\n\n\n\n<p><strong>Features<\/strong><\/p>\n\n\n\n<ul class=\"wp-block-list\"><li>Sleek and clean design<\/li><li>10 Pages Ready to Use Templates<\/li><li>Easy to customize<\/li><li>Fully Responsive<\/li><\/ul>\n\n\n\n<p><strong>Page template included<\/strong><\/p>\n\n\n\n<ol class=\"wp-block-list\"><li>Home version 1<\/li><li>Home version 2<\/li><li>Home version 3<\/li><li>Our story version 1<\/li><li>Our story version 2<\/li><li>Bridesmaids and groomsmen<\/li><li>Gallery<\/li><li>Events<\/li><li>Contact<\/li><li>RSVP<\/li><\/ol>\n\n\n\n<p><strong>Elementor Pro Theme Builder<\/strong><\/p>\n\n\n\n<ol class=\"wp-block-list\"><li>Header<\/li><li>Baseboard<\/li><\/ol>\n\n\n\n<p><strong>Plugin required<\/strong><\/p>\n\n\n\n<ul class=\"wp-block-list\"><li>Elementor<\/li><li>Elementor<\/li><\/ul>","protected":false},"excerpt":{"rendered":"<p>Kunikaa &#8211; Convite de casamento Elementor Template Kit Crie seus belos eventos de casamento e economize seu precioso tempo com o melhor template kit elementor.&nbsp;Kunikaa \u00e9 um&nbsp;modelo de convite de casamento elegante, limpo e simples com design totalmente sens\u00edvel e f\u00e1cil de personalizar. Este modelo cont\u00e9m&nbsp;10 p\u00e1ginas&nbsp;layout para o seu site do casamento e p\u00e1ginas [&hellip;]<\/p>","protected":false},"featured_media":558,"comment_status":"closed","ping_status":"open","template":"","meta":{"_jf_limit_responses":"","iawp_total_views":22},"product_brand":[],"product_cat":[34,23,24],"product_tag":[19],"class_list":{"0":"post-557","1":"product","2":"type-product","3":"status-publish","4":"has-post-thumbnail","6":"product_cat-casamento","7":"product_cat-templates-elementor-e-envato","8":"product_cat-templates-envato","9":"product_tag-vitalicio","11":"first","12":"instock","13":"downloadable","14":"virtual","15":"purchasable","16":"product-type-simple"},"_links":{"self":[{"href":"https:\/\/packdesites.com\/en\/wp-json\/wp\/v2\/product\/557","targetHints":{"allow":["GET"]}}],"collection":[{"href":"https:\/\/packdesites.com\/en\/wp-json\/wp\/v2\/product"}],"about":[{"href":"https:\/\/packdesites.com\/en\/wp-json\/wp\/v2\/types\/product"}],"replies":[{"embeddable":true,"href":"https:\/\/packdesites.com\/en\/wp-json\/wp\/v2\/comments?post=557"}],"version-history":[{"count":0,"href":"https:\/\/packdesites.com\/en\/wp-json\/wp\/v2\/product\/557\/revisions"}],"wp:featuredmedia":[{"embeddable":true,"href":"https:\/\/packdesites.com\/en\/wp-json\/wp\/v2\/media\/558"}],"wp:attachment":[{"href":"https:\/\/packdesites.com\/en\/wp-json\/wp\/v2\/media?parent=557"}],"wp:term":[{"taxonomy":"product_brand","embeddable":true,"href":"https:\/\/packdesites.com\/en\/wp-json\/wp\/v2\/product_brand?post=557"},{"taxonomy":"product_cat","embeddable":true,"href":"https:\/\/packdesites.com\/en\/wp-json\/wp\/v2\/product_cat?post=557"},{"taxonomy":"product_tag","embeddable":true,"href":"https:\/\/packdesites.com\/en\/wp-json\/wp\/v2\/product_tag?post=557"}],"curies":[{"name":"wp","href":"https:\/\/api.w.org\/{rel}","templated":true}]}}