{"id":553,"date":"2022-07-18T03:00:00","date_gmt":"2022-07-18T03:00:00","guid":{"rendered":"https:\/\/packdesites.com\/produto\/casais-planejador-de-casamento\/"},"modified":"2025-04-03T00:28:43","modified_gmt":"2025-04-03T00:28:43","slug":"couples-wedding-planner","status":"publish","type":"product","link":"https:\/\/packdesites.com\/en\/product\/couples-wedding-planner\/","title":{"rendered":"Couples \u2013 Wedding Planner"},"content":{"rendered":"<p>Save your special wedding moments with the best elementor template kit.&nbsp;<strong>Couples<\/strong>&nbsp;is a perfect Elementor Template Kit with excellent attention to detail, flexibility, and performance. Start with any of these layouts or create visually with the highly customizable Elementor. This template contains 10+ layout pages with 30+ sections. You can be ready to use for wedding invitation, wedding agency, or wedding photography.<\/p>\n\n\n\n<p>All pages supported with free section widget and elementor pro. This template page includes responsive design.<\/p>\n\n\n\n<p>Here is the list of pages included in this template kit<\/p>\n\n\n\n<ul class=\"wp-block-list\"><li>Home Version 01<\/li><li>Home Version 02<\/li><li>Home Version 03<\/li><li>Home Version 04<\/li><li>Our story<\/li><li>Suppliers<\/li><li>Our plans<\/li><li>RSVP<\/li><li>Contact 01<\/li><li>Contact 02<\/li><li>Coming soon page<\/li><li>Pop-up layout<\/li><\/ul>","protected":false},"excerpt":{"rendered":"<p>Salve os momentos especiais do casamento com o melhor template kit elementor.&nbsp;Couples&nbsp;\u00e9 um Template Kit Elementor perfeito com excelente aten\u00e7\u00e3o aos detalhes, flexibilidade e desempenho. Comece com qualquer um desses layouts ou crie visualmente com o altamente personaliz\u00e1vel com Elementor. Este modelo cont\u00e9m mais de 10 p\u00e1ginas de layout com mais de 30 se\u00e7\u00f5es. Voc\u00ea [&hellip;]<\/p>","protected":false},"featured_media":554,"comment_status":"closed","ping_status":"open","template":"","meta":{"_jf_limit_responses":"","iawp_total_views":24},"product_brand":[],"product_cat":[34,23,24],"product_tag":[19],"class_list":{"0":"post-553","1":"product","2":"type-product","3":"status-publish","4":"has-post-thumbnail","6":"product_cat-casamento","7":"product_cat-templates-elementor-e-envato","8":"product_cat-templates-envato","9":"product_tag-vitalicio","11":"first","12":"instock","13":"downloadable","14":"virtual","15":"purchasable","16":"product-type-simple"},"_links":{"self":[{"href":"https:\/\/packdesites.com\/en\/wp-json\/wp\/v2\/product\/553","targetHints":{"allow":["GET"]}}],"collection":[{"href":"https:\/\/packdesites.com\/en\/wp-json\/wp\/v2\/product"}],"about":[{"href":"https:\/\/packdesites.com\/en\/wp-json\/wp\/v2\/types\/product"}],"replies":[{"embeddable":true,"href":"https:\/\/packdesites.com\/en\/wp-json\/wp\/v2\/comments?post=553"}],"version-history":[{"count":0,"href":"https:\/\/packdesites.com\/en\/wp-json\/wp\/v2\/product\/553\/revisions"}],"wp:featuredmedia":[{"embeddable":true,"href":"https:\/\/packdesites.com\/en\/wp-json\/wp\/v2\/media\/554"}],"wp:attachment":[{"href":"https:\/\/packdesites.com\/en\/wp-json\/wp\/v2\/media?parent=553"}],"wp:term":[{"taxonomy":"product_brand","embeddable":true,"href":"https:\/\/packdesites.com\/en\/wp-json\/wp\/v2\/product_brand?post=553"},{"taxonomy":"product_cat","embeddable":true,"href":"https:\/\/packdesites.com\/en\/wp-json\/wp\/v2\/product_cat?post=553"},{"taxonomy":"product_tag","embeddable":true,"href":"https:\/\/packdesites.com\/en\/wp-json\/wp\/v2\/product_tag?post=553"}],"curies":[{"name":"wp","href":"https:\/\/api.w.org\/{rel}","templated":true}]}}