{"id":543,"date":"2022-07-18T03:00:00","date_gmt":"2022-07-18T03:00:00","guid":{"rendered":"https:\/\/packdesites.com\/produto\/skye-blog-de-noticias\/"},"modified":"2025-04-03T00:28:33","modified_gmt":"2025-04-03T00:28:33","slug":"skye-news-blog","status":"publish","type":"product","link":"https:\/\/packdesites.com\/en\/product\/skye-news-blog\/","title":{"rendered":"Skye \u2013 News Blog"},"content":{"rendered":"<p><strong>Skye<\/strong>\u00a0\u2013 Blog Elementor Template Kit that offers you the latest design trends with the perfectly balanced layout. With over 12 years of experience, we have created a design that can cover all your needs within the features of Elementor Kits. Skye is a perfect tool for beginners and for people who want to make their website beautiful and make it the easiest way. It includes all the pages and blocks you will need to create your website and grow your business.<\/p>\n\n\n\n<ul class=\"wp-block-list\"><li>6 Home Layouts<\/li><li>About me<\/li><li>Contact<\/li><li>Gallery<\/li><li>Page 404<\/li><li>Popup Newsletter<\/li><li>Header and Footer for Theme Builder<\/li><li>Post, Search &amp; Author Archive for Theme Builder<\/li><li>Single Post for Theme Builder<\/li><li>Publish Content Block to Elementor Posts<\/li><\/ul>\n\n\n\n<p>This kit requires the Elementor Pro upgrade for some templates and features.<\/p>\n\n\n\n<p><strong>Sources<\/strong><\/p>\n\n\n\n<ul class=\"wp-block-list\"><li>Montserrat<\/li><li>Spartan<\/li><\/ul>","protected":false},"excerpt":{"rendered":"<p>Skye\u00a0&#8211; Blog Elementor Template Kit que oferece a voc\u00ea as \u00faltimas tend\u00eancias de design com o layout perfeitamente equilibrado. Com mais de 12 anos de experi\u00eancia, criamos um design que pode cobrir todas as suas necessidades dentro dos recursos dos Kits Elementor. Skye \u00e9 uma ferramenta perfeita para iniciantes e para pessoas que querem tornar [&hellip;]<\/p>","protected":false},"featured_media":544,"comment_status":"closed","ping_status":"open","template":"","meta":{"_jf_limit_responses":"","iawp_total_views":13},"product_brand":[],"product_cat":[33,23,24],"product_tag":[19],"class_list":{"0":"post-543","1":"product","2":"type-product","3":"status-publish","4":"has-post-thumbnail","6":"product_cat-entretenimento-e-midia","7":"product_cat-templates-elementor-e-envato","8":"product_cat-templates-envato","9":"product_tag-vitalicio","11":"first","12":"instock","13":"downloadable","14":"virtual","15":"purchasable","16":"product-type-simple"},"_links":{"self":[{"href":"https:\/\/packdesites.com\/en\/wp-json\/wp\/v2\/product\/543","targetHints":{"allow":["GET"]}}],"collection":[{"href":"https:\/\/packdesites.com\/en\/wp-json\/wp\/v2\/product"}],"about":[{"href":"https:\/\/packdesites.com\/en\/wp-json\/wp\/v2\/types\/product"}],"replies":[{"embeddable":true,"href":"https:\/\/packdesites.com\/en\/wp-json\/wp\/v2\/comments?post=543"}],"version-history":[{"count":0,"href":"https:\/\/packdesites.com\/en\/wp-json\/wp\/v2\/product\/543\/revisions"}],"wp:featuredmedia":[{"embeddable":true,"href":"https:\/\/packdesites.com\/en\/wp-json\/wp\/v2\/media\/544"}],"wp:attachment":[{"href":"https:\/\/packdesites.com\/en\/wp-json\/wp\/v2\/media?parent=543"}],"wp:term":[{"taxonomy":"product_brand","embeddable":true,"href":"https:\/\/packdesites.com\/en\/wp-json\/wp\/v2\/product_brand?post=543"},{"taxonomy":"product_cat","embeddable":true,"href":"https:\/\/packdesites.com\/en\/wp-json\/wp\/v2\/product_cat?post=543"},{"taxonomy":"product_tag","embeddable":true,"href":"https:\/\/packdesites.com\/en\/wp-json\/wp\/v2\/product_tag?post=543"}],"curies":[{"name":"wp","href":"https:\/\/api.w.org\/{rel}","templated":true}]}}