{"id":535,"date":"2022-07-18T03:00:00","date_gmt":"2022-07-18T03:00:00","guid":{"rendered":"https:\/\/packdesites.com\/produto\/poppy-blogs-e-revistas\/"},"modified":"2025-04-03T00:28:24","modified_gmt":"2025-04-03T00:28:24","slug":"poppy-blogs-and-magazines","status":"publish","type":"product","link":"https:\/\/packdesites.com\/en\/product\/poppy-blogs-and-magazines\/","title":{"rendered":"Poppy \u2013 Blogs and Magazines"},"content":{"rendered":"<p>Poppy is an Elementor Blog\/Magazine Template Kit that perfectly suits any blogger&#039;s needs. Poppy&#039;s clean and balanced layout makes it a top choice for bloggers. The kit includes many templates that are easy to edit using the Elementor page builder for WordPress and is optimized for use with the free Hello Elementor theme, but can be used with most themes that support Elementor.<\/p>\n\n\n\n<p>A \u2013 Elementor Pro upgrade is required for post builder and theme features (not included).<\/p>\n\n\n\n<p><strong>The kit includes:<\/strong><\/p>\n\n\n\n<ul class=\"wp-block-list\"><li>Home 1 <\/li><li>Home 2<\/li><li>Home 3<\/li><li>Footer template<\/li><li>Contact Page Template<\/li><li>File Author Template<\/li><li>File Category Template<\/li><li>File Tag Template<\/li><li>File Search Template<\/li><li>404 Page Template<\/li><li>Off-canvas menu template<\/li><li>Single Page Template Post 1<\/li><li>Single Page Template Post 2<\/li><li>2 header styles<\/li><li>2 footer styles<\/li><\/ul>\n\n\n\n<p><strong>Sources<\/strong><\/p>\n\n\n\n<ul class=\"wp-block-list\"><li>Abra Sans<\/li><\/ul>","protected":false},"excerpt":{"rendered":"<p>Poppy \u00e9 o Template Kit Elementor de Blog\/Revista, que se encaixa perfeitamente para qualquer necessidade de blogueiro. O layout limpo e equilibrado do Poppy o torna a melhor escolha para blogueiros. O Kit inclui muitos modelos que s\u00e3o f\u00e1ceis de editar usando o construtor de p\u00e1ginas Elementor para WordPress e foi otimizado para uso com [&hellip;]<\/p>","protected":false},"featured_media":536,"comment_status":"closed","ping_status":"open","template":"","meta":{"_jf_limit_responses":"","iawp_total_views":4},"product_brand":[],"product_cat":[23,24],"product_tag":[19],"class_list":{"0":"post-535","1":"product","2":"type-product","3":"status-publish","4":"has-post-thumbnail","6":"product_cat-templates-elementor-e-envato","7":"product_cat-templates-envato","8":"product_tag-vitalicio","10":"first","11":"instock","12":"downloadable","13":"virtual","14":"purchasable","15":"product-type-simple"},"_links":{"self":[{"href":"https:\/\/packdesites.com\/en\/wp-json\/wp\/v2\/product\/535","targetHints":{"allow":["GET"]}}],"collection":[{"href":"https:\/\/packdesites.com\/en\/wp-json\/wp\/v2\/product"}],"about":[{"href":"https:\/\/packdesites.com\/en\/wp-json\/wp\/v2\/types\/product"}],"replies":[{"embeddable":true,"href":"https:\/\/packdesites.com\/en\/wp-json\/wp\/v2\/comments?post=535"}],"version-history":[{"count":0,"href":"https:\/\/packdesites.com\/en\/wp-json\/wp\/v2\/product\/535\/revisions"}],"wp:featuredmedia":[{"embeddable":true,"href":"https:\/\/packdesites.com\/en\/wp-json\/wp\/v2\/media\/536"}],"wp:attachment":[{"href":"https:\/\/packdesites.com\/en\/wp-json\/wp\/v2\/media?parent=535"}],"wp:term":[{"taxonomy":"product_brand","embeddable":true,"href":"https:\/\/packdesites.com\/en\/wp-json\/wp\/v2\/product_brand?post=535"},{"taxonomy":"product_cat","embeddable":true,"href":"https:\/\/packdesites.com\/en\/wp-json\/wp\/v2\/product_cat?post=535"},{"taxonomy":"product_tag","embeddable":true,"href":"https:\/\/packdesites.com\/en\/wp-json\/wp\/v2\/product_tag?post=535"}],"curies":[{"name":"wp","href":"https:\/\/api.w.org\/{rel}","templated":true}]}}