{"id":533,"date":"2022-07-18T03:00:00","date_gmt":"2022-07-18T03:00:00","guid":{"rendered":"https:\/\/packdesites.com\/produto\/poeta-e-caneta-blog-pessoal\/"},"modified":"2025-04-03T00:28:22","modified_gmt":"2025-04-03T00:28:22","slug":"poet-and-pen-personal-blog","status":"publish","type":"product","link":"https:\/\/packdesites.com\/en\/product\/poet-and-pen-personal-blog\/","title":{"rendered":"Poet and Pen \u2013 Personal Blog"},"content":{"rendered":"<p>Poet &amp; Pen is a&nbsp;<strong>clean and minimalist WordPress blog template kit<\/strong>&nbsp;Based on the Elementor Pro page builder, this template kit is suitable for bloggers, writers, and creatives, and is a perfect fit for lifestyle bloggers and magazines. It has so many unique features that will make your blog or magazine stand out from the crowd. Let your visitors enjoy the clean, contemporary design of your new website, developed by Poet &amp; Pen.<\/p>\n\n\n\n<p>Poet &amp; Pen boasts a variety of interchangeable layouts, extensive color and font options, a variety of stunning highlight area designs, and more. Whether you&#039;re looking for travel, lifestyle, food, or fashion, Poet &amp; Pen&#039;s flexibility makes it the ideal companion, no matter your passion. From bright to atmospheric, from minimal to dramatic, Poet &amp; Pen does it all.<\/p>\n\n\n\n<p><strong>This kit requires the Elementor Pro upgrade for some templates and features (not included)<\/strong><\/p>\n\n\n\n<p><strong>MODEL FEATURES<\/strong><\/p>\n\n\n\n<ul class=\"wp-block-list\"><li>18 page templates<\/li><li>25 block models<\/li><li>4 home page layouts<\/li><li>2 single post layouts.<\/li><li>Super clean design<\/li><li>Highly customizable<\/li><li>Multiple ways to showcase your content<\/li><li>Great social engagement<\/li><li>Ultra-responsive<\/li><li>Global styles included<\/li><li>Full customization of colors and typography<\/li><li>SEO-friendly design.<\/li><li>Unlimited colors<\/li><li>900+ Google Fonts<\/li><li>No coding knowledge required.<\/li><li>The quick and easy model import feature<\/li><li>Easily accessible form builder<\/li><li>Header and Footer Builder<\/li><li>Free lifetime updates<\/li><\/ul>\n\n\n\n<p><strong>PAGE TEMPLATES INCLUDED<\/strong><\/p>\n\n\n\n<ul class=\"wp-block-list\"><li>Home Page 1<\/li><li>Home Page 2<\/li><li>Home Page 3<\/li><li>Home Page 4<\/li><li>Category Archive<\/li><li>Single Post Layout 1<\/li><li>Single Post Layout 2<\/li><li>Default blog archive<\/li><li>Author&#039;s Post Archive<\/li><li>Another file<\/li><li>On<\/li><li>Gallery<\/li><li>Services<\/li><li>Search results<\/li><li>Testimonials<\/li><li>Prices<\/li><li>Contact<\/li><li>404 error page<\/li><li><strong>+25 block models<\/strong><\/li><\/ul>","protected":false},"excerpt":{"rendered":"<p>Poet &amp; Pen \u00e9 um&nbsp;template kit de blog WordPress limpo e minimalista&nbsp;baseado no construtor de p\u00e1ginas Elementor Pro. Este template kit \u00e9 adequado para blogueiros, escritores e criativos para se adequar perfeitamente a blogueiros e revistas de estilo de vida. Ele tem tantos recursos exclusivos que far\u00e3o seu blog ou revista se destacar entre outros. [&hellip;]<\/p>","protected":false},"featured_media":534,"comment_status":"closed","ping_status":"open","template":"","meta":{"_jf_limit_responses":"","iawp_total_views":4},"product_brand":[],"product_cat":[23,24],"product_tag":[19],"class_list":{"0":"post-533","1":"product","2":"type-product","3":"status-publish","4":"has-post-thumbnail","6":"product_cat-templates-elementor-e-envato","7":"product_cat-templates-envato","8":"product_tag-vitalicio","10":"first","11":"instock","12":"downloadable","13":"virtual","14":"purchasable","15":"product-type-simple"},"_links":{"self":[{"href":"https:\/\/packdesites.com\/en\/wp-json\/wp\/v2\/product\/533","targetHints":{"allow":["GET"]}}],"collection":[{"href":"https:\/\/packdesites.com\/en\/wp-json\/wp\/v2\/product"}],"about":[{"href":"https:\/\/packdesites.com\/en\/wp-json\/wp\/v2\/types\/product"}],"replies":[{"embeddable":true,"href":"https:\/\/packdesites.com\/en\/wp-json\/wp\/v2\/comments?post=533"}],"version-history":[{"count":0,"href":"https:\/\/packdesites.com\/en\/wp-json\/wp\/v2\/product\/533\/revisions"}],"wp:featuredmedia":[{"embeddable":true,"href":"https:\/\/packdesites.com\/en\/wp-json\/wp\/v2\/media\/534"}],"wp:attachment":[{"href":"https:\/\/packdesites.com\/en\/wp-json\/wp\/v2\/media?parent=533"}],"wp:term":[{"taxonomy":"product_brand","embeddable":true,"href":"https:\/\/packdesites.com\/en\/wp-json\/wp\/v2\/product_brand?post=533"},{"taxonomy":"product_cat","embeddable":true,"href":"https:\/\/packdesites.com\/en\/wp-json\/wp\/v2\/product_cat?post=533"},{"taxonomy":"product_tag","embeddable":true,"href":"https:\/\/packdesites.com\/en\/wp-json\/wp\/v2\/product_tag?post=533"}],"curies":[{"name":"wp","href":"https:\/\/api.w.org\/{rel}","templated":true}]}}